{"id":771,"date":"2022-03-07T11:21:04","date_gmt":"2022-03-07T09:21:04","guid":{"rendered":"https:\/\/samediggi.fi\/saamelaismatkailu\/?page_id=771"},"modified":"2022-04-25T15:35:48","modified_gmt":"2022-04-25T12:35:48","slug":"kokonaisvaltainen-kestavyys","status":"publish","type":"page","link":"https:\/\/matkailu.samediggi.fi\/sms\/kokonaisvaltainen-kestavyys\/","title":{"rendered":"Kokonais&shy;valtainen kest\u00e4vyys"},"content":{"rendered":"<div class=\"wpb-content-wrapper\"><p>[vc_row unlock_row_content=&#8221;yes&#8221; row_height_percent=&#8221;0&#8243; override_padding=&#8221;yes&#8221; h_padding=&#8221;3&#8243; top_padding=&#8221;3&#8243; bottom_padding=&#8221;3&#8243; back_color=&#8221;color-420331&#8243; overlay_alpha=&#8221;50&#8243; equal_height=&#8221;yes&#8221; gutter_size=&#8221;3&#8243; column_width_percent=&#8221;100&#8243; shift_y=&#8221;0&#8243; z_index=&#8221;0&#8243; enable_bottom_divider=&#8221;default&#8221; bottom_divider_inv=&#8221;pyramids&#8221; shape_bottom_invert=&#8221;yes&#8221; shape_bottom_h_use_pixel=&#8221;&#8221; shape_bottom_height=&#8221;50&#8243; shape_bottom_color=&#8221;color-xsdn&#8221; shape_bottom_opacity=&#8221;100&#8243; shape_bottom_safe=&#8221;yes&#8221; shape_bottom_index=&#8221;0&#8243; shape_bottom_responsive=&#8221;yes&#8221; uncode_shortcode_id=&#8221;362292&#8243; back_color_type=&#8221;uncode-palette&#8221; shape_bottom_color_type=&#8221;uncode-palette&#8221; row_name=&#8221;Alkuun&#8221; shape_dividers=&#8221;&#8221;][vc_column column_width_percent=&#8221;100&#8243; gutter_size=&#8221;3&#8243; overlay_alpha=&#8221;50&#8243; shift_x=&#8221;0&#8243; shift_y=&#8221;0&#8243; shift_y_down=&#8221;0&#8243; z_index=&#8221;0&#8243; medium_width=&#8221;0&#8243; mobile_width=&#8221;0&#8243; width=&#8221;1\/2&#8243; uncode_shortcode_id=&#8221;492542&#8243;][vc_single_image media=&#8221;955&#8243; caption=&#8221;yes&#8221; media_width_percent=&#8221;100&#8243; uncode_shortcode_id=&#8221;200233&#8243;][\/vc_column][vc_column column_width_percent=&#8221;100&#8243; position_horizontal=&#8221;left&#8221; gutter_size=&#8221;3&#8243; overlay_alpha=&#8221;50&#8243; shift_x=&#8221;0&#8243; shift_y=&#8221;0&#8243; shift_y_down=&#8221;0&#8243; z_index=&#8221;0&#8243; medium_width=&#8221;0&#8243; mobile_width=&#8221;0&#8243; width=&#8221;1\/2&#8243; uncode_shortcode_id=&#8221;621580&#8243;][vc_custom_heading auto_text=&#8221;yes&#8221; heading_semantic=&#8221;h1&#8243; uncode_shortcode_id=&#8221;116186&#8243; el_class=&#8221;headingBlock&#8221;]<\/p>\n<h1>Dynamic Header<\/h1>\n<p>[\/vc_custom_heading][vc_column_text auto_text=&#8221;excerpt&#8221; uncode_shortcode_id=&#8221;531174&#8243;]Dynamic Excerption[\/vc_column_text][uncode_share layout=&#8221;multiple&#8221; bigger=&#8221;yes&#8221; no_back=&#8221;yes&#8221; title=&#8221;Jaa somessa&#8221;][\/vc_column][\/vc_row][vc_row row_height_percent=&#8221;0&#8243; override_padding=&#8221;yes&#8221; h_padding=&#8221;3&#8243; top_padding=&#8221;3&#8243; bottom_padding=&#8221;3&#8243; back_color=&#8221;color-xsdn&#8221; overlay_alpha=&#8221;50&#8243; gutter_size=&#8221;3&#8243; column_width_percent=&#8221;100&#8243; shift_y=&#8221;0&#8243; z_index=&#8221;0&#8243; uncode_shortcode_id=&#8221;110751&#8243; row_name=&#8221;Kest\u00e4v\u00e4 matkailu&#8221; back_color_type=&#8221;uncode-palette&#8221;][vc_column column_width_percent=&#8221;100&#8243; gutter_size=&#8221;0&#8243; override_padding=&#8221;yes&#8221; column_padding=&#8221;0&#8243; back_image=&#8221;845&#8243; back_position=&#8221;left center&#8221; overlay_alpha=&#8221;50&#8243; shift_x=&#8221;0&#8243; shift_y=&#8221;0&#8243; shift_y_down=&#8221;0&#8243; z_index=&#8221;0&#8243; medium_width=&#8221;0&#8243; mobile_width=&#8221;0&#8243; css_animation=&#8221;alpha-anim&#8221; width=&#8221;1\/2&#8243; uncode_shortcode_id=&#8221;792764&#8243; back_size=&#8221;contain&#8221; el_class=&#8221;loopA&#8221;][vc_single_image media=&#8221;183&#8243; media_width_percent=&#8221;100&#8243; uncode_shortcode_id=&#8221;168263&#8243; el_class=&#8221;hiddenImg&#8221;][\/vc_column][vc_column width=&#8221;1\/2&#8243;][vc_column_text uncode_shortcode_id=&#8221;121974&#8243;]<\/p>\n<h2>Eettisesti kest\u00e4v\u00e4 saamelaismatkailu<\/h2>\n<p>Kuvittele, ett\u00e4 poronvasan jokainen koipi edustaa yht\u00e4 kest\u00e4v\u00e4n kehityksen ja kantokyvyn elementti\u00e4.<\/p>\n<p><strong>Vasen etukoipi<\/strong> on vertauskuvallisesti vasan asuttaman el\u00e4v\u00e4n kulttuurimaiseman <strong>sosiaalinen ulottuvuus<\/strong>, joka toteutuessaan turvaa paikallisyhteis\u00f6n hyvinvoinnin fyysisesti ja henkisesti. <strong>Oikea etukoipi<\/strong> kuvaa <strong>kulttuurista ulottuvuutta<\/strong> ja sen virtaa eilisest\u00e4 t\u00e4m\u00e4n p\u00e4iv\u00e4n kautta huomiseen.<strong> Vasen takakoipi<\/strong> edustaa <strong>ekologista ulottuvuutta<\/strong> elint\u00e4rke\u00e4n luonnon monimuotoisuuden s\u00e4ilymisen muodossa ja<strong> oikea takakoipi<\/strong> <strong>taloudellista ulottuvuutta<\/strong>, jotta paikallisyhteis\u00f6t s\u00e4ilyv\u00e4t elinvoimaisina.<\/p>\n<p>Jotta vasalla olisi arktisessa, el\u00e4v\u00e4ss\u00e4 kulttuurimaisemassaan menneisyyden lis\u00e4ksi turvattuna t\u00e4m\u00e4 p\u00e4iv\u00e4 ja my\u00f6s tulevaisuus, tulee kaikki sen koivet s\u00e4ily\u00e4 vahingoittumattomina.[\/vc_column_text][\/vc_column][\/vc_row][vc_row row_height_percent=&#8221;0&#8243; override_padding=&#8221;yes&#8221; h_padding=&#8221;3&#8243; top_padding=&#8221;3&#8243; bottom_padding=&#8221;3&#8243; back_color=&#8221;color-lxmt&#8221; overlay_alpha=&#8221;50&#8243; gutter_size=&#8221;3&#8243; column_width_percent=&#8221;100&#8243; shift_y=&#8221;0&#8243; z_index=&#8221;0&#8243; enable_top_divider=&#8221;default&#8221; top_divider=&#8221;pyramids&#8221; shape_top_h_use_pixel=&#8221;&#8221; shape_top_height=&#8221;30&#8243; shape_top_color=&#8221;color-xsdn&#8221; shape_top_opacity=&#8221;100&#8243; shape_top_safe=&#8221;yes&#8221; shape_top_index=&#8221;0&#8243; uncode_shortcode_id=&#8221;108017&#8243; row_name=&#8221;Kest\u00e4m\u00e4t\u00f6n matkailu&#8221; back_color_type=&#8221;uncode-palette&#8221; shape_top_color_type=&#8221;uncode-palette&#8221;][vc_column column_width_percent=&#8221;100&#8243; gutter_size=&#8221;0&#8243; overlay_alpha=&#8221;50&#8243; shift_x=&#8221;0&#8243; shift_y=&#8221;0&#8243; shift_y_down=&#8221;0&#8243; z_index=&#8221;0&#8243; medium_width=&#8221;0&#8243; mobile_width=&#8221;0&#8243; width=&#8221;1\/2&#8243; uncode_shortcode_id=&#8221;969410&#8243;][vc_column_text uncode_shortcode_id=&#8221;190545&#8243;]<\/p>\n<h2>Eettisesti kest\u00e4m\u00e4t\u00f6n matkailu<\/h2>\n<p>Saamelaiskulttuurin matkailullinen hy\u00f6dynt\u00e4minen ja saamelaisten kotiseutualueelle suuntautuva matkailu ei ole kest\u00e4v\u00e4ll\u00e4 pohjalla, jos yksikin kest\u00e4v\u00e4n kehityksen tai kantokyvyn elementeist\u00e4 j\u00e4\u00e4 toteutumatta.<\/p>\n<p><strong>Jos poronvasan koivista yksikin puuttuu tai on vammautunut, vaarantaa se vasan luonnossa selvi\u00e4misen mahdollisuuden t\u00e4n\u00e4 p\u00e4iv\u00e4n\u00e4 ja tulevaisuudessa.<\/strong><\/p>\n<p>Sinulla on mahdollisuus vaikuttaa! Valitse vastuullisesti ja eettisesti kest\u00e4v\u00e4sti toimivia saamelaisia matkailupalveluita ja \u2013tuotteita. Kohtele el\u00e4v\u00e4\u00e4 kulttuurimaisemaa ja sen kaikkia asukkaita kunnioittaen, huomioiden ja j\u00e4lki\u00e4 j\u00e4tt\u00e4m\u00e4tt\u00e4.[\/vc_column_text][\/vc_column][vc_column column_width_percent=&#8221;100&#8243; gutter_size=&#8221;3&#8243; override_padding=&#8221;yes&#8221; column_padding=&#8221;0&#8243; back_image=&#8221;843&#8243; overlay_alpha=&#8221;50&#8243; shift_x=&#8221;0&#8243; shift_y=&#8221;0&#8243; shift_y_down=&#8221;0&#8243; z_index=&#8221;0&#8243; medium_width=&#8221;0&#8243; mobile_width=&#8221;0&#8243; css_animation=&#8221;alpha-anim&#8221; width=&#8221;1\/2&#8243; uncode_shortcode_id=&#8221;154830&#8243; back_size=&#8221;contain&#8221; el_class=&#8221;loopB&#8221;][vc_single_image media=&#8221;182&#8243; media_width_percent=&#8221;100&#8243; uncode_shortcode_id=&#8221;109276&#8243; el_class=&#8221;hiddenImg&#8221;][\/vc_column][\/vc_row]<\/p>\n<\/div>","protected":false},"excerpt":{"rendered":"<p>Kuvittele, ett\u00e4 poronvasan jokainen koipi edustaa yht\u00e4 kest\u00e4v\u00e4n kehityksen ja kantokyvyn elementti\u00e4.<\/p>\n<p>Jotta vasalla olisi arktisessa, el\u00e4v\u00e4ss\u00e4 kulttuurimaisemassaan menneisyyden lis\u00e4ksi turvattuna t\u00e4m\u00e4 p\u00e4iv\u00e4 ja my\u00f6s tulevaisuus, tulee kaikki sen koivet s\u00e4ily\u00e4 vahingoittumattomina.<\/p>\n<p>Mik\u00e4li tekstitykset eiv\u00e4t n\u00e4y, voit kytke\u00e4 ne p\u00e4\u00e4lle soittimesta.<\/p>\n","protected":false},"author":8,"featured_media":194,"parent":0,"menu_order":0,"comment_status":"closed","ping_status":"open","template":"","meta":{"footnotes":""},"class_list":["post-771","page","type-page","status-publish","has-post-thumbnail","hentry"],"yoast_head":"<!-- This site is optimized with the Yoast SEO plugin v26.6 - https:\/\/yoast.com\/wordpress\/plugins\/seo\/ -->\n<title>Kokonais&shy;valtainen kest\u00e4vyys - Saamelaismatkailu<\/title>\n<meta name=\"robots\" content=\"index, follow, max-snippet:-1, max-image-preview:large, max-video-preview:-1\" \/>\n<link rel=\"canonical\" href=\"https:\/\/matkailu.samediggi.fi\/sms\/kokonaisvaltainen-kestavyys\/\" \/>\n<meta property=\"og:locale\" content=\"en_US\" \/>\n<meta property=\"og:type\" content=\"article\" \/>\n<meta property=\"og:title\" content=\"Kokonais&shy;valtainen kest\u00e4vyys - Saamelaismatkailu\" \/>\n<meta property=\"og:description\" content=\"Kuvittele, ett\u00e4 poronvasan jokainen koipi edustaa yht\u00e4 kest\u00e4v\u00e4n kehityksen ja kantokyvyn elementti\u00e4.  Jotta vasalla olisi arktisessa, el\u00e4v\u00e4ss\u00e4 kulttuurimaisemassaan menneisyyden lis\u00e4ksi turvattuna t\u00e4m\u00e4 p\u00e4iv\u00e4 ja my\u00f6s tulevaisuus, tulee kaikki sen koivet s\u00e4ily\u00e4 vahingoittumattomina.  Mik\u00e4li tekstitykset eiv\u00e4t n\u00e4y, voit kytke\u00e4 ne p\u00e4\u00e4lle soittimesta.\" \/>\n<meta property=\"og:url\" content=\"https:\/\/matkailu.samediggi.fi\/sms\/kokonaisvaltainen-kestavyys\/\" \/>\n<meta property=\"og:site_name\" content=\"Saamelaismatkailu\" \/>\n<meta property=\"article:modified_time\" content=\"2022-04-25T12:35:48+00:00\" \/>\n<meta property=\"og:image\" content=\"https:\/\/matkailu.samediggi.fi\/wp-content\/uploads\/2022\/02\/tulevaisuus_hyva.jpg\" \/>\n\t<meta property=\"og:image:width\" content=\"1448\" \/>\n\t<meta property=\"og:image:height\" content=\"1024\" \/>\n\t<meta property=\"og:image:type\" content=\"image\/jpeg\" \/>\n<meta name=\"twitter:card\" content=\"summary_large_image\" \/>\n<meta name=\"twitter:label1\" content=\"Est. reading time\" \/>\n\t<meta name=\"twitter:data1\" content=\"3 minutes\" \/>\n<script type=\"application\/ld+json\" class=\"yoast-schema-graph\">{\"@context\":\"https:\/\/schema.org\",\"@graph\":[{\"@type\":\"WebPage\",\"@id\":\"https:\/\/matkailu.samediggi.fi\/sms\/kokonaisvaltainen-kestavyys\/\",\"url\":\"https:\/\/matkailu.samediggi.fi\/sms\/kokonaisvaltainen-kestavyys\/\",\"name\":\"Kokonais&shy;valtainen kest\u00e4vyys - Saamelaismatkailu\",\"isPartOf\":{\"@id\":\"https:\/\/matkailu.samediggi.fi\/sms\/#website\"},\"primaryImageOfPage\":{\"@id\":\"https:\/\/matkailu.samediggi.fi\/sms\/kokonaisvaltainen-kestavyys\/#primaryimage\"},\"image\":{\"@id\":\"https:\/\/matkailu.samediggi.fi\/sms\/kokonaisvaltainen-kestavyys\/#primaryimage\"},\"thumbnailUrl\":\"https:\/\/matkailu.samediggi.fi\/wp-content\/uploads\/2022\/02\/tulevaisuus_hyva.jpg\",\"datePublished\":\"2022-03-07T09:21:04+00:00\",\"dateModified\":\"2022-04-25T12:35:48+00:00\",\"breadcrumb\":{\"@id\":\"https:\/\/matkailu.samediggi.fi\/sms\/kokonaisvaltainen-kestavyys\/#breadcrumb\"},\"inLanguage\":\"sms-FI\",\"potentialAction\":[{\"@type\":\"ReadAction\",\"target\":[\"https:\/\/matkailu.samediggi.fi\/sms\/kokonaisvaltainen-kestavyys\/\"]}]},{\"@type\":\"ImageObject\",\"inLanguage\":\"sms-FI\",\"@id\":\"https:\/\/matkailu.samediggi.fi\/sms\/kokonaisvaltainen-kestavyys\/#primaryimage\",\"url\":\"https:\/\/matkailu.samediggi.fi\/wp-content\/uploads\/2022\/02\/tulevaisuus_hyva.jpg\",\"contentUrl\":\"https:\/\/matkailu.samediggi.fi\/wp-content\/uploads\/2022\/02\/tulevaisuus_hyva.jpg\",\"width\":1448,\"height\":1024,\"caption\":\"Kaart\u02bct\u00f5s: Sunna Kitti\"},{\"@type\":\"BreadcrumbList\",\"@id\":\"https:\/\/matkailu.samediggi.fi\/sms\/kokonaisvaltainen-kestavyys\/#breadcrumb\",\"itemListElement\":[{\"@type\":\"ListItem\",\"position\":1,\"name\":\"Home\",\"item\":\"https:\/\/matkailu.samediggi.fi\/sms\/\"},{\"@type\":\"ListItem\",\"position\":2,\"name\":\"Kokonais&shy;valtainen kest\u00e4vyys\"}]},{\"@type\":\"WebSite\",\"@id\":\"https:\/\/matkailu.samediggi.fi\/sms\/#website\",\"url\":\"https:\/\/matkailu.samediggi.fi\/sms\/\",\"name\":\"Saamelaismatkailu\",\"description\":\"\",\"publisher\":{\"@id\":\"https:\/\/matkailu.samediggi.fi\/sms\/#organization\"},\"potentialAction\":[{\"@type\":\"SearchAction\",\"target\":{\"@type\":\"EntryPoint\",\"urlTemplate\":\"https:\/\/matkailu.samediggi.fi\/sms\/?s={search_term_string}\"},\"query-input\":{\"@type\":\"PropertyValueSpecification\",\"valueRequired\":true,\"valueName\":\"search_term_string\"}}],\"inLanguage\":\"sms-FI\"},{\"@type\":\"Organization\",\"@id\":\"https:\/\/matkailu.samediggi.fi\/sms\/#organization\",\"name\":\"Saamelaisk\u00e4r\u00e4j\u00e4t\",\"url\":\"https:\/\/matkailu.samediggi.fi\/sms\/\",\"logo\":{\"@type\":\"ImageObject\",\"inLanguage\":\"sms-FI\",\"@id\":\"https:\/\/matkailu.samediggi.fi\/sms\/#\/schema\/logo\/image\/\",\"url\":\"https:\/\/matkailu.samediggi.fi\/wp-content\/uploads\/2022\/02\/Samediggilogo_TxtAktiv-1.png\",\"contentUrl\":\"https:\/\/matkailu.samediggi.fi\/wp-content\/uploads\/2022\/02\/Samediggilogo_TxtAktiv-1.png\",\"width\":2490,\"height\":1044,\"caption\":\"Saamelaisk\u00e4r\u00e4j\u00e4t\"},\"image\":{\"@id\":\"https:\/\/matkailu.samediggi.fi\/sms\/#\/schema\/logo\/image\/\"}}]}<\/script>\n<!-- \/ Yoast SEO plugin. -->","yoast_head_json":{"title":"Kokonais&shy;valtainen kest\u00e4vyys - Saamelaismatkailu","robots":{"index":"index","follow":"follow","max-snippet":"max-snippet:-1","max-image-preview":"max-image-preview:large","max-video-preview":"max-video-preview:-1"},"canonical":"https:\/\/matkailu.samediggi.fi\/sms\/kokonaisvaltainen-kestavyys\/","og_locale":"en_US","og_type":"article","og_title":"Kokonais&shy;valtainen kest\u00e4vyys - Saamelaismatkailu","og_description":"Kuvittele, ett\u00e4 poronvasan jokainen koipi edustaa yht\u00e4 kest\u00e4v\u00e4n kehityksen ja kantokyvyn elementti\u00e4.  Jotta vasalla olisi arktisessa, el\u00e4v\u00e4ss\u00e4 kulttuurimaisemassaan menneisyyden lis\u00e4ksi turvattuna t\u00e4m\u00e4 p\u00e4iv\u00e4 ja my\u00f6s tulevaisuus, tulee kaikki sen koivet s\u00e4ily\u00e4 vahingoittumattomina.  Mik\u00e4li tekstitykset eiv\u00e4t n\u00e4y, voit kytke\u00e4 ne p\u00e4\u00e4lle soittimesta.","og_url":"https:\/\/matkailu.samediggi.fi\/sms\/kokonaisvaltainen-kestavyys\/","og_site_name":"Saamelaismatkailu","article_modified_time":"2022-04-25T12:35:48+00:00","og_image":[{"width":1448,"height":1024,"url":"https:\/\/matkailu.samediggi.fi\/wp-content\/uploads\/2022\/02\/tulevaisuus_hyva.jpg","type":"image\/jpeg"}],"twitter_card":"summary_large_image","twitter_misc":{"Est. reading time":"3 minutes"},"schema":{"@context":"https:\/\/schema.org","@graph":[{"@type":"WebPage","@id":"https:\/\/matkailu.samediggi.fi\/sms\/kokonaisvaltainen-kestavyys\/","url":"https:\/\/matkailu.samediggi.fi\/sms\/kokonaisvaltainen-kestavyys\/","name":"Kokonais&shy;valtainen kest\u00e4vyys - Saamelaismatkailu","isPartOf":{"@id":"https:\/\/matkailu.samediggi.fi\/sms\/#website"},"primaryImageOfPage":{"@id":"https:\/\/matkailu.samediggi.fi\/sms\/kokonaisvaltainen-kestavyys\/#primaryimage"},"image":{"@id":"https:\/\/matkailu.samediggi.fi\/sms\/kokonaisvaltainen-kestavyys\/#primaryimage"},"thumbnailUrl":"https:\/\/matkailu.samediggi.fi\/wp-content\/uploads\/2022\/02\/tulevaisuus_hyva.jpg","datePublished":"2022-03-07T09:21:04+00:00","dateModified":"2022-04-25T12:35:48+00:00","breadcrumb":{"@id":"https:\/\/matkailu.samediggi.fi\/sms\/kokonaisvaltainen-kestavyys\/#breadcrumb"},"inLanguage":"sms-FI","potentialAction":[{"@type":"ReadAction","target":["https:\/\/matkailu.samediggi.fi\/sms\/kokonaisvaltainen-kestavyys\/"]}]},{"@type":"ImageObject","inLanguage":"sms-FI","@id":"https:\/\/matkailu.samediggi.fi\/sms\/kokonaisvaltainen-kestavyys\/#primaryimage","url":"https:\/\/matkailu.samediggi.fi\/wp-content\/uploads\/2022\/02\/tulevaisuus_hyva.jpg","contentUrl":"https:\/\/matkailu.samediggi.fi\/wp-content\/uploads\/2022\/02\/tulevaisuus_hyva.jpg","width":1448,"height":1024,"caption":"Kaart\u02bct\u00f5s: Sunna Kitti"},{"@type":"BreadcrumbList","@id":"https:\/\/matkailu.samediggi.fi\/sms\/kokonaisvaltainen-kestavyys\/#breadcrumb","itemListElement":[{"@type":"ListItem","position":1,"name":"Home","item":"https:\/\/matkailu.samediggi.fi\/sms\/"},{"@type":"ListItem","position":2,"name":"Kokonais&shy;valtainen kest\u00e4vyys"}]},{"@type":"WebSite","@id":"https:\/\/matkailu.samediggi.fi\/sms\/#website","url":"https:\/\/matkailu.samediggi.fi\/sms\/","name":"Saamelaismatkailu","description":"","publisher":{"@id":"https:\/\/matkailu.samediggi.fi\/sms\/#organization"},"potentialAction":[{"@type":"SearchAction","target":{"@type":"EntryPoint","urlTemplate":"https:\/\/matkailu.samediggi.fi\/sms\/?s={search_term_string}"},"query-input":{"@type":"PropertyValueSpecification","valueRequired":true,"valueName":"search_term_string"}}],"inLanguage":"sms-FI"},{"@type":"Organization","@id":"https:\/\/matkailu.samediggi.fi\/sms\/#organization","name":"Saamelaisk\u00e4r\u00e4j\u00e4t","url":"https:\/\/matkailu.samediggi.fi\/sms\/","logo":{"@type":"ImageObject","inLanguage":"sms-FI","@id":"https:\/\/matkailu.samediggi.fi\/sms\/#\/schema\/logo\/image\/","url":"https:\/\/matkailu.samediggi.fi\/wp-content\/uploads\/2022\/02\/Samediggilogo_TxtAktiv-1.png","contentUrl":"https:\/\/matkailu.samediggi.fi\/wp-content\/uploads\/2022\/02\/Samediggilogo_TxtAktiv-1.png","width":2490,"height":1044,"caption":"Saamelaisk\u00e4r\u00e4j\u00e4t"},"image":{"@id":"https:\/\/matkailu.samediggi.fi\/sms\/#\/schema\/logo\/image\/"}}]}},"_links":{"self":[{"href":"https:\/\/matkailu.samediggi.fi\/sms\/wp-json\/wp\/v2\/pages\/771","targetHints":{"allow":["GET"]}}],"collection":[{"href":"https:\/\/matkailu.samediggi.fi\/sms\/wp-json\/wp\/v2\/pages"}],"about":[{"href":"https:\/\/matkailu.samediggi.fi\/sms\/wp-json\/wp\/v2\/types\/page"}],"author":[{"embeddable":true,"href":"https:\/\/matkailu.samediggi.fi\/sms\/wp-json\/wp\/v2\/users\/8"}],"replies":[{"embeddable":true,"href":"https:\/\/matkailu.samediggi.fi\/sms\/wp-json\/wp\/v2\/comments?post=771"}],"version-history":[{"count":21,"href":"https:\/\/matkailu.samediggi.fi\/sms\/wp-json\/wp\/v2\/pages\/771\/revisions"}],"predecessor-version":[{"id":1141,"href":"https:\/\/matkailu.samediggi.fi\/sms\/wp-json\/wp\/v2\/pages\/771\/revisions\/1141"}],"wp:featuredmedia":[{"embeddable":true,"href":"https:\/\/matkailu.samediggi.fi\/sms\/wp-json\/wp\/v2\/media\/194"}],"wp:attachment":[{"href":"https:\/\/matkailu.samediggi.fi\/sms\/wp-json\/wp\/v2\/media?parent=771"}],"curies":[{"name":"wp","href":"https:\/\/api.w.org\/{rel}","templated":true}]}}