{"id":4833,"date":"2025-11-24T15:57:01","date_gmt":"2025-11-24T13:57:01","guid":{"rendered":"https:\/\/matkailu.samediggi.fi\/va%ca%b9stteemvuodlaz-da-eettlanji-%c7%a9eall%ca%bcjeei-saa%ca%b9mturiism-sertifikatt\/%c7%a9ee%ca%b9rjtood-sizz\/"},"modified":"2026-01-12T12:58:40","modified_gmt":"2026-01-12T10:58:40","slug":"%c7%a9ee%ca%b9rjtood-sizz","status":"publish","type":"page","link":"https:\/\/matkailu.samediggi.fi\/sms\/va%ca%b9stteemvuodlaz-da-eettlanji-%c7%a9eall%ca%bcjeei-saa%ca%b9mturiism-sertifikatt\/%c7%a9ee%ca%b9rjtood-sizz\/","title":{"rendered":"Rekister\u00f5\u00f5v k\u00e4\u00e4zzk\u00f5\u02b9sse"},"content":{"rendered":"<div class=\"wpb-content-wrapper\"><p>[vc_row][vc_column width=&#8221;1\/1&#8243;][vc_empty_space empty_h=&#8221;2&#8243;][\/vc_column][\/vc_row][vc_row unlock_row_content=&#8221;yes&#8221; row_height_percent=&#8221;0&#8243; override_padding=&#8221;yes&#8221; h_padding=&#8221;0&#8243; top_padding=&#8221;0&#8243; bottom_padding=&#8221;2&#8243; back_color=&#8221;color-420331&#8243; overlay_alpha=&#8221;50&#8243; gutter_size=&#8221;3&#8243; column_width_percent=&#8221;100&#8243; shift_y=&#8221;0&#8243; z_index=&#8221;0&#8243; content_parallax=&#8221;0&#8243; uncode_shortcode_id=&#8221;114990&#8243; back_color_type=&#8221;uncode-palette&#8221;][vc_column width=&#8221;1\/1&#8243;][vc_row_inner row_inner_height_percent=&#8221;0&#8243; back_color=&#8221;color-xsdn&#8221; overlay_alpha=&#8221;50&#8243; gutter_size=&#8221;3&#8243; shift_y=&#8221;0&#8243; z_index=&#8221;0&#8243; uncode_shortcode_id=&#8221;787135&#8243; back_color_type=&#8221;uncode-palette&#8221;][vc_column_inner column_width_percent=&#8221;100&#8243; gutter_size=&#8221;3&#8243; override_padding=&#8221;yes&#8221; column_padding=&#8221;2&#8243; overlay_alpha=&#8221;50&#8243; shift_x=&#8221;0&#8243; shift_y=&#8221;0&#8243; shift_y_down=&#8221;0&#8243; z_index=&#8221;0&#8243; medium_width=&#8221;0&#8243; mobile_width=&#8221;0&#8243; width=&#8221;1\/4&#8243; uncode_shortcode_id=&#8221;162997&#8243;][vc_button size=&#8221;link&#8221; link=&#8221;url:https%3A%2F%2Fmatkailu.samediggi.fi%2Fsms%2Fva%25ca%25b9stteemvuodlaz-da-eettlanji-%25c7%25a9eall%25ca%25bcjeei-saa%25ca%25b9mturiism-sertifikatt%2F|title:Kritee%CA%B9rjoukk|&#8221; icon=&#8221;fa fa-long-arrow-left&#8221; uncode_shortcode_id=&#8221;915285&#8243;]M\u00e5\u00e5ust v\u00e4\u02b9lddsijddu[\/vc_button][\/vc_column_inner][vc_column_inner column_width_percent=&#8221;100&#8243; align_horizontal=&#8221;align_right&#8221; gutter_size=&#8221;3&#8243; override_padding=&#8221;yes&#8221; column_padding=&#8221;2&#8243; overlay_alpha=&#8221;50&#8243; shift_x=&#8221;0&#8243; shift_y=&#8221;0&#8243; shift_y_down=&#8221;0&#8243; z_index=&#8221;0&#8243; medium_width=&#8221;0&#8243; mobile_width=&#8221;0&#8243; width=&#8221;3\/4&#8243; uncode_shortcode_id=&#8221;411744&#8243;][vc_wp_custommenu nav_menu=&#8221;188&#8243; nav_menu_horizontal=&#8221;1&#8243;][\/vc_column_inner][\/vc_row_inner][\/vc_column][\/vc_row][vc_row row_height_percent=&#8221;0&#8243; back_color=&#8221;color-xsdn&#8221; overlay_alpha=&#8221;50&#8243; gutter_size=&#8221;3&#8243; column_width_percent=&#8221;100&#8243; shift_y=&#8221;0&#8243; z_index=&#8221;0&#8243; content_parallax=&#8221;0&#8243; uncode_shortcode_id=&#8221;136304&#8243; back_color_type=&#8221;uncode-palette&#8221;][vc_column width=&#8221;1\/1&#8243;][vc_row_inner row_inner_height_percent=&#8221;0&#8243; overlay_alpha=&#8221;50&#8243; gutter_size=&#8221;3&#8243; shift_y=&#8221;0&#8243; z_index=&#8221;0&#8243; hcbrwpb_visible_for_roles=&#8221;logged_out&#8221; uncode_shortcode_id=&#8221;114961&#8243;][vc_column_inner width=&#8221;1\/1&#8243;][vc_custom_heading uncode_shortcode_id=&#8221;284800&#8243;]Rekister\u00f5\u00f5v s\u00e4\u00e4\u02b9mturiism sertifi\u00e2\u02b9sttemk\u00e4\u00e4zzk\u00f5\u02b9sse[\/vc_custom_heading][vc_empty_space empty_h=&#8221;2&#8243;][vc_raw_html]W2xlYXJuX3ByZXNzX3JlZ2lzdGVyX2Zvcm1d[\/vc_raw_html][\/vc_column_inner][\/vc_row_inner][vc_row_inner row_inner_height_percent=&#8221;0&#8243; overlay_alpha=&#8221;50&#8243; gutter_size=&#8221;3&#8243; shift_y=&#8221;0&#8243; z_index=&#8221;0&#8243; hcbrwpb_visible_for_roles=&#8221;pending_approval&#8221; uncode_shortcode_id=&#8221;114761&#8243;][vc_column_inner width=&#8221;1\/1&#8243;][vc_column_text uncode_shortcode_id=&#8221;132632&#8243;]<\/p>\n<h2>Tiill vu\u00e2rdd ta\u02b9r\u01e9st\u00f5\u00f5zz<\/h2>\n<p>Rekister\u00f5sttum tiill sertifi\u00e2\u02b9sttem lij ta\u02b9r\u01e9stumm\u0161est. \u01e4u p\u00f5rggsad te\u00e2\u0111 lie ta\u02b9r\u01e9stum, aktiv\u00e2\u02b9sttep tuu tiil da vu\u00e4\u01ef\u01efak t\u00f5\u02b9st i\u02b9lmmt\u00f5\u00f5zz i\u02b9lmmtemad ne\u02b9ttp\u00e5\u00e5\u02b9\u0161taddr\u00f5\u02b9sse.[\/vc_column_text][\/vc_column_inner][\/vc_row_inner][vc_row_inner row_inner_height_percent=&#8221;0&#8243; overlay_alpha=&#8221;50&#8243; gutter_size=&#8221;3&#8243; shift_y=&#8221;0&#8243; z_index=&#8221;0&#8243; hcbrwpb_visible_for_roles=&#8221;subscriber&#8221; uncode_shortcode_id=&#8221;298571&#8243;][vc_column_inner width=&#8221;1\/1&#8243;][vc_custom_heading uncode_shortcode_id=&#8221;118029&#8243;]Le\u00e4k ju\u02b9n rekister\u00f5\u00f5vv\u00e2m sizz![\/vc_custom_heading][vc_column_text uncode_shortcode_id=&#8221;167240&#8243;]Vu\u00e4itak serddjed tuejjeed sertifi\u00e2sttm\u00f5\u00f5\u017e\u017e vue\u02b9lnn \u00e5\u00e5rrai pu\u00e5lust.[\/vc_column_text][\/vc_column_inner][\/vc_row_inner][\/vc_column][\/vc_row][vc_row][vc_column width=&#8221;1\/1&#8243;][uncode_block id=&#8221;4192&#8243;][\/vc_column][\/vc_row]<\/p>\n<\/div>","protected":false},"excerpt":{"rendered":"<p>S\u00e4\u00e4\u02b9mtee\u02b9\u01e7\u01e7 \u010dii\u010d\u010dad s\u00e4\u00e4\u02b9mturismmha\u02b9\u014b\u01e9\u01e9\u00f5s, Vue\u02b9zz m\u00e4\u02b9t\u01e9\u01e9 (Vasan matka) le\u02b9be Va\u02b9stteemvu\u00f5\u0111la\u017e s\u00e4\u00e4\u02b9mturiism sertifikatt: toi\u02b9mmjem-maall da digitaal\u02bcla\u017e oocc\u00e2mseidd\u00f5\u00f5zz ooud\u00e2sviikkm\u00f5\u0161, lij Euroopp Unioon \u2013 NextGenerationEU.<\/p>\n","protected":false},"author":8,"featured_media":1947,"parent":1717,"menu_order":0,"comment_status":"closed","ping_status":"closed","template":"","meta":{"footnotes":""},"class_list":["post-4833","page","type-page","status-publish","has-post-thumbnail","hentry","page_category-dev"],"yoast_head":"<!-- This site is optimized with the Yoast SEO plugin v26.6 - https:\/\/yoast.com\/wordpress\/plugins\/seo\/ -->\n<title>\u01e8ee\u02b9rjt\u00f5\u00f5\u0111 le\u02b9be rekister\u00f5\u00f5v sertifi\u00e2\u02b9sttemprogramm\u00a0<\/title>\n<meta name=\"description\" content=\"Va\u02b9stteemvu\u00f5\u0111la\u017e da eettl\u00e2nji \u01e9e\u00e2ll\u02bcjeei s\u00e4\u00e4\u02b9mturiism sertifi\u00e2\u02b9sttemprogramm\u00a0\" \/>\n<meta name=\"robots\" content=\"noindex, nofollow\" \/>\n<meta property=\"og:locale\" content=\"en_US\" \/>\n<meta property=\"og:type\" content=\"article\" \/>\n<meta property=\"og:title\" content=\"\u01e8ee\u02b9rjt\u00f5\u00f5\u0111 le\u02b9be rekister\u00f5\u00f5v sertifi\u00e2\u02b9sttemprogramm\u00a0\" \/>\n<meta property=\"og:description\" content=\"Va\u02b9stteemvu\u00f5\u0111la\u017e da eettl\u00e2nji \u01e9e\u00e2ll\u02bcjeei s\u00e4\u00e4\u02b9mturiism sertifi\u00e2\u02b9sttemprogramm\u00a0\" \/>\n<meta property=\"og:url\" content=\"https:\/\/matkailu.samediggi.fi\/sms\/va%ca%b9stteemvuodlaz-da-eettlanji-%c7%a9eall%ca%bcjeei-saa%ca%b9mturiism-sertifikatt\/%c7%a9ee%ca%b9rjtood-sizz\/\" \/>\n<meta property=\"og:site_name\" content=\"Saamelaismatkailu\" \/>\n<meta property=\"article:modified_time\" content=\"2026-01-12T10:58:40+00:00\" \/>\n<meta property=\"og:image\" content=\"https:\/\/matkailu.samediggi.fi\/wp-content\/uploads\/2022\/02\/tulevaisuus_hyva.jpg\" \/>\n\t<meta property=\"og:image:width\" content=\"1448\" \/>\n\t<meta property=\"og:image:height\" content=\"1024\" \/>\n\t<meta property=\"og:image:type\" content=\"image\/jpeg\" \/>\n<meta name=\"twitter:card\" content=\"summary_large_image\" \/>\n<meta name=\"twitter:label1\" content=\"Est. reading time\" \/>\n\t<meta name=\"twitter:data1\" content=\"2 minutes\" \/>\n<script type=\"application\/ld+json\" class=\"yoast-schema-graph\">{\"@context\":\"https:\/\/schema.org\",\"@graph\":[{\"@type\":\"WebPage\",\"@id\":\"https:\/\/matkailu.samediggi.fi\/sms\/va%ca%b9stteemvuodlaz-da-eettlanji-%c7%a9eall%ca%bcjeei-saa%ca%b9mturiism-sertifikatt\/%c7%a9ee%ca%b9rjtood-sizz\/\",\"url\":\"https:\/\/matkailu.samediggi.fi\/sms\/va%ca%b9stteemvuodlaz-da-eettlanji-%c7%a9eall%ca%bcjeei-saa%ca%b9mturiism-sertifikatt\/%c7%a9ee%ca%b9rjtood-sizz\/\",\"name\":\"\u01e8ee\u02b9rjt\u00f5\u00f5\u0111 le\u02b9be rekister\u00f5\u00f5v sertifi\u00e2\u02b9sttemprogramm\u00a0\",\"isPartOf\":{\"@id\":\"https:\/\/matkailu.samediggi.fi\/sms\/#website\"},\"primaryImageOfPage\":{\"@id\":\"https:\/\/matkailu.samediggi.fi\/sms\/va%ca%b9stteemvuodlaz-da-eettlanji-%c7%a9eall%ca%bcjeei-saa%ca%b9mturiism-sertifikatt\/%c7%a9ee%ca%b9rjtood-sizz\/#primaryimage\"},\"image\":{\"@id\":\"https:\/\/matkailu.samediggi.fi\/sms\/va%ca%b9stteemvuodlaz-da-eettlanji-%c7%a9eall%ca%bcjeei-saa%ca%b9mturiism-sertifikatt\/%c7%a9ee%ca%b9rjtood-sizz\/#primaryimage\"},\"thumbnailUrl\":\"https:\/\/matkailu.samediggi.fi\/wp-content\/uploads\/2022\/02\/tulevaisuus_hyva.jpg\",\"datePublished\":\"2025-11-24T13:57:01+00:00\",\"dateModified\":\"2026-01-12T10:58:40+00:00\",\"description\":\"Va\u02b9stteemvu\u00f5\u0111la\u017e da eettl\u00e2nji \u01e9e\u00e2ll\u02bcjeei s\u00e4\u00e4\u02b9mturiism sertifi\u00e2\u02b9sttemprogramm\u00a0\",\"breadcrumb\":{\"@id\":\"https:\/\/matkailu.samediggi.fi\/sms\/va%ca%b9stteemvuodlaz-da-eettlanji-%c7%a9eall%ca%bcjeei-saa%ca%b9mturiism-sertifikatt\/%c7%a9ee%ca%b9rjtood-sizz\/#breadcrumb\"},\"inLanguage\":\"sms-FI\",\"potentialAction\":[{\"@type\":\"ReadAction\",\"target\":[\"https:\/\/matkailu.samediggi.fi\/sms\/va%ca%b9stteemvuodlaz-da-eettlanji-%c7%a9eall%ca%bcjeei-saa%ca%b9mturiism-sertifikatt\/%c7%a9ee%ca%b9rjtood-sizz\/\"]}]},{\"@type\":\"ImageObject\",\"inLanguage\":\"sms-FI\",\"@id\":\"https:\/\/matkailu.samediggi.fi\/sms\/va%ca%b9stteemvuodlaz-da-eettlanji-%c7%a9eall%ca%bcjeei-saa%ca%b9mturiism-sertifikatt\/%c7%a9ee%ca%b9rjtood-sizz\/#primaryimage\",\"url\":\"https:\/\/matkailu.samediggi.fi\/wp-content\/uploads\/2022\/02\/tulevaisuus_hyva.jpg\",\"contentUrl\":\"https:\/\/matkailu.samediggi.fi\/wp-content\/uploads\/2022\/02\/tulevaisuus_hyva.jpg\",\"width\":1448,\"height\":1024,\"caption\":\"Kaart\u02bct\u00f5s: Sunna Kitti\"},{\"@type\":\"BreadcrumbList\",\"@id\":\"https:\/\/matkailu.samediggi.fi\/sms\/va%ca%b9stteemvuodlaz-da-eettlanji-%c7%a9eall%ca%bcjeei-saa%ca%b9mturiism-sertifikatt\/%c7%a9ee%ca%b9rjtood-sizz\/#breadcrumb\",\"itemListElement\":[{\"@type\":\"ListItem\",\"position\":1,\"name\":\"Home\",\"item\":\"https:\/\/matkailu.samediggi.fi\/sms\/\"},{\"@type\":\"ListItem\",\"position\":2,\"name\":\"Va\u02b9stteemvu\u00f5\u0111la\u017e da eettl\u00e2nji \u01e9e\u00e2ll\u02bcjeei s\u00e4\u00e4\u02b9m&shy;turiism sertifikatt\",\"item\":\"https:\/\/matkailu.samediggi.fi\/sms\/va%ca%b9stteemvuodlaz-da-eettlanji-%c7%a9eall%ca%bcjeei-saa%ca%b9mturiism-sertifikatt\/\"},{\"@type\":\"ListItem\",\"position\":3,\"name\":\"Rekister\u00f5\u00f5v k\u00e4\u00e4zzk\u00f5\u02b9sse\"}]},{\"@type\":\"WebSite\",\"@id\":\"https:\/\/matkailu.samediggi.fi\/sms\/#website\",\"url\":\"https:\/\/matkailu.samediggi.fi\/sms\/\",\"name\":\"Saamelaismatkailu\",\"description\":\"\",\"publisher\":{\"@id\":\"https:\/\/matkailu.samediggi.fi\/sms\/#organization\"},\"potentialAction\":[{\"@type\":\"SearchAction\",\"target\":{\"@type\":\"EntryPoint\",\"urlTemplate\":\"https:\/\/matkailu.samediggi.fi\/sms\/?s={search_term_string}\"},\"query-input\":{\"@type\":\"PropertyValueSpecification\",\"valueRequired\":true,\"valueName\":\"search_term_string\"}}],\"inLanguage\":\"sms-FI\"},{\"@type\":\"Organization\",\"@id\":\"https:\/\/matkailu.samediggi.fi\/sms\/#organization\",\"name\":\"Saamelaisk\u00e4r\u00e4j\u00e4t\",\"url\":\"https:\/\/matkailu.samediggi.fi\/sms\/\",\"logo\":{\"@type\":\"ImageObject\",\"inLanguage\":\"sms-FI\",\"@id\":\"https:\/\/matkailu.samediggi.fi\/sms\/#\/schema\/logo\/image\/\",\"url\":\"https:\/\/matkailu.samediggi.fi\/wp-content\/uploads\/2022\/02\/Samediggilogo_TxtAktiv-1.png\",\"contentUrl\":\"https:\/\/matkailu.samediggi.fi\/wp-content\/uploads\/2022\/02\/Samediggilogo_TxtAktiv-1.png\",\"width\":2490,\"height\":1044,\"caption\":\"Saamelaisk\u00e4r\u00e4j\u00e4t\"},\"image\":{\"@id\":\"https:\/\/matkailu.samediggi.fi\/sms\/#\/schema\/logo\/image\/\"}}]}<\/script>\n<!-- \/ Yoast SEO plugin. -->","yoast_head_json":{"title":"\u01e8ee\u02b9rjt\u00f5\u00f5\u0111 le\u02b9be rekister\u00f5\u00f5v sertifi\u00e2\u02b9sttemprogramm\u00a0","description":"Va\u02b9stteemvu\u00f5\u0111la\u017e da eettl\u00e2nji \u01e9e\u00e2ll\u02bcjeei s\u00e4\u00e4\u02b9mturiism sertifi\u00e2\u02b9sttemprogramm\u00a0","robots":{"index":"noindex","follow":"nofollow"},"og_locale":"en_US","og_type":"article","og_title":"\u01e8ee\u02b9rjt\u00f5\u00f5\u0111 le\u02b9be rekister\u00f5\u00f5v sertifi\u00e2\u02b9sttemprogramm\u00a0","og_description":"Va\u02b9stteemvu\u00f5\u0111la\u017e da eettl\u00e2nji \u01e9e\u00e2ll\u02bcjeei s\u00e4\u00e4\u02b9mturiism sertifi\u00e2\u02b9sttemprogramm\u00a0","og_url":"https:\/\/matkailu.samediggi.fi\/sms\/va%ca%b9stteemvuodlaz-da-eettlanji-%c7%a9eall%ca%bcjeei-saa%ca%b9mturiism-sertifikatt\/%c7%a9ee%ca%b9rjtood-sizz\/","og_site_name":"Saamelaismatkailu","article_modified_time":"2026-01-12T10:58:40+00:00","og_image":[{"width":1448,"height":1024,"url":"https:\/\/matkailu.samediggi.fi\/wp-content\/uploads\/2022\/02\/tulevaisuus_hyva.jpg","type":"image\/jpeg"}],"twitter_card":"summary_large_image","twitter_misc":{"Est. reading time":"2 minutes"},"schema":{"@context":"https:\/\/schema.org","@graph":[{"@type":"WebPage","@id":"https:\/\/matkailu.samediggi.fi\/sms\/va%ca%b9stteemvuodlaz-da-eettlanji-%c7%a9eall%ca%bcjeei-saa%ca%b9mturiism-sertifikatt\/%c7%a9ee%ca%b9rjtood-sizz\/","url":"https:\/\/matkailu.samediggi.fi\/sms\/va%ca%b9stteemvuodlaz-da-eettlanji-%c7%a9eall%ca%bcjeei-saa%ca%b9mturiism-sertifikatt\/%c7%a9ee%ca%b9rjtood-sizz\/","name":"\u01e8ee\u02b9rjt\u00f5\u00f5\u0111 le\u02b9be rekister\u00f5\u00f5v sertifi\u00e2\u02b9sttemprogramm\u00a0","isPartOf":{"@id":"https:\/\/matkailu.samediggi.fi\/sms\/#website"},"primaryImageOfPage":{"@id":"https:\/\/matkailu.samediggi.fi\/sms\/va%ca%b9stteemvuodlaz-da-eettlanji-%c7%a9eall%ca%bcjeei-saa%ca%b9mturiism-sertifikatt\/%c7%a9ee%ca%b9rjtood-sizz\/#primaryimage"},"image":{"@id":"https:\/\/matkailu.samediggi.fi\/sms\/va%ca%b9stteemvuodlaz-da-eettlanji-%c7%a9eall%ca%bcjeei-saa%ca%b9mturiism-sertifikatt\/%c7%a9ee%ca%b9rjtood-sizz\/#primaryimage"},"thumbnailUrl":"https:\/\/matkailu.samediggi.fi\/wp-content\/uploads\/2022\/02\/tulevaisuus_hyva.jpg","datePublished":"2025-11-24T13:57:01+00:00","dateModified":"2026-01-12T10:58:40+00:00","description":"Va\u02b9stteemvu\u00f5\u0111la\u017e da eettl\u00e2nji \u01e9e\u00e2ll\u02bcjeei s\u00e4\u00e4\u02b9mturiism sertifi\u00e2\u02b9sttemprogramm\u00a0","breadcrumb":{"@id":"https:\/\/matkailu.samediggi.fi\/sms\/va%ca%b9stteemvuodlaz-da-eettlanji-%c7%a9eall%ca%bcjeei-saa%ca%b9mturiism-sertifikatt\/%c7%a9ee%ca%b9rjtood-sizz\/#breadcrumb"},"inLanguage":"sms-FI","potentialAction":[{"@type":"ReadAction","target":["https:\/\/matkailu.samediggi.fi\/sms\/va%ca%b9stteemvuodlaz-da-eettlanji-%c7%a9eall%ca%bcjeei-saa%ca%b9mturiism-sertifikatt\/%c7%a9ee%ca%b9rjtood-sizz\/"]}]},{"@type":"ImageObject","inLanguage":"sms-FI","@id":"https:\/\/matkailu.samediggi.fi\/sms\/va%ca%b9stteemvuodlaz-da-eettlanji-%c7%a9eall%ca%bcjeei-saa%ca%b9mturiism-sertifikatt\/%c7%a9ee%ca%b9rjtood-sizz\/#primaryimage","url":"https:\/\/matkailu.samediggi.fi\/wp-content\/uploads\/2022\/02\/tulevaisuus_hyva.jpg","contentUrl":"https:\/\/matkailu.samediggi.fi\/wp-content\/uploads\/2022\/02\/tulevaisuus_hyva.jpg","width":1448,"height":1024,"caption":"Kaart\u02bct\u00f5s: Sunna Kitti"},{"@type":"BreadcrumbList","@id":"https:\/\/matkailu.samediggi.fi\/sms\/va%ca%b9stteemvuodlaz-da-eettlanji-%c7%a9eall%ca%bcjeei-saa%ca%b9mturiism-sertifikatt\/%c7%a9ee%ca%b9rjtood-sizz\/#breadcrumb","itemListElement":[{"@type":"ListItem","position":1,"name":"Home","item":"https:\/\/matkailu.samediggi.fi\/sms\/"},{"@type":"ListItem","position":2,"name":"Va\u02b9stteemvu\u00f5\u0111la\u017e da eettl\u00e2nji \u01e9e\u00e2ll\u02bcjeei s\u00e4\u00e4\u02b9m&shy;turiism sertifikatt","item":"https:\/\/matkailu.samediggi.fi\/sms\/va%ca%b9stteemvuodlaz-da-eettlanji-%c7%a9eall%ca%bcjeei-saa%ca%b9mturiism-sertifikatt\/"},{"@type":"ListItem","position":3,"name":"Rekister\u00f5\u00f5v k\u00e4\u00e4zzk\u00f5\u02b9sse"}]},{"@type":"WebSite","@id":"https:\/\/matkailu.samediggi.fi\/sms\/#website","url":"https:\/\/matkailu.samediggi.fi\/sms\/","name":"Saamelaismatkailu","description":"","publisher":{"@id":"https:\/\/matkailu.samediggi.fi\/sms\/#organization"},"potentialAction":[{"@type":"SearchAction","target":{"@type":"EntryPoint","urlTemplate":"https:\/\/matkailu.samediggi.fi\/sms\/?s={search_term_string}"},"query-input":{"@type":"PropertyValueSpecification","valueRequired":true,"valueName":"search_term_string"}}],"inLanguage":"sms-FI"},{"@type":"Organization","@id":"https:\/\/matkailu.samediggi.fi\/sms\/#organization","name":"Saamelaisk\u00e4r\u00e4j\u00e4t","url":"https:\/\/matkailu.samediggi.fi\/sms\/","logo":{"@type":"ImageObject","inLanguage":"sms-FI","@id":"https:\/\/matkailu.samediggi.fi\/sms\/#\/schema\/logo\/image\/","url":"https:\/\/matkailu.samediggi.fi\/wp-content\/uploads\/2022\/02\/Samediggilogo_TxtAktiv-1.png","contentUrl":"https:\/\/matkailu.samediggi.fi\/wp-content\/uploads\/2022\/02\/Samediggilogo_TxtAktiv-1.png","width":2490,"height":1044,"caption":"Saamelaisk\u00e4r\u00e4j\u00e4t"},"image":{"@id":"https:\/\/matkailu.samediggi.fi\/sms\/#\/schema\/logo\/image\/"}}]}},"_links":{"self":[{"href":"https:\/\/matkailu.samediggi.fi\/sms\/wp-json\/wp\/v2\/pages\/4833","targetHints":{"allow":["GET"]}}],"collection":[{"href":"https:\/\/matkailu.samediggi.fi\/sms\/wp-json\/wp\/v2\/pages"}],"about":[{"href":"https:\/\/matkailu.samediggi.fi\/sms\/wp-json\/wp\/v2\/types\/page"}],"author":[{"embeddable":true,"href":"https:\/\/matkailu.samediggi.fi\/sms\/wp-json\/wp\/v2\/users\/8"}],"replies":[{"embeddable":true,"href":"https:\/\/matkailu.samediggi.fi\/sms\/wp-json\/wp\/v2\/comments?post=4833"}],"version-history":[{"count":80,"href":"https:\/\/matkailu.samediggi.fi\/sms\/wp-json\/wp\/v2\/pages\/4833\/revisions"}],"predecessor-version":[{"id":7676,"href":"https:\/\/matkailu.samediggi.fi\/sms\/wp-json\/wp\/v2\/pages\/4833\/revisions\/7676"}],"up":[{"embeddable":true,"href":"https:\/\/matkailu.samediggi.fi\/sms\/wp-json\/wp\/v2\/pages\/1717"}],"wp:featuredmedia":[{"embeddable":true,"href":"https:\/\/matkailu.samediggi.fi\/sms\/wp-json\/wp\/v2\/media\/1947"}],"wp:attachment":[{"href":"https:\/\/matkailu.samediggi.fi\/sms\/wp-json\/wp\/v2\/media?parent=4833"}],"curies":[{"name":"wp","href":"https:\/\/api.w.org\/{rel}","templated":true}]}}