{"id":481,"date":"2022-02-28T21:44:25","date_gmt":"2022-02-28T19:44:25","guid":{"rendered":"https:\/\/samediggi.fi\/saamelaismatkailu\/?page_id=481"},"modified":"2022-05-05T15:53:35","modified_gmt":"2022-05-05T12:53:35","slug":"tulevaisuus","status":"publish","type":"page","link":"https:\/\/matkailu.samediggi.fi\/sms\/tulevaisuus\/","title":{"rendered":"Vastuullisilla valinnoillamme vaikutamme tulevaisuuteemme"},"content":{"rendered":"<div class=\"wpb-content-wrapper\"><p>[vc_row unlock_row_content=&#8221;yes&#8221; row_height_percent=&#8221;0&#8243; override_padding=&#8221;yes&#8221; h_padding=&#8221;3&#8243; top_padding=&#8221;3&#8243; bottom_padding=&#8221;3&#8243; back_color=&#8221;color-420331&#8243; overlay_alpha=&#8221;50&#8243; equal_height=&#8221;yes&#8221; gutter_size=&#8221;3&#8243; column_width_percent=&#8221;100&#8243; shift_y=&#8221;0&#8243; z_index=&#8221;0&#8243; enable_bottom_divider=&#8221;default&#8221; bottom_divider_inv=&#8221;pyramids&#8221; shape_bottom_invert=&#8221;yes&#8221; shape_bottom_h_use_pixel=&#8221;&#8221; shape_bottom_height=&#8221;50&#8243; shape_bottom_color=&#8221;color-xsdn&#8221; shape_bottom_opacity=&#8221;100&#8243; shape_bottom_safe=&#8221;yes&#8221; shape_bottom_index=&#8221;0&#8243; shape_bottom_responsive=&#8221;yes&#8221; uncode_shortcode_id=&#8221;769459&#8243; back_color_type=&#8221;uncode-palette&#8221; shape_bottom_color_type=&#8221;uncode-palette&#8221; row_name=&#8221;Alkuun&#8221; shape_dividers=&#8221;&#8221;][vc_column column_width_percent=&#8221;100&#8243; gutter_size=&#8221;3&#8243; overlay_alpha=&#8221;50&#8243; shift_x=&#8221;0&#8243; shift_y=&#8221;0&#8243; shift_y_down=&#8221;0&#8243; z_index=&#8221;0&#8243; medium_width=&#8221;0&#8243; mobile_width=&#8221;0&#8243; width=&#8221;1\/2&#8243; uncode_shortcode_id=&#8221;101193&#8243;][uncode_twentytwenty media_before=&#8221;194&#8243; media_after=&#8221;193&#8243; el_class=&#8221;rightWrong letterbox&#8221;][\/vc_column][vc_column column_width_percent=&#8221;100&#8243; position_horizontal=&#8221;left&#8221; gutter_size=&#8221;3&#8243; overlay_alpha=&#8221;50&#8243; shift_x=&#8221;0&#8243; shift_y=&#8221;0&#8243; shift_y_down=&#8221;0&#8243; z_index=&#8221;0&#8243; medium_width=&#8221;0&#8243; mobile_width=&#8221;0&#8243; width=&#8221;1\/2&#8243; uncode_shortcode_id=&#8221;658262&#8243;][vc_custom_heading auto_text=&#8221;yes&#8221; heading_semantic=&#8221;h1&#8243; uncode_shortcode_id=&#8221;116186&#8243; el_class=&#8221;headingBlock&#8221;]<\/p>\n<h1>Dynamic Header<\/h1>\n<p>[\/vc_custom_heading][vc_column_text uncode_shortcode_id=&#8221;246097&#8243;]Meill\u00e4 kaikilla on vastuu yhteisest\u00e4 tulevaisuudestamme kaikkialla siell\u00e4, minne tekojemme ja askeltemme seuraamukset ylettyv\u00e4t. Tehd\u00e4\u00e4n yhdess\u00e4 t\u00e4st\u00e4 p\u00e4iv\u00e4st\u00e4 vastuullisempi ja eettisesti kest\u00e4v\u00e4mpi, jotta huomisenkin sukupolvilla on kaikki t\u00e4m\u00e4 kauneus ja rikkaus elett\u00e4v\u00e4n\u00e4 ja koettavana.[\/vc_column_text][uncode_share layout=&#8221;multiple&#8221; bigger=&#8221;yes&#8221; no_back=&#8221;yes&#8221; title=&#8221;Jaa somessa&#8221;][\/vc_column][\/vc_row][vc_row row_height_percent=&#8221;100&#8243; back_color=&#8221;color-xsdn&#8221; overlay_alpha=&#8221;50&#8243; gutter_size=&#8221;3&#8243; column_width_percent=&#8221;100&#8243; shift_y=&#8221;0&#8243; z_index=&#8221;0&#8243; uncode_shortcode_id=&#8221;182695&#8243; back_color_type=&#8221;uncode-palette&#8221; row_name=&#8221;Tulevaisuus, jonka haluamme&#8221;][vc_column width=&#8221;1\/1&#8243;][vc_custom_heading uncode_shortcode_id=&#8221;171354&#8243;]Tulevaisuus, jonka haluamme[\/vc_custom_heading][vc_row_inner][vc_column_inner width=&#8221;2\/3&#8243;][vc_gallery el_id=&#8221;gallery-204989-good&#8221; medias=&#8221;194&#8243; gutter_size=&#8221;2&#8243; media_items=&#8221;media|nolink|original,title&#8221; screen_lg=&#8221;600&#8243; screen_md=&#8221;600&#8243; screen_sm=&#8221;480&#8243; single_width=&#8221;12&#8243; single_overlay_opacity=&#8221;50&#8243; single_h_align=&#8221;center&#8221; single_padding=&#8221;2&#8243; single_title_dimension=&#8221;h1&#8243; single_border=&#8221;yes&#8221; single_css_animation=&#8221;alpha-anim&#8221; lbox_title=&#8221;yes&#8221; lbox_caption=&#8221;yes&#8221; lbox_no_tmb=&#8221;yes&#8221; uncode_shortcode_id=&#8221;212403&#8243; items=&#8221;eyIxNzFfaSI6eyJzaW5nbGVfb3ZlcmxheV9jb2xvciI6ImNvbG9yLTY2NzE2MiJ9LCIxODBfaSI6eyJzaW5nbGVfb3ZlcmxheV9jb2xvciI6ImNvbG9yLTkyODQ1OCJ9LCIxOTVfaSI6eyJzaW5nbGVfb3ZlcmxheV9jb2xvciI6ImNvbG9yLTkyODQ1OCJ9LCIxOTlfaSI6eyJzaW5nbGVfd2lkdGgiOiIxMiIsInNpbmdsZV9vdmVybGF5X2NvbG9yIjoiY29sb3ItOTI4NDU4Iiwic2luZ2xlX2hlaWdodCI6IjEyIn0sIjE5NF9pIjp7InNpbmdsZV9vdmVybGF5X2NvbG9yIjoiY29sb3ItNjY3MjgzIiwic2luZ2xlX2hlaWdodCI6IiJ9LCIxOTNfaSI6eyJzaW5nbGVfb3ZlcmxheV9jb2xvciI6ImNvbG9yLTY2NzE2MiJ9fQ==&#8221; el_class=&#8221;letterbox&#8221;][\/vc_column_inner][vc_column_inner width=&#8221;1\/3&#8243;][vc_column_text uncode_shortcode_id=&#8221;193482&#8243;]<strong>Tulevaisuus, jonka haluamme<\/strong> -kuva perustuu eettisess\u00e4 ohjeistuksessa olevaan visioon. Vision mukaan saamelaisten perinteiset elinkeinot ovat elinvoimaisia ja kannattavia. Perinteisten elinkeinojen rinnalla uudet elinkeinot, kuten vastuullinen ja eettisesti kest\u00e4v\u00e4 saamelaisuuteen perustuva matkailu tukee perinteisi\u00e4 elinkeinoja ja edist\u00e4\u00e4 ty\u00f6llisyytt\u00e4 paikallisesti.<\/p>\n<p>Vision mukaan perustettu saamelaismatkailun neuvontakeskus jakaa saamelaisiin ja saamelaiskulttuuriin liittyv\u00e4\u00e4 totuudenmukaista tietoa matkailijoille ja matkailutoimijoille, sek\u00e4 tietoa eettisesti ja kest\u00e4v\u00e4sti toimivista saamelaisista matkailutoimijoista. My\u00f6s saamelaisyhteis\u00f6n arki ja juhlat, sek\u00e4 saamelaisten kotiseutualueen maank\u00e4ytt\u00f6 on hyv\u00e4ss\u00e4 visiossa onnistuneesti yhteensovitettu matkailun kanssa saamelaisten oikeudet ja kulttuuri huomioiden sek\u00e4 niit\u00e4 kunnioittaen.[\/vc_column_text][\/vc_column_inner][\/vc_row_inner][\/vc_column][\/vc_row][vc_row row_height_percent=&#8221;100&#8243; back_color=&#8221;color-lxmt&#8221; overlay_alpha=&#8221;50&#8243; gutter_size=&#8221;3&#8243; column_width_percent=&#8221;100&#8243; shift_y=&#8221;0&#8243; z_index=&#8221;0&#8243; uncode_shortcode_id=&#8221;505294&#8243; back_color_type=&#8221;uncode-palette&#8221; row_name=&#8221;Tulevaisuus, jota emme halua&#8221;][vc_column width=&#8221;1\/1&#8243;][vc_custom_heading uncode_shortcode_id=&#8221;195774&#8243;]Tulevaisuus, jota emme halua[\/vc_custom_heading][vc_row_inner][vc_column_inner width=&#8221;2\/3&#8243;][vc_gallery el_id=&#8221;gallery-204989-good&#8221; medias=&#8221;193&#8243; gutter_size=&#8221;2&#8243; media_items=&#8221;media|nolink|original,title&#8221; screen_lg=&#8221;600&#8243; screen_md=&#8221;600&#8243; screen_sm=&#8221;480&#8243; single_width=&#8221;12&#8243; single_overlay_opacity=&#8221;50&#8243; single_h_align=&#8221;center&#8221; single_padding=&#8221;2&#8243; single_title_dimension=&#8221;h1&#8243; single_border=&#8221;yes&#8221; single_css_animation=&#8221;alpha-anim&#8221; lbox_title=&#8221;yes&#8221; lbox_caption=&#8221;yes&#8221; lbox_no_tmb=&#8221;yes&#8221; uncode_shortcode_id=&#8221;106673&#8243; items=&#8221;eyIxNzFfaSI6eyJzaW5nbGVfb3ZlcmxheV9jb2xvciI6ImNvbG9yLTY2NzE2MiJ9LCIxODBfaSI6eyJzaW5nbGVfb3ZlcmxheV9jb2xvciI6ImNvbG9yLTkyODQ1OCJ9LCIxOTVfaSI6eyJzaW5nbGVfb3ZlcmxheV9jb2xvciI6ImNvbG9yLTkyODQ1OCJ9LCIxOTlfaSI6eyJzaW5nbGVfd2lkdGgiOiIxMiIsInNpbmdsZV9vdmVybGF5X2NvbG9yIjoiY29sb3ItOTI4NDU4Iiwic2luZ2xlX2hlaWdodCI6IjEyIn0sIjE5NF9pIjp7InNpbmdsZV9vdmVybGF5X2NvbG9yIjoiY29sb3ItNjY3MjgzIiwic2luZ2xlX2hlaWdodCI6IiJ9LCIxOTNfaSI6eyJzaW5nbGVfb3ZlcmxheV9jb2xvciI6ImNvbG9yLTY2NzE2MiJ9fQ==&#8221; el_class=&#8221;letterbox&#8221;][\/vc_column_inner][vc_column_inner width=&#8221;1\/3&#8243;][vc_column_text uncode_shortcode_id=&#8221;183733&#8243;]Hyv\u00e4n vision vastakohtana on <strong>Tulevaisuus, jota emme halua<\/strong>. T\u00e4ss\u00e4 kuvassa eettisen ohjeistuksen visio ei ole toteutunut, eik\u00e4 matkailijam\u00e4\u00e4rien ja matkailutoimintojen jatkuvan kasvun aiheuttamia haasteita ole pystytty ratkaisemaan. Saamelaisten kotiseutualueelle suuntautuva matkailu on hallitsematonta ja eettisesti kest\u00e4m\u00e4t\u00f6nt\u00e4. Saamelaisten perinteiset elinkeinot ovat joutuneet v\u00e4istym\u00e4\u00e4n matkailun tielt\u00e4. Matkailun ulkopuolisen v\u00e4est\u00f6n kulttuurik\u00e4yt\u00e4nt\u00f6j\u00e4 ja perinteit\u00e4 ei ole onnistuttu turvaamaan, vaan saamelaisyhteis\u00f6n arki ja juhla on p\u00e4\u00e4tynyt matkakohteeksi ja n\u00e4ht\u00e4vyydeksi.[\/vc_column_text][\/vc_column_inner][\/vc_row_inner][\/vc_column][\/vc_row]<\/p>\n<\/div>","protected":false},"excerpt":{"rendered":"<p>Meill\u00e4 kaikilla on vastuu yhteisest\u00e4 tulevaisuudestamme kaikkialla siell\u00e4, minne tekojemme ja askeltemme seuraamukset ylettyv\u00e4t. Tehd\u00e4\u00e4n yhdess\u00e4 t\u00e4st\u00e4 p\u00e4iv\u00e4st\u00e4 vastuullisempi ja eettisesti kest\u00e4v\u00e4mpi, jotta huomisenkin sukupolvilla on kaikki t\u00e4m\u00e4 kauneus ja rikkaus elett\u00e4v\u00e4n\u00e4 ja koettavana.<\/p>\n","protected":false},"author":8,"featured_media":194,"parent":0,"menu_order":0,"comment_status":"closed","ping_status":"open","template":"","meta":{"footnotes":""},"class_list":["post-481","page","type-page","status-publish","has-post-thumbnail","hentry"],"yoast_head":"<!-- This site is optimized with the Yoast SEO plugin v26.6 - https:\/\/yoast.com\/wordpress\/plugins\/seo\/ -->\n<title>Vastuullisilla valinnoillamme vaikutamme tulevaisuuteemme - Saamelaismatkailu<\/title>\n<meta name=\"robots\" content=\"index, follow, max-snippet:-1, max-image-preview:large, max-video-preview:-1\" \/>\n<link rel=\"canonical\" href=\"https:\/\/matkailu.samediggi.fi\/sms\/tulevaisuus\/\" \/>\n<meta property=\"og:locale\" content=\"en_US\" \/>\n<meta property=\"og:type\" content=\"article\" \/>\n<meta property=\"og:title\" content=\"Vastuullisilla valinnoillamme vaikutamme tulevaisuuteemme - Saamelaismatkailu\" \/>\n<meta property=\"og:description\" content=\"Meill\u00e4 kaikilla on vastuu yhteisest\u00e4 tulevaisuudestamme kaikkialla siell\u00e4, minne tekojemme ja askeltemme seuraamukset ylettyv\u00e4t. Tehd\u00e4\u00e4n yhdess\u00e4 t\u00e4st\u00e4 p\u00e4iv\u00e4st\u00e4 vastuullisempi ja eettisesti kest\u00e4v\u00e4mpi, jotta huomisenkin sukupolvilla on kaikki t\u00e4m\u00e4 kauneus ja rikkaus elett\u00e4v\u00e4n\u00e4 ja koettavana.\" \/>\n<meta property=\"og:url\" content=\"https:\/\/matkailu.samediggi.fi\/sms\/tulevaisuus\/\" \/>\n<meta property=\"og:site_name\" content=\"Saamelaismatkailu\" \/>\n<meta property=\"article:modified_time\" content=\"2022-05-05T12:53:35+00:00\" \/>\n<meta property=\"og:image\" content=\"https:\/\/matkailu.samediggi.fi\/wp-content\/uploads\/2022\/02\/tulevaisuus_hyva.jpg\" \/>\n\t<meta property=\"og:image:width\" content=\"1448\" \/>\n\t<meta property=\"og:image:height\" content=\"1024\" \/>\n\t<meta property=\"og:image:type\" content=\"image\/jpeg\" \/>\n<meta name=\"twitter:card\" content=\"summary_large_image\" \/>\n<meta name=\"twitter:label1\" content=\"Est. reading time\" \/>\n\t<meta name=\"twitter:data1\" content=\"3 minutes\" \/>\n<script type=\"application\/ld+json\" class=\"yoast-schema-graph\">{\"@context\":\"https:\/\/schema.org\",\"@graph\":[{\"@type\":\"WebPage\",\"@id\":\"https:\/\/matkailu.samediggi.fi\/sms\/tulevaisuus\/\",\"url\":\"https:\/\/matkailu.samediggi.fi\/sms\/tulevaisuus\/\",\"name\":\"Vastuullisilla valinnoillamme vaikutamme tulevaisuuteemme - Saamelaismatkailu\",\"isPartOf\":{\"@id\":\"https:\/\/matkailu.samediggi.fi\/sms\/#website\"},\"primaryImageOfPage\":{\"@id\":\"https:\/\/matkailu.samediggi.fi\/sms\/tulevaisuus\/#primaryimage\"},\"image\":{\"@id\":\"https:\/\/matkailu.samediggi.fi\/sms\/tulevaisuus\/#primaryimage\"},\"thumbnailUrl\":\"https:\/\/matkailu.samediggi.fi\/wp-content\/uploads\/2022\/02\/tulevaisuus_hyva.jpg\",\"datePublished\":\"2022-02-28T19:44:25+00:00\",\"dateModified\":\"2022-05-05T12:53:35+00:00\",\"breadcrumb\":{\"@id\":\"https:\/\/matkailu.samediggi.fi\/sms\/tulevaisuus\/#breadcrumb\"},\"inLanguage\":\"sms-FI\",\"potentialAction\":[{\"@type\":\"ReadAction\",\"target\":[\"https:\/\/matkailu.samediggi.fi\/sms\/tulevaisuus\/\"]}]},{\"@type\":\"ImageObject\",\"inLanguage\":\"sms-FI\",\"@id\":\"https:\/\/matkailu.samediggi.fi\/sms\/tulevaisuus\/#primaryimage\",\"url\":\"https:\/\/matkailu.samediggi.fi\/wp-content\/uploads\/2022\/02\/tulevaisuus_hyva.jpg\",\"contentUrl\":\"https:\/\/matkailu.samediggi.fi\/wp-content\/uploads\/2022\/02\/tulevaisuus_hyva.jpg\",\"width\":1448,\"height\":1024,\"caption\":\"Kaart\u02bct\u00f5s: Sunna Kitti\"},{\"@type\":\"BreadcrumbList\",\"@id\":\"https:\/\/matkailu.samediggi.fi\/sms\/tulevaisuus\/#breadcrumb\",\"itemListElement\":[{\"@type\":\"ListItem\",\"position\":1,\"name\":\"Home\",\"item\":\"https:\/\/matkailu.samediggi.fi\/sms\/\"},{\"@type\":\"ListItem\",\"position\":2,\"name\":\"Vastuullisilla valinnoillamme vaikutamme tulevaisuuteemme\"}]},{\"@type\":\"WebSite\",\"@id\":\"https:\/\/matkailu.samediggi.fi\/sms\/#website\",\"url\":\"https:\/\/matkailu.samediggi.fi\/sms\/\",\"name\":\"Saamelaismatkailu\",\"description\":\"\",\"publisher\":{\"@id\":\"https:\/\/matkailu.samediggi.fi\/sms\/#organization\"},\"potentialAction\":[{\"@type\":\"SearchAction\",\"target\":{\"@type\":\"EntryPoint\",\"urlTemplate\":\"https:\/\/matkailu.samediggi.fi\/sms\/?s={search_term_string}\"},\"query-input\":{\"@type\":\"PropertyValueSpecification\",\"valueRequired\":true,\"valueName\":\"search_term_string\"}}],\"inLanguage\":\"sms-FI\"},{\"@type\":\"Organization\",\"@id\":\"https:\/\/matkailu.samediggi.fi\/sms\/#organization\",\"name\":\"Saamelaisk\u00e4r\u00e4j\u00e4t\",\"url\":\"https:\/\/matkailu.samediggi.fi\/sms\/\",\"logo\":{\"@type\":\"ImageObject\",\"inLanguage\":\"sms-FI\",\"@id\":\"https:\/\/matkailu.samediggi.fi\/sms\/#\/schema\/logo\/image\/\",\"url\":\"https:\/\/matkailu.samediggi.fi\/wp-content\/uploads\/2022\/02\/Samediggilogo_TxtAktiv-1.png\",\"contentUrl\":\"https:\/\/matkailu.samediggi.fi\/wp-content\/uploads\/2022\/02\/Samediggilogo_TxtAktiv-1.png\",\"width\":2490,\"height\":1044,\"caption\":\"Saamelaisk\u00e4r\u00e4j\u00e4t\"},\"image\":{\"@id\":\"https:\/\/matkailu.samediggi.fi\/sms\/#\/schema\/logo\/image\/\"}}]}<\/script>\n<!-- \/ Yoast SEO plugin. -->","yoast_head_json":{"title":"Vastuullisilla valinnoillamme vaikutamme tulevaisuuteemme - Saamelaismatkailu","robots":{"index":"index","follow":"follow","max-snippet":"max-snippet:-1","max-image-preview":"max-image-preview:large","max-video-preview":"max-video-preview:-1"},"canonical":"https:\/\/matkailu.samediggi.fi\/sms\/tulevaisuus\/","og_locale":"en_US","og_type":"article","og_title":"Vastuullisilla valinnoillamme vaikutamme tulevaisuuteemme - Saamelaismatkailu","og_description":"Meill\u00e4 kaikilla on vastuu yhteisest\u00e4 tulevaisuudestamme kaikkialla siell\u00e4, minne tekojemme ja askeltemme seuraamukset ylettyv\u00e4t. Tehd\u00e4\u00e4n yhdess\u00e4 t\u00e4st\u00e4 p\u00e4iv\u00e4st\u00e4 vastuullisempi ja eettisesti kest\u00e4v\u00e4mpi, jotta huomisenkin sukupolvilla on kaikki t\u00e4m\u00e4 kauneus ja rikkaus elett\u00e4v\u00e4n\u00e4 ja koettavana.","og_url":"https:\/\/matkailu.samediggi.fi\/sms\/tulevaisuus\/","og_site_name":"Saamelaismatkailu","article_modified_time":"2022-05-05T12:53:35+00:00","og_image":[{"width":1448,"height":1024,"url":"https:\/\/matkailu.samediggi.fi\/wp-content\/uploads\/2022\/02\/tulevaisuus_hyva.jpg","type":"image\/jpeg"}],"twitter_card":"summary_large_image","twitter_misc":{"Est. reading time":"3 minutes"},"schema":{"@context":"https:\/\/schema.org","@graph":[{"@type":"WebPage","@id":"https:\/\/matkailu.samediggi.fi\/sms\/tulevaisuus\/","url":"https:\/\/matkailu.samediggi.fi\/sms\/tulevaisuus\/","name":"Vastuullisilla valinnoillamme vaikutamme tulevaisuuteemme - Saamelaismatkailu","isPartOf":{"@id":"https:\/\/matkailu.samediggi.fi\/sms\/#website"},"primaryImageOfPage":{"@id":"https:\/\/matkailu.samediggi.fi\/sms\/tulevaisuus\/#primaryimage"},"image":{"@id":"https:\/\/matkailu.samediggi.fi\/sms\/tulevaisuus\/#primaryimage"},"thumbnailUrl":"https:\/\/matkailu.samediggi.fi\/wp-content\/uploads\/2022\/02\/tulevaisuus_hyva.jpg","datePublished":"2022-02-28T19:44:25+00:00","dateModified":"2022-05-05T12:53:35+00:00","breadcrumb":{"@id":"https:\/\/matkailu.samediggi.fi\/sms\/tulevaisuus\/#breadcrumb"},"inLanguage":"sms-FI","potentialAction":[{"@type":"ReadAction","target":["https:\/\/matkailu.samediggi.fi\/sms\/tulevaisuus\/"]}]},{"@type":"ImageObject","inLanguage":"sms-FI","@id":"https:\/\/matkailu.samediggi.fi\/sms\/tulevaisuus\/#primaryimage","url":"https:\/\/matkailu.samediggi.fi\/wp-content\/uploads\/2022\/02\/tulevaisuus_hyva.jpg","contentUrl":"https:\/\/matkailu.samediggi.fi\/wp-content\/uploads\/2022\/02\/tulevaisuus_hyva.jpg","width":1448,"height":1024,"caption":"Kaart\u02bct\u00f5s: Sunna Kitti"},{"@type":"BreadcrumbList","@id":"https:\/\/matkailu.samediggi.fi\/sms\/tulevaisuus\/#breadcrumb","itemListElement":[{"@type":"ListItem","position":1,"name":"Home","item":"https:\/\/matkailu.samediggi.fi\/sms\/"},{"@type":"ListItem","position":2,"name":"Vastuullisilla valinnoillamme vaikutamme tulevaisuuteemme"}]},{"@type":"WebSite","@id":"https:\/\/matkailu.samediggi.fi\/sms\/#website","url":"https:\/\/matkailu.samediggi.fi\/sms\/","name":"Saamelaismatkailu","description":"","publisher":{"@id":"https:\/\/matkailu.samediggi.fi\/sms\/#organization"},"potentialAction":[{"@type":"SearchAction","target":{"@type":"EntryPoint","urlTemplate":"https:\/\/matkailu.samediggi.fi\/sms\/?s={search_term_string}"},"query-input":{"@type":"PropertyValueSpecification","valueRequired":true,"valueName":"search_term_string"}}],"inLanguage":"sms-FI"},{"@type":"Organization","@id":"https:\/\/matkailu.samediggi.fi\/sms\/#organization","name":"Saamelaisk\u00e4r\u00e4j\u00e4t","url":"https:\/\/matkailu.samediggi.fi\/sms\/","logo":{"@type":"ImageObject","inLanguage":"sms-FI","@id":"https:\/\/matkailu.samediggi.fi\/sms\/#\/schema\/logo\/image\/","url":"https:\/\/matkailu.samediggi.fi\/wp-content\/uploads\/2022\/02\/Samediggilogo_TxtAktiv-1.png","contentUrl":"https:\/\/matkailu.samediggi.fi\/wp-content\/uploads\/2022\/02\/Samediggilogo_TxtAktiv-1.png","width":2490,"height":1044,"caption":"Saamelaisk\u00e4r\u00e4j\u00e4t"},"image":{"@id":"https:\/\/matkailu.samediggi.fi\/sms\/#\/schema\/logo\/image\/"}}]}},"_links":{"self":[{"href":"https:\/\/matkailu.samediggi.fi\/sms\/wp-json\/wp\/v2\/pages\/481","targetHints":{"allow":["GET"]}}],"collection":[{"href":"https:\/\/matkailu.samediggi.fi\/sms\/wp-json\/wp\/v2\/pages"}],"about":[{"href":"https:\/\/matkailu.samediggi.fi\/sms\/wp-json\/wp\/v2\/types\/page"}],"author":[{"embeddable":true,"href":"https:\/\/matkailu.samediggi.fi\/sms\/wp-json\/wp\/v2\/users\/8"}],"replies":[{"embeddable":true,"href":"https:\/\/matkailu.samediggi.fi\/sms\/wp-json\/wp\/v2\/comments?post=481"}],"version-history":[{"count":23,"href":"https:\/\/matkailu.samediggi.fi\/sms\/wp-json\/wp\/v2\/pages\/481\/revisions"}],"predecessor-version":[{"id":1144,"href":"https:\/\/matkailu.samediggi.fi\/sms\/wp-json\/wp\/v2\/pages\/481\/revisions\/1144"}],"wp:featuredmedia":[{"embeddable":true,"href":"https:\/\/matkailu.samediggi.fi\/sms\/wp-json\/wp\/v2\/media\/194"}],"wp:attachment":[{"href":"https:\/\/matkailu.samediggi.fi\/sms\/wp-json\/wp\/v2\/media?parent=481"}],"curies":[{"name":"wp","href":"https:\/\/api.w.org\/{rel}","templated":true}]}}