{"id":3868,"date":"2025-06-09T12:56:30","date_gmt":"2025-06-09T09:56:30","guid":{"rendered":"https:\/\/matkailu.samediggi.fi\/vuallamvuottciol%c7%a5tos\/"},"modified":"2026-01-07T12:17:13","modified_gmt":"2026-01-07T10:17:13","slug":"vuallamvuottciol%c7%a5tos","status":"publish","type":"page","link":"https:\/\/matkailu.samediggi.fi\/sms\/vuallamvuottciol%c7%a5tos\/","title":{"rendered":"Vu\u00e4llamvu\u00f5tt&shy;\u010di\u00f5l\u01e5t\u00f5s"},"content":{"rendered":"<div class=\"wpb-content-wrapper\"><p>[vc_row row_height_percent=&#8221;0&#8243; override_padding=&#8221;yes&#8221; h_padding=&#8221;2&#8243; top_padding=&#8221;2&#8243; bottom_padding=&#8221;4&#8243; back_color=&#8221;color-xsdn&#8221; overlay_alpha=&#8221;50&#8243; gutter_size=&#8221;3&#8243; column_width_percent=&#8221;100&#8243; shift_y=&#8221;0&#8243; z_index=&#8221;0&#8243; uncode_shortcode_id=&#8221;125961&#8243; back_color_type=&#8221;uncode-palette&#8221;][vc_column][vc_column_text uncode_shortcode_id=&#8221;145145&#8243;]<\/p>\n<div class=\"wrapper module-wrapper module-editor default-paddings padding-top-0 padding-bottom-80 module-width-content-area module-visibility-desktop-visible module-visibility-mobile-visible\">\n<div class=\"grid-wrapper\">\n<div class=\"grid-container\">\n<div class=\"grid-x grid-margin-x align-left\">\n<div class=\"cell xlarge-9\">\n<div class=\"module-width-content-area-wrapper\">\n<div class=\"container module-container module-container-editor\">\n<section class=\"container editor-container editor-content default\">\n<h2 class=\"text-align-left\">K\u00e4\u00e4zzk\u00f5\u00f5zz vu\u00e4llamvu\u00f5tt<\/h2>\n<p>Ne\u02b9ttseidd\u00f5s te\u00e2udd j\u00e4\u00e4nm\u00f5s\u00e2n l\u00e4\u00e4\u02b9jjest kai\u02b9bbjum A- da AA-t\u00e4\u00e4\u02b9zz vu\u00e4llamvu\u00f5ttkritee\u02b9rid (WCAG 2.1), jie-ka seidd\u00f5\u00f5zz\u00e2st le\u00e4kku kriittla\u017e vu\u00e4llamvu\u00f5ttv\u00e4\u00e4\u02b9n. Ne\u02b9ttk\u00e4\u00e4zzk\u00f5\u00f5zz\u00e2st \u00e5\u00e5rrai k\u00f5skks\u00e2jjsa\u017e v\u00e4\u00e4\u02b9nnvu\u00f5\u0111 lie kovvuum m\u00e2\u02b9nnjlubust t\u00e4n \u010di\u00f5l\u01e5t\u00f5\u00f5zz\u00e2st. Vu\u00e4llamvu\u00f5tt lij te\u02b9sttjum ne\u02b9ttk\u00e4\u00e4zzk\u00f5\u00f5zz tooi\u02b9mteei tooi\u02b9mest vu\u00e4llamvu\u00f5tt-tu\u00e2jjne\u00e4vvaivui\u02b9m ve\u00e4kka. Vu\u00e4llamvu\u00f5\u0111 v\u00e4\u00e4\u02b9ldet \u0161e lokku puki o\u0111\u0111 vu\u00f5\u0111i ooud\u00e2sviikk\u00e2mtu\u00e2jast.<\/p>\n<p>Jos taarb\u0161emad aunst\u00f5s ij le\u00e4kku vu\u00e4llamnalla \u00e5\u00e5rrai, v\u00e4\u00e4\u02b9ld mi\u02b9jjid\u00a0\u00f5httvu\u00f5\u0111 <a href=\"https:\/\/samediggi.fi\/nuo\/ohttvuott-tead\/\" target=\"_blank\" rel=\"noopener\">ne\u02b9ttp\u00e5\u00e5\u02b9\u0161t mie\u02b9ldd<\/a>. Tooi\u02b9mtep taarb\u0161emad aunst\u00f5\u00f5zz vu\u00e4llamnalla \u00e5\u00e5rrai h\u00e4\u00e4mast.<\/p>\n<p><strong>Koovi da k\u00e4\u00e4\u02b9vvpirst\u00f5\u00f5\u01e5\u01e5i:<\/strong> siisk\u00f5s-seeidain lie m\u00e5tam koov, koid jie le\u00e4kku me\u00e4\u02b9rtum kovveei te\u02b9ksttvastti. Seidd\u00f5\u00f5zz\u00e2st lie \u0161e m\u00e5tam koov, kook \u00e2\u02b9nne se\u02b9st tee\u02b9kst. (WCAG 1.1.1, WCAG 1.4.5)<\/p>\n<p><strong>Lii\u014bk:<\/strong>\u00a0Lii\u014bki n\u00f5\u00f5mumm\u0161est lie v\u00e4\u00e4\u02b9nnvu\u00f5\u0111. Seidd\u00f5\u00f5zz seeidain v\u00e2jja lee\u02b9d \u00f5nnum se\u00e4mma li\u014bkktee\u02b9kst lii\u014bkin, kook ohjjee \u00f5\u00f5\u02b9nni jee\u02b9res s\u00f5\u00f5\u02b9jid. Puk li\u014bkktee\u02b9kst jie toi\u02b9mme p\u00e5\u00e5\u0111ai \u00e4\u02b9\u0161\u0161\u00f5httvu\u00f5\u0111\u00e2st m\u00e2\u02b9te \u201dTobdst\u00f5\u00f5\u0111 t\u00e4\u02b9st\u201d le\u02b9be \u201d\u01e9i\u00f5\u010d\u010d puk\u201d. Seidd\u00f5\u00f5zz\u00e2st lie kovvlii\u014bk, koin v\u00e4ill lii\u014bk jurddi \u010du\u00e4\u02b9jteei te\u02b9ksttvaast. (WCAG 2.4.4)<\/p>\n<p><strong>Ooccm\u00f5\u0161:<\/strong>\u00a0Seidd\u00f5\u00f5zz takai ooccm\u00f5\u0161 ij toi\u02b9mme te\u00e2ttma\u0161ina ikk\u00e2nlookkjin da k\u00e4\u00e4zzk\u00f5\u00f5zz oocc\u00e2mtooi\u02b9m \u00e2\u02b9nne se\u02b9st v\u00e4\u00e4\u02b9nes vu\u00e4pp\u00f5stee\u02b9kstid. T\u00e4n p\u00f5\u00f5r\u01e5\u00e2t teevvad pue\u02b9tti peei\u02b9vt\u00f5\u00f5zzin (WCAG 3.3.2)<\/p>\n<p><strong>Vu\u00e4jtum video:<\/strong>\u00a0Vu\u00e4jtum YouTube-s\u00e5ittne\u00e4vv pu\u00e5luid je\u00e4t lokku vu\u00f5i\u02b9\u01e7\u01e7est pukin ikk\u00e2nlookkjin. L\u00e4\u00e4\u02b9jj kai\u02b9bbj\u00f5\u00f5zz jie ku\u00f5sk n\u00e4kam ku\u00e4lmad vue\u02b9sspe\u00e4\u02b9l siisk\u00f5\u00f5zz. (WCAG 1.1.1)<\/p>\n<\/section>\n<\/div>\n<p><\/div>\n<p><\/div>\n<p><\/div>\n<p><\/div>\n<p><\/div>\n<p><\/div>\n<p>[\/vc_column_text][\/vc_column][\/vc_row]<\/p>\n<\/div>","protected":false},"excerpt":{"rendered":"<p>T\u00e4t \u010di\u00f5l\u01e5t\u00f5s ku\u00e2skk matkailu.samediggi.fi -ne\u02b9ttseidd\u00f5\u00f5zz. Ne\u02b9ttseidd\u00f5\u00f5zz ku\u00e2skk l\u00e4\u00e4\u02b9\u01e9\u01e9 digitaal\u02bcla\u017e k\u00e4\u00e4zzk\u00f5\u00f5zzi ta\u02b9rjjumm\u0161est. L\u00e4\u00e4\u02b9jj mie\u02b9ldd \u00f5\u00f5lm\u00e2s ne\u02b9ttk\u00e4\u00e4zzk\u00f5\u00f5zz \u00e2\u02b9l\u01e7\u01e7e lee\u02b9d vu\u00e4llamnalla \u00e5\u00e5rrai le\u02b9be pukin \u00e2\u02b9l\u01e7\u01e7e lee\u02b9d t\u00e4\u00e4\u02b9ssverddsa vuei\u02b9ttemvu\u00f5\u0111 \u00e2\u00e2\u02b9nned ne\u02b9ttk\u00e4\u00e4zzk\u00f5\u00f5zzid. \u010ci\u00f5l\u01e5t\u00f5\u00f5zz\u00e2st s\u00e4\u00e4rnat, m\u00f5\u00f5k v\u00e4\u00e4\u02b9nnvu\u00f5\u0111 seidd\u00f5\u00f5zz vu\u00e4llamvu\u00f5\u0111\u00e2st lie da m\u00f5\u00f5n nalla vu\u00e4itak u\u02b9vdded maacct\u00f5\u00f5zz seidd\u00f5\u00f5zz vu\u00e4llamvu\u00f5\u0111\u00e2st. \u010ci\u00f5l\u01e5t\u00f5s lij rajjum  31.1.2024.<\/p>\n","protected":false},"author":8,"featured_media":199,"parent":0,"menu_order":0,"comment_status":"closed","ping_status":"open","template":"","meta":{"footnotes":""},"class_list":["post-3868","page","type-page","status-publish","has-post-thumbnail","hentry"],"yoast_head":"<!-- This site is optimized with the Yoast SEO plugin v26.6 - https:\/\/yoast.com\/wordpress\/plugins\/seo\/ -->\n<title>Vu\u00e4llamvu\u00f5tt&shy;\u010di\u00f5l\u01e5t\u00f5s - Saamelaismatkailu<\/title>\n<meta name=\"robots\" content=\"index, follow, max-snippet:-1, max-image-preview:large, max-video-preview:-1\" \/>\n<link rel=\"canonical\" href=\"https:\/\/matkailu.samediggi.fi\/sms\/vuallamvuottciol%c7%a5tos\/\" \/>\n<meta property=\"og:locale\" content=\"en_US\" \/>\n<meta property=\"og:type\" content=\"article\" \/>\n<meta property=\"og:title\" content=\"Vu\u00e4llamvu\u00f5tt&shy;\u010di\u00f5l\u01e5t\u00f5s - Saamelaismatkailu\" \/>\n<meta property=\"og:description\" content=\"T\u00e4t \u010di\u00f5l\u01e5t\u00f5s ku\u00e2skk matkailu.samediggi.fi -ne\u02b9ttseidd\u00f5\u00f5zz. Ne\u02b9ttseidd\u00f5\u00f5zz ku\u00e2skk l\u00e4\u00e4\u02b9\u01e9\u01e9 digitaal\u02bcla\u017e k\u00e4\u00e4zzk\u00f5\u00f5zzi ta\u02b9rjjumm\u0161est. L\u00e4\u00e4\u02b9jj mie\u02b9ldd \u00f5\u00f5lm\u00e2s ne\u02b9ttk\u00e4\u00e4zzk\u00f5\u00f5zz \u00e2\u02b9l\u01e7\u01e7e lee\u02b9d vu\u00e4llamnalla \u00e5\u00e5rrai le\u02b9be pukin \u00e2\u02b9l\u01e7\u01e7e lee\u02b9d t\u00e4\u00e4\u02b9ssverddsa vuei\u02b9ttemvu\u00f5\u0111 \u00e2\u00e2\u02b9nned ne\u02b9ttk\u00e4\u00e4zzk\u00f5\u00f5zzid. \u010ci\u00f5l\u01e5t\u00f5\u00f5zz\u00e2st s\u00e4\u00e4rnat, m\u00f5\u00f5k v\u00e4\u00e4\u02b9nnvu\u00f5\u0111 seidd\u00f5\u00f5zz vu\u00e4llamvu\u00f5\u0111\u00e2st lie da m\u00f5\u00f5n nalla vu\u00e4itak u\u02b9vdded maacct\u00f5\u00f5zz seidd\u00f5\u00f5zz vu\u00e4llamvu\u00f5\u0111\u00e2st. \u010ci\u00f5l\u01e5t\u00f5s lij rajjum 31.1.2024.\" \/>\n<meta property=\"og:url\" content=\"https:\/\/matkailu.samediggi.fi\/sms\/vuallamvuottciol%c7%a5tos\/\" \/>\n<meta property=\"og:site_name\" content=\"Saamelaismatkailu\" \/>\n<meta property=\"article:modified_time\" content=\"2026-01-07T10:17:13+00:00\" \/>\n<meta property=\"og:image\" content=\"https:\/\/matkailu.samediggi.fi\/wp-content\/uploads\/2022\/02\/kartta_kulttuuri-1.jpg\" \/>\n\t<meta property=\"og:image:width\" content=\"728\" \/>\n\t<meta property=\"og:image:height\" content=\"727\" \/>\n\t<meta property=\"og:image:type\" content=\"image\/jpeg\" \/>\n<meta name=\"twitter:card\" content=\"summary_large_image\" \/>\n<meta name=\"twitter:label1\" content=\"Est. reading time\" \/>\n\t<meta name=\"twitter:data1\" content=\"2 minutes\" \/>\n<script type=\"application\/ld+json\" class=\"yoast-schema-graph\">{\"@context\":\"https:\/\/schema.org\",\"@graph\":[{\"@type\":\"WebPage\",\"@id\":\"https:\/\/matkailu.samediggi.fi\/sms\/vuallamvuottciol%c7%a5tos\/\",\"url\":\"https:\/\/matkailu.samediggi.fi\/sms\/vuallamvuottciol%c7%a5tos\/\",\"name\":\"Vu\u00e4llamvu\u00f5tt&shy;\u010di\u00f5l\u01e5t\u00f5s - Saamelaismatkailu\",\"isPartOf\":{\"@id\":\"https:\/\/matkailu.samediggi.fi\/sms\/#website\"},\"primaryImageOfPage\":{\"@id\":\"https:\/\/matkailu.samediggi.fi\/sms\/vuallamvuottciol%c7%a5tos\/#primaryimage\"},\"image\":{\"@id\":\"https:\/\/matkailu.samediggi.fi\/sms\/vuallamvuottciol%c7%a5tos\/#primaryimage\"},\"thumbnailUrl\":\"https:\/\/matkailu.samediggi.fi\/wp-content\/uploads\/2022\/02\/kartta_kulttuuri-1.jpg\",\"datePublished\":\"2025-06-09T09:56:30+00:00\",\"dateModified\":\"2026-01-07T10:17:13+00:00\",\"breadcrumb\":{\"@id\":\"https:\/\/matkailu.samediggi.fi\/sms\/vuallamvuottciol%c7%a5tos\/#breadcrumb\"},\"inLanguage\":\"sms-FI\",\"potentialAction\":[{\"@type\":\"ReadAction\",\"target\":[\"https:\/\/matkailu.samediggi.fi\/sms\/vuallamvuottciol%c7%a5tos\/\"]}]},{\"@type\":\"ImageObject\",\"inLanguage\":\"sms-FI\",\"@id\":\"https:\/\/matkailu.samediggi.fi\/sms\/vuallamvuottciol%c7%a5tos\/#primaryimage\",\"url\":\"https:\/\/matkailu.samediggi.fi\/wp-content\/uploads\/2022\/02\/kartta_kulttuuri-1.jpg\",\"contentUrl\":\"https:\/\/matkailu.samediggi.fi\/wp-content\/uploads\/2022\/02\/kartta_kulttuuri-1.jpg\",\"width\":728,\"height\":727,\"caption\":\"Kuvitus: Sunna Kitti\"},{\"@type\":\"BreadcrumbList\",\"@id\":\"https:\/\/matkailu.samediggi.fi\/sms\/vuallamvuottciol%c7%a5tos\/#breadcrumb\",\"itemListElement\":[{\"@type\":\"ListItem\",\"position\":1,\"name\":\"Home\",\"item\":\"https:\/\/matkailu.samediggi.fi\/sms\/\"},{\"@type\":\"ListItem\",\"position\":2,\"name\":\"Vu\u00e4llamvu\u00f5tt&shy;\u010di\u00f5l\u01e5t\u00f5s\"}]},{\"@type\":\"WebSite\",\"@id\":\"https:\/\/matkailu.samediggi.fi\/sms\/#website\",\"url\":\"https:\/\/matkailu.samediggi.fi\/sms\/\",\"name\":\"Saamelaismatkailu\",\"description\":\"\",\"publisher\":{\"@id\":\"https:\/\/matkailu.samediggi.fi\/sms\/#organization\"},\"potentialAction\":[{\"@type\":\"SearchAction\",\"target\":{\"@type\":\"EntryPoint\",\"urlTemplate\":\"https:\/\/matkailu.samediggi.fi\/sms\/?s={search_term_string}\"},\"query-input\":{\"@type\":\"PropertyValueSpecification\",\"valueRequired\":true,\"valueName\":\"search_term_string\"}}],\"inLanguage\":\"sms-FI\"},{\"@type\":\"Organization\",\"@id\":\"https:\/\/matkailu.samediggi.fi\/sms\/#organization\",\"name\":\"Saamelaisk\u00e4r\u00e4j\u00e4t\",\"url\":\"https:\/\/matkailu.samediggi.fi\/sms\/\",\"logo\":{\"@type\":\"ImageObject\",\"inLanguage\":\"sms-FI\",\"@id\":\"https:\/\/matkailu.samediggi.fi\/sms\/#\/schema\/logo\/image\/\",\"url\":\"https:\/\/matkailu.samediggi.fi\/wp-content\/uploads\/2022\/02\/Samediggilogo_TxtAktiv-1.png\",\"contentUrl\":\"https:\/\/matkailu.samediggi.fi\/wp-content\/uploads\/2022\/02\/Samediggilogo_TxtAktiv-1.png\",\"width\":2490,\"height\":1044,\"caption\":\"Saamelaisk\u00e4r\u00e4j\u00e4t\"},\"image\":{\"@id\":\"https:\/\/matkailu.samediggi.fi\/sms\/#\/schema\/logo\/image\/\"}}]}<\/script>\n<!-- \/ Yoast SEO plugin. -->","yoast_head_json":{"title":"Vu\u00e4llamvu\u00f5tt&shy;\u010di\u00f5l\u01e5t\u00f5s - Saamelaismatkailu","robots":{"index":"index","follow":"follow","max-snippet":"max-snippet:-1","max-image-preview":"max-image-preview:large","max-video-preview":"max-video-preview:-1"},"canonical":"https:\/\/matkailu.samediggi.fi\/sms\/vuallamvuottciol%c7%a5tos\/","og_locale":"en_US","og_type":"article","og_title":"Vu\u00e4llamvu\u00f5tt&shy;\u010di\u00f5l\u01e5t\u00f5s - Saamelaismatkailu","og_description":"T\u00e4t \u010di\u00f5l\u01e5t\u00f5s ku\u00e2skk matkailu.samediggi.fi -ne\u02b9ttseidd\u00f5\u00f5zz. Ne\u02b9ttseidd\u00f5\u00f5zz ku\u00e2skk l\u00e4\u00e4\u02b9\u01e9\u01e9 digitaal\u02bcla\u017e k\u00e4\u00e4zzk\u00f5\u00f5zzi ta\u02b9rjjumm\u0161est. L\u00e4\u00e4\u02b9jj mie\u02b9ldd \u00f5\u00f5lm\u00e2s ne\u02b9ttk\u00e4\u00e4zzk\u00f5\u00f5zz \u00e2\u02b9l\u01e7\u01e7e lee\u02b9d vu\u00e4llamnalla \u00e5\u00e5rrai le\u02b9be pukin \u00e2\u02b9l\u01e7\u01e7e lee\u02b9d t\u00e4\u00e4\u02b9ssverddsa vuei\u02b9ttemvu\u00f5\u0111 \u00e2\u00e2\u02b9nned ne\u02b9ttk\u00e4\u00e4zzk\u00f5\u00f5zzid. \u010ci\u00f5l\u01e5t\u00f5\u00f5zz\u00e2st s\u00e4\u00e4rnat, m\u00f5\u00f5k v\u00e4\u00e4\u02b9nnvu\u00f5\u0111 seidd\u00f5\u00f5zz vu\u00e4llamvu\u00f5\u0111\u00e2st lie da m\u00f5\u00f5n nalla vu\u00e4itak u\u02b9vdded maacct\u00f5\u00f5zz seidd\u00f5\u00f5zz vu\u00e4llamvu\u00f5\u0111\u00e2st. \u010ci\u00f5l\u01e5t\u00f5s lij rajjum 31.1.2024.","og_url":"https:\/\/matkailu.samediggi.fi\/sms\/vuallamvuottciol%c7%a5tos\/","og_site_name":"Saamelaismatkailu","article_modified_time":"2026-01-07T10:17:13+00:00","og_image":[{"width":728,"height":727,"url":"https:\/\/matkailu.samediggi.fi\/wp-content\/uploads\/2022\/02\/kartta_kulttuuri-1.jpg","type":"image\/jpeg"}],"twitter_card":"summary_large_image","twitter_misc":{"Est. reading time":"2 minutes"},"schema":{"@context":"https:\/\/schema.org","@graph":[{"@type":"WebPage","@id":"https:\/\/matkailu.samediggi.fi\/sms\/vuallamvuottciol%c7%a5tos\/","url":"https:\/\/matkailu.samediggi.fi\/sms\/vuallamvuottciol%c7%a5tos\/","name":"Vu\u00e4llamvu\u00f5tt&shy;\u010di\u00f5l\u01e5t\u00f5s - Saamelaismatkailu","isPartOf":{"@id":"https:\/\/matkailu.samediggi.fi\/sms\/#website"},"primaryImageOfPage":{"@id":"https:\/\/matkailu.samediggi.fi\/sms\/vuallamvuottciol%c7%a5tos\/#primaryimage"},"image":{"@id":"https:\/\/matkailu.samediggi.fi\/sms\/vuallamvuottciol%c7%a5tos\/#primaryimage"},"thumbnailUrl":"https:\/\/matkailu.samediggi.fi\/wp-content\/uploads\/2022\/02\/kartta_kulttuuri-1.jpg","datePublished":"2025-06-09T09:56:30+00:00","dateModified":"2026-01-07T10:17:13+00:00","breadcrumb":{"@id":"https:\/\/matkailu.samediggi.fi\/sms\/vuallamvuottciol%c7%a5tos\/#breadcrumb"},"inLanguage":"sms-FI","potentialAction":[{"@type":"ReadAction","target":["https:\/\/matkailu.samediggi.fi\/sms\/vuallamvuottciol%c7%a5tos\/"]}]},{"@type":"ImageObject","inLanguage":"sms-FI","@id":"https:\/\/matkailu.samediggi.fi\/sms\/vuallamvuottciol%c7%a5tos\/#primaryimage","url":"https:\/\/matkailu.samediggi.fi\/wp-content\/uploads\/2022\/02\/kartta_kulttuuri-1.jpg","contentUrl":"https:\/\/matkailu.samediggi.fi\/wp-content\/uploads\/2022\/02\/kartta_kulttuuri-1.jpg","width":728,"height":727,"caption":"Kuvitus: Sunna Kitti"},{"@type":"BreadcrumbList","@id":"https:\/\/matkailu.samediggi.fi\/sms\/vuallamvuottciol%c7%a5tos\/#breadcrumb","itemListElement":[{"@type":"ListItem","position":1,"name":"Home","item":"https:\/\/matkailu.samediggi.fi\/sms\/"},{"@type":"ListItem","position":2,"name":"Vu\u00e4llamvu\u00f5tt&shy;\u010di\u00f5l\u01e5t\u00f5s"}]},{"@type":"WebSite","@id":"https:\/\/matkailu.samediggi.fi\/sms\/#website","url":"https:\/\/matkailu.samediggi.fi\/sms\/","name":"Saamelaismatkailu","description":"","publisher":{"@id":"https:\/\/matkailu.samediggi.fi\/sms\/#organization"},"potentialAction":[{"@type":"SearchAction","target":{"@type":"EntryPoint","urlTemplate":"https:\/\/matkailu.samediggi.fi\/sms\/?s={search_term_string}"},"query-input":{"@type":"PropertyValueSpecification","valueRequired":true,"valueName":"search_term_string"}}],"inLanguage":"sms-FI"},{"@type":"Organization","@id":"https:\/\/matkailu.samediggi.fi\/sms\/#organization","name":"Saamelaisk\u00e4r\u00e4j\u00e4t","url":"https:\/\/matkailu.samediggi.fi\/sms\/","logo":{"@type":"ImageObject","inLanguage":"sms-FI","@id":"https:\/\/matkailu.samediggi.fi\/sms\/#\/schema\/logo\/image\/","url":"https:\/\/matkailu.samediggi.fi\/wp-content\/uploads\/2022\/02\/Samediggilogo_TxtAktiv-1.png","contentUrl":"https:\/\/matkailu.samediggi.fi\/wp-content\/uploads\/2022\/02\/Samediggilogo_TxtAktiv-1.png","width":2490,"height":1044,"caption":"Saamelaisk\u00e4r\u00e4j\u00e4t"},"image":{"@id":"https:\/\/matkailu.samediggi.fi\/sms\/#\/schema\/logo\/image\/"}}]}},"_links":{"self":[{"href":"https:\/\/matkailu.samediggi.fi\/sms\/wp-json\/wp\/v2\/pages\/3868","targetHints":{"allow":["GET"]}}],"collection":[{"href":"https:\/\/matkailu.samediggi.fi\/sms\/wp-json\/wp\/v2\/pages"}],"about":[{"href":"https:\/\/matkailu.samediggi.fi\/sms\/wp-json\/wp\/v2\/types\/page"}],"author":[{"embeddable":true,"href":"https:\/\/matkailu.samediggi.fi\/sms\/wp-json\/wp\/v2\/users\/8"}],"replies":[{"embeddable":true,"href":"https:\/\/matkailu.samediggi.fi\/sms\/wp-json\/wp\/v2\/comments?post=3868"}],"version-history":[{"count":25,"href":"https:\/\/matkailu.samediggi.fi\/sms\/wp-json\/wp\/v2\/pages\/3868\/revisions"}],"predecessor-version":[{"id":7493,"href":"https:\/\/matkailu.samediggi.fi\/sms\/wp-json\/wp\/v2\/pages\/3868\/revisions\/7493"}],"wp:featuredmedia":[{"embeddable":true,"href":"https:\/\/matkailu.samediggi.fi\/sms\/wp-json\/wp\/v2\/media\/199"}],"wp:attachment":[{"href":"https:\/\/matkailu.samediggi.fi\/sms\/wp-json\/wp\/v2\/media?parent=3868"}],"curies":[{"name":"wp","href":"https:\/\/api.w.org\/{rel}","templated":true}]}}