{"id":5955,"date":"2025-12-05T15:11:56","date_gmt":"2025-12-05T13:11:56","guid":{"rendered":"https:\/\/matkailu.samediggi.fi\/ovdasvastadaslii-ja-eettisavt-kilelis-samimadhasem-sertifikaat\/kriiteerjuavkku\/"},"modified":"2026-01-12T10:23:35","modified_gmt":"2026-01-12T08:23:35","slug":"kriiteerjuavkku","status":"publish","type":"page","link":"https:\/\/matkailu.samediggi.fi\/smn\/ovdasvastadaslii-ja-eettisavt-kilelis-samimadhasem-sertifikaat\/kriiteerjuavkku\/","title":{"rendered":"Kriiteerju\u00e1vkku"},"content":{"rendered":"<div class=\"wpb-content-wrapper\"><p>[vc_row][vc_column width=&#8221;1\/1&#8243;][vc_empty_space empty_h=&#8221;2&#8243;][\/vc_column][\/vc_row][vc_row unlock_row_content=&#8221;yes&#8221; row_height_percent=&#8221;0&#8243; override_padding=&#8221;yes&#8221; h_padding=&#8221;0&#8243; top_padding=&#8221;0&#8243; bottom_padding=&#8221;2&#8243; back_color=&#8221;color-420331&#8243; overlay_alpha=&#8221;50&#8243; gutter_size=&#8221;3&#8243; column_width_percent=&#8221;100&#8243; shift_y=&#8221;0&#8243; z_index=&#8221;0&#8243; content_parallax=&#8221;0&#8243; uncode_shortcode_id=&#8221;114990&#8243; back_color_type=&#8221;uncode-palette&#8221;][vc_column width=&#8221;1\/1&#8243;][vc_row_inner row_inner_height_percent=&#8221;0&#8243; back_color=&#8221;color-xsdn&#8221; overlay_alpha=&#8221;50&#8243; gutter_size=&#8221;3&#8243; shift_y=&#8221;0&#8243; z_index=&#8221;0&#8243; uncode_shortcode_id=&#8221;787135&#8243; back_color_type=&#8221;uncode-palette&#8221;][vc_column_inner column_width_percent=&#8221;100&#8243; gutter_size=&#8221;3&#8243; override_padding=&#8221;yes&#8221; column_padding=&#8221;2&#8243; overlay_alpha=&#8221;50&#8243; shift_x=&#8221;0&#8243; shift_y=&#8221;0&#8243; shift_y_down=&#8221;0&#8243; z_index=&#8221;0&#8243; medium_width=&#8221;0&#8243; mobile_width=&#8221;0&#8243; width=&#8221;1\/2&#8243; uncode_shortcode_id=&#8221;162997&#8243;][vc_button size=&#8221;link&#8221; link=&#8221;url:https%3A%2F%2Fmatkailu.samediggi.fi%2Fsmn%2Fovdasvastadaslii-ja-eettisavt-kilelis-samimadhasem-sertifikaat%2F|title:Kriiteerju%C3%A1vkku|&#8221; icon=&#8221;fa fa-long-arrow-left&#8221; uncode_shortcode_id=&#8221;915285&#8243;]Maas\u00e2d ovd\u00e2siij\u0111on[\/vc_button][\/vc_column_inner][vc_column_inner column_width_percent=&#8221;100&#8243; align_horizontal=&#8221;align_right&#8221; gutter_size=&#8221;3&#8243; override_padding=&#8221;yes&#8221; column_padding=&#8221;2&#8243; overlay_alpha=&#8221;50&#8243; shift_x=&#8221;0&#8243; shift_y=&#8221;0&#8243; shift_y_down=&#8221;0&#8243; z_index=&#8221;0&#8243; medium_width=&#8221;0&#8243; mobile_width=&#8221;0&#8243; width=&#8221;1\/2&#8243; uncode_shortcode_id=&#8221;411744&#8243;][vc_wp_custommenu nav_menu=&#8221;188&#8243; nav_menu_horizontal=&#8221;1&#8243;][\/vc_column_inner][\/vc_row_inner][\/vc_column][\/vc_row][vc_row row_height_percent=&#8221;0&#8243; back_color=&#8221;color-xsdn&#8221; overlay_alpha=&#8221;50&#8243; gutter_size=&#8221;3&#8243; column_width_percent=&#8221;100&#8243; shift_y=&#8221;0&#8243; z_index=&#8221;0&#8243; content_parallax=&#8221;0&#8243; uncode_shortcode_id=&#8221;136304&#8243; back_color_type=&#8221;uncode-palette&#8221;][vc_column width=&#8221;1\/1&#8243;][vc_custom_heading heading_semantic=&#8221;h1&#8243; uncode_shortcode_id=&#8221;167960&#8243; el_class=&#8221;headingBlock&#8221;]Ju\u00e1\u0111hi \u010do\u0111\u00e2ldittemn\u00e1\u00e1l kriter\u00e1id[\/vc_custom_heading][uncode_index el_id=&#8221;index-537495863&#8243; loop=&#8221;size:All|order_by:date|post_type:lp_course|taxonomy_count:10&#8243; screen_lg=&#8221;1000&#8243; screen_md=&#8221;600&#8243; screen_sm=&#8221;480&#8243; gutter_size=&#8221;4&#8243; post_items=&#8221;media|featured|onpost|poster,date,title,text|excerpt|90,category|bordered|topright|hide-icon,sep-one|full,extra&#8221; lp_course_items=&#8221;media|featured|onpost|original,title|-,text|full,link|default|default_size|scale_mobile|default_width|default_outline|Ju\u00e1\u0111hi \u010do\u0111\u00e2lditti\u0111 kriterijd&#8221; single_text=&#8221;lateral&#8221; images_size=&#8221;one-one&#8221; single_image_size=&#8221;4&#8243; single_overlay_color=&#8221;color-wayh&#8221; single_overlay_opacity=&#8221;50&#8243; single_text_visible=&#8221;yes&#8221; single_text_anim=&#8221;no&#8221; single_vertical_text=&#8221;middle&#8221; single_padding=&#8221;2&#8243; single_title_dimension=&#8221;h2&#8243; single_border=&#8221;yes&#8221; post_matrix=&#8221;matrix&#8221; matrix_amount=&#8221;2&#8243; uncode_shortcode_id=&#8221;106456&#8243; matrix_items=&#8221;eyIxX2kiOnsic2luZ2xlX3dpZHRoIjoiMTIiLCJpbWFnZXNfc2l6ZSI6Im9uZS1vbmUiLCJzaW5nbGVfaW1hZ2VfcG9zaXRpb24iOiJyaWdodCJ9LCIwX2kiOnsic2luZ2xlX3dpZHRoIjoiMTIiLCJpbWFnZXNfc2l6ZSI6Im9uZS1vbmUifX0=&#8221; el_class=&#8221;removePaddings&#8221;][\/vc_column][\/vc_row][vc_row row_height_percent=&#8221;0&#8243; override_padding=&#8221;yes&#8221; h_padding=&#8221;2&#8243; top_padding=&#8221;3&#8243; bottom_padding=&#8221;3&#8243; back_color=&#8221;color-420331&#8243; overlay_alpha=&#8221;50&#8243; gutter_size=&#8221;3&#8243; column_width_percent=&#8221;100&#8243; shift_y=&#8221;0&#8243; z_index=&#8221;0&#8243; enable_top_divider=&#8221;default&#8221; top_divider_inv=&#8221;pyramids&#8221; shape_top_invert=&#8221;yes&#8221; shape_top_h_use_pixel=&#8221;&#8221; shape_top_height=&#8221;100&#8243; shape_top_color=&#8221;color-xsdn&#8221; shape_top_opacity=&#8221;100&#8243; shape_top_safe=&#8221;yes&#8221; shape_top_index=&#8221;0&#8243; content_parallax=&#8221;0&#8243; uncode_shortcode_id=&#8221;397289&#8243; back_color_type=&#8221;uncode-palette&#8221; shape_top_color_type=&#8221;uncode-palette&#8221; row_name=&#8221;Hankkeen rahoitus&#8221;][vc_column column_width_percent=&#8221;100&#8243; align_horizontal=&#8221;align_center&#8221; gutter_size=&#8221;3&#8243; overlay_alpha=&#8221;50&#8243; shift_x=&#8221;0&#8243; shift_y=&#8221;0&#8243; shift_y_down=&#8221;0&#8243; z_index=&#8221;0&#8243; medium_width=&#8221;0&#8243; mobile_width=&#8221;0&#8243; width=&#8221;1\/1&#8243; uncode_shortcode_id=&#8221;629555&#8243;][vc_column_text uncode_shortcode_id=&#8221;158141&#8243;]S\u00e4mitige \u010di\u010d\u010d\u00e2d s\u00e4mima\u0111h\u00e2\u0161emhaah\u00e2,\u00a0<em>Vasan matka eli Vastuullisen saamelaismatkailun sertifikaatti: toimintamallin ja digitaalisen hakusivuston kehitt\u00e4minen (Ovd\u00e2sv\u00e1st\u00e1d\u00e2slii s\u00e4mima\u0111h\u00e2\u0161em sertifikaat: toim\u00e2maali j\u00e1 digitaallij uucc\u00e2msiij\u0111oi ovdedem),\u00a0<\/em>lii Euroop union rutt\u00e2dem \u2013 NextGenerationEU.[\/vc_column_text][vc_single_image media=&#8221;1849&#8243; media_width_use_pixel=&#8221;yes&#8221; alignment=&#8221;center&#8221; uncode_shortcode_id=&#8221;178111&#8243; media_width_pixel=&#8221;250&#8243;][\/vc_column][\/vc_row]<\/p>\n<\/div>","protected":false},"excerpt":{"rendered":"<p>[vc_row][vc_column width=&#8221;1\/1&#8243;][vc_empty_space empty_h=&#8221;2&#8243;][\/vc_column][\/vc_row][vc_row unlock_row_content=&#8221;yes&#8221; row_height_percent=&#8221;0&#8243; override_padding=&#8221;yes&#8221; h_padding=&#8221;0&#8243; top_padding=&#8221;0&#8243; bottom_padding=&#8221;2&#8243; back_color=&#8221;color-420331&#8243; overlay_alpha=&#8221;50&#8243; gutter_size=&#8221;3&#8243; column_width_percent=&#8221;100&#8243; shift_y=&#8221;0&#8243; z_index=&#8221;0&#8243; content_parallax=&#8221;0&#8243; uncode_shortcode_id=&#8221;114990&#8243; back_color_type=&#8221;uncode-palette&#8221;][vc_column width=&#8221;1\/1&#8243;][vc_row_inner row_inner_height_percent=&#8221;0&#8243; [&hellip;]<\/p>\n","protected":false},"author":8,"featured_media":0,"parent":1712,"menu_order":0,"comment_status":"closed","ping_status":"closed","template":"","meta":{"footnotes":""},"class_list":["post-5955","page","type-page","status-publish","hentry","page_category-dev"],"yoast_head":"<!-- This site is optimized with the Yoast SEO plugin v26.6 - https:\/\/yoast.com\/wordpress\/plugins\/seo\/ -->\n<title>Kriiteerju\u00e1vkku - Saamelaismatkailu<\/title>\n<meta name=\"robots\" content=\"index, follow, max-snippet:-1, max-image-preview:large, max-video-preview:-1\" \/>\n<link rel=\"canonical\" href=\"https:\/\/matkailu.samediggi.fi\/smn\/ovdasvastadaslii-ja-eettisavt-kilelis-samimadhasem-sertifikaat\/kriiteerjuavkku\/\" \/>\n<meta property=\"og:locale\" content=\"en_US\" \/>\n<meta property=\"og:type\" content=\"article\" \/>\n<meta property=\"og:title\" content=\"Kriiteerju\u00e1vkku - Saamelaismatkailu\" \/>\n<meta property=\"og:description\" content=\"[vc_row][vc_column width=&#8221;1\/1&#8243;][vc_empty_space empty_h=&#8221;2&#8243;][\/vc_column][\/vc_row][vc_row unlock_row_content=&#8221;yes&#8221; row_height_percent=&#8221;0&#8243; override_padding=&#8221;yes&#8221; h_padding=&#8221;0&#8243; top_padding=&#8221;0&#8243; bottom_padding=&#8221;2&#8243; back_color=&#8221;color-420331&#8243; overlay_alpha=&#8221;50&#8243; gutter_size=&#8221;3&#8243; column_width_percent=&#8221;100&#8243; shift_y=&#8221;0&#8243; z_index=&#8221;0&#8243; content_parallax=&#8221;0&#8243; uncode_shortcode_id=&#8221;114990&#8243; back_color_type=&#8221;uncode-palette&#8221;][vc_column width=&#8221;1\/1&#8243;][vc_row_inner row_inner_height_percent=&#8221;0&#8243; [&hellip;]\" \/>\n<meta property=\"og:url\" content=\"https:\/\/matkailu.samediggi.fi\/smn\/ovdasvastadaslii-ja-eettisavt-kilelis-samimadhasem-sertifikaat\/kriiteerjuavkku\/\" \/>\n<meta property=\"og:site_name\" content=\"Saamelaismatkailu\" \/>\n<meta property=\"article:modified_time\" content=\"2026-01-12T08:23:35+00:00\" \/>\n<meta name=\"twitter:card\" content=\"summary_large_image\" \/>\n<meta name=\"twitter:label1\" content=\"Est. reading time\" \/>\n\t<meta name=\"twitter:data1\" content=\"2 minutes\" \/>\n<script type=\"application\/ld+json\" class=\"yoast-schema-graph\">{\"@context\":\"https:\/\/schema.org\",\"@graph\":[{\"@type\":\"WebPage\",\"@id\":\"https:\/\/matkailu.samediggi.fi\/smn\/ovdasvastadaslii-ja-eettisavt-kilelis-samimadhasem-sertifikaat\/kriiteerjuavkku\/\",\"url\":\"https:\/\/matkailu.samediggi.fi\/smn\/ovdasvastadaslii-ja-eettisavt-kilelis-samimadhasem-sertifikaat\/kriiteerjuavkku\/\",\"name\":\"Kriiteerju\u00e1vkku - Saamelaismatkailu\",\"isPartOf\":{\"@id\":\"https:\/\/matkailu.samediggi.fi\/smn\/#website\"},\"datePublished\":\"2025-12-05T13:11:56+00:00\",\"dateModified\":\"2026-01-12T08:23:35+00:00\",\"breadcrumb\":{\"@id\":\"https:\/\/matkailu.samediggi.fi\/smn\/ovdasvastadaslii-ja-eettisavt-kilelis-samimadhasem-sertifikaat\/kriiteerjuavkku\/#breadcrumb\"},\"inLanguage\":\"smn-FI\",\"potentialAction\":[{\"@type\":\"ReadAction\",\"target\":[\"https:\/\/matkailu.samediggi.fi\/smn\/ovdasvastadaslii-ja-eettisavt-kilelis-samimadhasem-sertifikaat\/kriiteerjuavkku\/\"]}]},{\"@type\":\"BreadcrumbList\",\"@id\":\"https:\/\/matkailu.samediggi.fi\/smn\/ovdasvastadaslii-ja-eettisavt-kilelis-samimadhasem-sertifikaat\/kriiteerjuavkku\/#breadcrumb\",\"itemListElement\":[{\"@type\":\"ListItem\",\"position\":1,\"name\":\"Home\",\"item\":\"https:\/\/matkailu.samediggi.fi\/smn\/\"},{\"@type\":\"ListItem\",\"position\":2,\"name\":\"Ovd\u00e2sv\u00e1st\u00e1d\u00e2slii j\u00e1 eettis\u00e1vt kilelis s\u00e4mi&shy;ma\u0111h\u00e2\u0161em sertifikaat\",\"item\":\"https:\/\/matkailu.samediggi.fi\/smn\/ovdasvastadaslii-ja-eettisavt-kilelis-samimadhasem-sertifikaat\/\"},{\"@type\":\"ListItem\",\"position\":3,\"name\":\"Kriiteerju\u00e1vkku\"}]},{\"@type\":\"WebSite\",\"@id\":\"https:\/\/matkailu.samediggi.fi\/smn\/#website\",\"url\":\"https:\/\/matkailu.samediggi.fi\/smn\/\",\"name\":\"Saamelaismatkailu\",\"description\":\"\",\"publisher\":{\"@id\":\"https:\/\/matkailu.samediggi.fi\/smn\/#organization\"},\"potentialAction\":[{\"@type\":\"SearchAction\",\"target\":{\"@type\":\"EntryPoint\",\"urlTemplate\":\"https:\/\/matkailu.samediggi.fi\/smn\/?s={search_term_string}\"},\"query-input\":{\"@type\":\"PropertyValueSpecification\",\"valueRequired\":true,\"valueName\":\"search_term_string\"}}],\"inLanguage\":\"smn-FI\"},{\"@type\":\"Organization\",\"@id\":\"https:\/\/matkailu.samediggi.fi\/smn\/#organization\",\"name\":\"Saamelaisk\u00e4r\u00e4j\u00e4t\",\"url\":\"https:\/\/matkailu.samediggi.fi\/smn\/\",\"logo\":{\"@type\":\"ImageObject\",\"inLanguage\":\"smn-FI\",\"@id\":\"https:\/\/matkailu.samediggi.fi\/smn\/#\/schema\/logo\/image\/\",\"url\":\"https:\/\/matkailu.samediggi.fi\/wp-content\/uploads\/2022\/02\/Samediggilogo_TxtAktiv-1.png\",\"contentUrl\":\"https:\/\/matkailu.samediggi.fi\/wp-content\/uploads\/2022\/02\/Samediggilogo_TxtAktiv-1.png\",\"width\":2490,\"height\":1044,\"caption\":\"Saamelaisk\u00e4r\u00e4j\u00e4t\"},\"image\":{\"@id\":\"https:\/\/matkailu.samediggi.fi\/smn\/#\/schema\/logo\/image\/\"}}]}<\/script>\n<!-- \/ Yoast SEO plugin. -->","yoast_head_json":{"title":"Kriiteerju\u00e1vkku - Saamelaismatkailu","robots":{"index":"index","follow":"follow","max-snippet":"max-snippet:-1","max-image-preview":"max-image-preview:large","max-video-preview":"max-video-preview:-1"},"canonical":"https:\/\/matkailu.samediggi.fi\/smn\/ovdasvastadaslii-ja-eettisavt-kilelis-samimadhasem-sertifikaat\/kriiteerjuavkku\/","og_locale":"en_US","og_type":"article","og_title":"Kriiteerju\u00e1vkku - Saamelaismatkailu","og_description":"[vc_row][vc_column width=&#8221;1\/1&#8243;][vc_empty_space empty_h=&#8221;2&#8243;][\/vc_column][\/vc_row][vc_row unlock_row_content=&#8221;yes&#8221; row_height_percent=&#8221;0&#8243; override_padding=&#8221;yes&#8221; h_padding=&#8221;0&#8243; top_padding=&#8221;0&#8243; bottom_padding=&#8221;2&#8243; back_color=&#8221;color-420331&#8243; overlay_alpha=&#8221;50&#8243; gutter_size=&#8221;3&#8243; column_width_percent=&#8221;100&#8243; shift_y=&#8221;0&#8243; z_index=&#8221;0&#8243; content_parallax=&#8221;0&#8243; uncode_shortcode_id=&#8221;114990&#8243; back_color_type=&#8221;uncode-palette&#8221;][vc_column width=&#8221;1\/1&#8243;][vc_row_inner row_inner_height_percent=&#8221;0&#8243; [&hellip;]","og_url":"https:\/\/matkailu.samediggi.fi\/smn\/ovdasvastadaslii-ja-eettisavt-kilelis-samimadhasem-sertifikaat\/kriiteerjuavkku\/","og_site_name":"Saamelaismatkailu","article_modified_time":"2026-01-12T08:23:35+00:00","twitter_card":"summary_large_image","twitter_misc":{"Est. reading time":"2 minutes"},"schema":{"@context":"https:\/\/schema.org","@graph":[{"@type":"WebPage","@id":"https:\/\/matkailu.samediggi.fi\/smn\/ovdasvastadaslii-ja-eettisavt-kilelis-samimadhasem-sertifikaat\/kriiteerjuavkku\/","url":"https:\/\/matkailu.samediggi.fi\/smn\/ovdasvastadaslii-ja-eettisavt-kilelis-samimadhasem-sertifikaat\/kriiteerjuavkku\/","name":"Kriiteerju\u00e1vkku - Saamelaismatkailu","isPartOf":{"@id":"https:\/\/matkailu.samediggi.fi\/smn\/#website"},"datePublished":"2025-12-05T13:11:56+00:00","dateModified":"2026-01-12T08:23:35+00:00","breadcrumb":{"@id":"https:\/\/matkailu.samediggi.fi\/smn\/ovdasvastadaslii-ja-eettisavt-kilelis-samimadhasem-sertifikaat\/kriiteerjuavkku\/#breadcrumb"},"inLanguage":"smn-FI","potentialAction":[{"@type":"ReadAction","target":["https:\/\/matkailu.samediggi.fi\/smn\/ovdasvastadaslii-ja-eettisavt-kilelis-samimadhasem-sertifikaat\/kriiteerjuavkku\/"]}]},{"@type":"BreadcrumbList","@id":"https:\/\/matkailu.samediggi.fi\/smn\/ovdasvastadaslii-ja-eettisavt-kilelis-samimadhasem-sertifikaat\/kriiteerjuavkku\/#breadcrumb","itemListElement":[{"@type":"ListItem","position":1,"name":"Home","item":"https:\/\/matkailu.samediggi.fi\/smn\/"},{"@type":"ListItem","position":2,"name":"Ovd\u00e2sv\u00e1st\u00e1d\u00e2slii j\u00e1 eettis\u00e1vt kilelis s\u00e4mi&shy;ma\u0111h\u00e2\u0161em sertifikaat","item":"https:\/\/matkailu.samediggi.fi\/smn\/ovdasvastadaslii-ja-eettisavt-kilelis-samimadhasem-sertifikaat\/"},{"@type":"ListItem","position":3,"name":"Kriiteerju\u00e1vkku"}]},{"@type":"WebSite","@id":"https:\/\/matkailu.samediggi.fi\/smn\/#website","url":"https:\/\/matkailu.samediggi.fi\/smn\/","name":"Saamelaismatkailu","description":"","publisher":{"@id":"https:\/\/matkailu.samediggi.fi\/smn\/#organization"},"potentialAction":[{"@type":"SearchAction","target":{"@type":"EntryPoint","urlTemplate":"https:\/\/matkailu.samediggi.fi\/smn\/?s={search_term_string}"},"query-input":{"@type":"PropertyValueSpecification","valueRequired":true,"valueName":"search_term_string"}}],"inLanguage":"smn-FI"},{"@type":"Organization","@id":"https:\/\/matkailu.samediggi.fi\/smn\/#organization","name":"Saamelaisk\u00e4r\u00e4j\u00e4t","url":"https:\/\/matkailu.samediggi.fi\/smn\/","logo":{"@type":"ImageObject","inLanguage":"smn-FI","@id":"https:\/\/matkailu.samediggi.fi\/smn\/#\/schema\/logo\/image\/","url":"https:\/\/matkailu.samediggi.fi\/wp-content\/uploads\/2022\/02\/Samediggilogo_TxtAktiv-1.png","contentUrl":"https:\/\/matkailu.samediggi.fi\/wp-content\/uploads\/2022\/02\/Samediggilogo_TxtAktiv-1.png","width":2490,"height":1044,"caption":"Saamelaisk\u00e4r\u00e4j\u00e4t"},"image":{"@id":"https:\/\/matkailu.samediggi.fi\/smn\/#\/schema\/logo\/image\/"}}]}},"_links":{"self":[{"href":"https:\/\/matkailu.samediggi.fi\/smn\/wp-json\/wp\/v2\/pages\/5955","targetHints":{"allow":["GET"]}}],"collection":[{"href":"https:\/\/matkailu.samediggi.fi\/smn\/wp-json\/wp\/v2\/pages"}],"about":[{"href":"https:\/\/matkailu.samediggi.fi\/smn\/wp-json\/wp\/v2\/types\/page"}],"author":[{"embeddable":true,"href":"https:\/\/matkailu.samediggi.fi\/smn\/wp-json\/wp\/v2\/users\/8"}],"replies":[{"embeddable":true,"href":"https:\/\/matkailu.samediggi.fi\/smn\/wp-json\/wp\/v2\/comments?post=5955"}],"version-history":[{"count":53,"href":"https:\/\/matkailu.samediggi.fi\/smn\/wp-json\/wp\/v2\/pages\/5955\/revisions"}],"predecessor-version":[{"id":7606,"href":"https:\/\/matkailu.samediggi.fi\/smn\/wp-json\/wp\/v2\/pages\/5955\/revisions\/7606"}],"up":[{"embeddable":true,"href":"https:\/\/matkailu.samediggi.fi\/smn\/wp-json\/wp\/v2\/pages\/1712"}],"wp:attachment":[{"href":"https:\/\/matkailu.samediggi.fi\/smn\/wp-json\/wp\/v2\/media?parent=5955"}],"curies":[{"name":"wp","href":"https:\/\/api.w.org\/{rel}","templated":true}]}}