{"id":5939,"date":"2025-12-05T15:07:06","date_gmt":"2025-12-05T13:07:06","guid":{"rendered":"https:\/\/matkailu.samediggi.fi\/ovdasvastadaslii-ja-eettisavt-kilelis-samimadhasem-sertifikaat\/caladat-palvalusan\/"},"modified":"2026-01-12T10:22:54","modified_gmt":"2026-01-12T08:22:54","slug":"caladat-palvalusan","status":"publish","type":"page","link":"https:\/\/matkailu.samediggi.fi\/smn\/ovdasvastadaslii-ja-eettisavt-kilelis-samimadhasem-sertifikaat\/caladat-palvalusan\/","title":{"rendered":"\u010c\u00e1l\u00e1d\u00e2t palv\u00e2lus\u00e2n"},"content":{"rendered":"<div class=\"wpb-content-wrapper\"><p>[vc_row][vc_column width=&#8221;1\/1&#8243;][vc_empty_space empty_h=&#8221;2&#8243;][\/vc_column][\/vc_row][vc_row unlock_row_content=&#8221;yes&#8221; row_height_percent=&#8221;0&#8243; override_padding=&#8221;yes&#8221; h_padding=&#8221;0&#8243; top_padding=&#8221;0&#8243; bottom_padding=&#8221;2&#8243; back_color=&#8221;color-420331&#8243; overlay_alpha=&#8221;50&#8243; gutter_size=&#8221;3&#8243; column_width_percent=&#8221;100&#8243; shift_y=&#8221;0&#8243; z_index=&#8221;0&#8243; content_parallax=&#8221;0&#8243; uncode_shortcode_id=&#8221;114990&#8243; back_color_type=&#8221;uncode-palette&#8221;][vc_column width=&#8221;1\/1&#8243;][vc_row_inner row_inner_height_percent=&#8221;0&#8243; back_color=&#8221;color-xsdn&#8221; overlay_alpha=&#8221;50&#8243; gutter_size=&#8221;3&#8243; shift_y=&#8221;0&#8243; z_index=&#8221;0&#8243; uncode_shortcode_id=&#8221;787135&#8243; back_color_type=&#8221;uncode-palette&#8221;][vc_column_inner column_width_percent=&#8221;100&#8243; gutter_size=&#8221;3&#8243; override_padding=&#8221;yes&#8221; column_padding=&#8221;2&#8243; overlay_alpha=&#8221;50&#8243; shift_x=&#8221;0&#8243; shift_y=&#8221;0&#8243; shift_y_down=&#8221;0&#8243; z_index=&#8221;0&#8243; medium_width=&#8221;0&#8243; mobile_width=&#8221;0&#8243; width=&#8221;1\/2&#8243; uncode_shortcode_id=&#8221;162997&#8243;][vc_button size=&#8221;link&#8221; link=&#8221;url:https%3A%2F%2Fmatkailu.samediggi.fi%2Fsmn%2Fovdasvastadaslii-ja-eettisavt-kilelis-samimadhasem-sertifikaat%2F|title:Kriiteerju%C3%A1vkku|&#8221; icon=&#8221;fa fa-long-arrow-left&#8221; uncode_shortcode_id=&#8221;915285&#8243;]Maas\u00e2d ovd\u00e2siij\u0111on[\/vc_button][\/vc_column_inner][vc_column_inner column_width_percent=&#8221;100&#8243; align_horizontal=&#8221;align_right&#8221; gutter_size=&#8221;3&#8243; override_padding=&#8221;yes&#8221; column_padding=&#8221;2&#8243; overlay_alpha=&#8221;50&#8243; shift_x=&#8221;0&#8243; shift_y=&#8221;0&#8243; shift_y_down=&#8221;0&#8243; z_index=&#8221;0&#8243; medium_width=&#8221;0&#8243; mobile_width=&#8221;0&#8243; width=&#8221;1\/2&#8243; uncode_shortcode_id=&#8221;411744&#8243;][vc_wp_custommenu nav_menu=&#8221;188&#8243; nav_menu_horizontal=&#8221;1&#8243;][\/vc_column_inner][\/vc_row_inner][\/vc_column][\/vc_row][vc_row row_height_percent=&#8221;0&#8243; back_color=&#8221;color-xsdn&#8221; overlay_alpha=&#8221;50&#8243; gutter_size=&#8221;3&#8243; column_width_percent=&#8221;100&#8243; shift_y=&#8221;0&#8243; z_index=&#8221;0&#8243; content_parallax=&#8221;0&#8243; uncode_shortcode_id=&#8221;136304&#8243; back_color_type=&#8221;uncode-palette&#8221;][vc_column width=&#8221;1\/1&#8243;][vc_row_inner row_inner_height_percent=&#8221;0&#8243; overlay_alpha=&#8221;50&#8243; gutter_size=&#8221;3&#8243; shift_y=&#8221;0&#8243; z_index=&#8221;0&#8243; uncode_shortcode_id=&#8221;651686&#8243;][vc_column_inner width=&#8221;1\/1&#8243;][vc_custom_heading uncode_shortcode_id=&#8221;213329&#8243;]\u010c\u00e1l\u00e1d\u00e2t jieij\u00e2d s\u00e4mima\u0111h\u00e2\u0161em sertifisistempalv\u00e2lus\u00e2n[\/vc_custom_heading][vc_empty_space empty_h=&#8221;2&#8243;][vc_raw_html]W2xlYXJuX3ByZXNzX2xvZ2luX2Zvcm1d[\/vc_raw_html][\/vc_column_inner][\/vc_row_inner][vc_row_inner row_inner_height_percent=&#8221;0&#8243; overlay_alpha=&#8221;50&#8243; gutter_size=&#8221;3&#8243; shift_y=&#8221;0&#8243; z_index=&#8221;0&#8243; hcbrwpb_visible_for_roles=&#8221;pending_approval&#8221; uncode_shortcode_id=&#8221;114761&#8243;][vc_column_inner width=&#8221;1\/1&#8243;][vc_custom_heading uncode_shortcode_id=&#8221;490597&#8243;]Vaalm\u00e2\u0161![\/vc_custom_heading][vc_column_text uncode_shortcode_id=&#8221;132632&#8243;]<\/p>\n<h2>Tili vu\u00e1rd\u00e1 t\u00e4rhistem<\/h2>\n<p>Tuu registeristum tili sertifisistem v\u00e1r\u00e1s lii t\u00e4rhistem vyelni. Ko tuu ir\u00e2tt\u00e2s ti\u00e4\u0111uh l\u00e1\u00e1 t\u00e4rhistum, te mij aktivistep tuu tili j\u00e1 tun finniih tast almott\u00e2s \u0161le\u0111g\u00e2post\u00e2\u010dujott\u00e2s\u00e2n, mon lah almott\u00e2m.[\/vc_column_text][\/vc_column_inner][\/vc_row_inner][vc_row_inner row_inner_height_percent=&#8221;0&#8243; overlay_alpha=&#8221;50&#8243; gutter_size=&#8221;3&#8243; shift_y=&#8221;0&#8243; z_index=&#8221;0&#8243; hcbrwpb_visible_for_roles=&#8221;subscriber&#8221; uncode_shortcode_id=&#8221;604545&#8243;][vc_column_inner width=&#8221;1\/1&#8243;][vc_custom_heading uncode_shortcode_id=&#8221;832288&#8243;]Tierv\u00e2pu\u00e1ttim S\u00e4mima\u0111h\u00e2\u0161em sertifisistempalv\u00e2lus\u00e2n.[\/vc_custom_heading][vc_column_text uncode_shortcode_id=&#8221;361072&#8243;]Tun pu\u00e1vt\u00e1h ju\u00e1tki\u0111 paajaabel valjiittuv\u00e2st ravvuid t\u00e2i \u010do\u0111\u00e2lditti\u0111 sertifisistem[\/vc_column_text][\/vc_column_inner][\/vc_row_inner][\/vc_column][\/vc_row][vc_row][vc_column width=&#8221;1\/1&#8243;][uncode_block id=&#8221;4192&#8243;][\/vc_column][\/vc_row]<\/p>\n<\/div>","protected":false},"excerpt":{"rendered":"<p>S\u00e4mitige \u010di\u010d\u010d\u00e2d s\u00e4mima\u0111h\u00e2\u0161emhaah\u00e2, Vasan matka eli Vastuullisen saamelaismatkailun sertifikaatti: toimintamallin ja digitaalisen hakusivuston kehitt\u00e4minen (Ovd\u00e2sv\u00e1st\u00e1d\u00e2slii s\u00e4mima\u0111h\u00e2\u0161em sertifikaat: toim\u00e2maali j\u00e1 digitaallij uucc\u00e2msiij\u0111oi ovdedem), lii Euroop union rutt\u00e2dem \u2013 NextGenerationEU.<\/p>\n","protected":false},"author":8,"featured_media":1946,"parent":1712,"menu_order":0,"comment_status":"closed","ping_status":"closed","template":"","meta":{"footnotes":""},"class_list":["post-5939","page","type-page","status-publish","has-post-thumbnail","hentry","page_category-dev"],"yoast_head":"<!-- This site is optimized with the Yoast SEO plugin v26.6 - https:\/\/yoast.com\/wordpress\/plugins\/seo\/ -->\n<title>\u010c\u00e1l\u00e1d\u00e2t t\u00e2i rekister\u00f5\u00f5v s\u00e4\u00e4\u02b9mturiism sertifisistemohjelm\u00a0 - Saamelaismatkailu<\/title>\n<meta name=\"description\" content=\"Ovd\u00e2sv\u00e1st\u00e1d\u00e2slii j\u00e1 eettis\u00e1vt kilelis s\u00e4mima\u0111h\u00e2\u0161em sertifisistemohjelm\u00a0\" \/>\n<meta name=\"robots\" content=\"noindex, nofollow\" \/>\n<meta property=\"og:locale\" content=\"en_US\" \/>\n<meta property=\"og:type\" content=\"article\" \/>\n<meta property=\"og:title\" content=\"\u010c\u00e1l\u00e1d\u00e2t t\u00e2i rekister\u00f5\u00f5v s\u00e4\u00e4\u02b9mturiism sertifisistemohjelm\u00a0 - Saamelaismatkailu\" \/>\n<meta property=\"og:description\" content=\"Ovd\u00e2sv\u00e1st\u00e1d\u00e2slii j\u00e1 eettis\u00e1vt kilelis s\u00e4mima\u0111h\u00e2\u0161em sertifisistemohjelm\u00a0\" \/>\n<meta property=\"og:url\" content=\"https:\/\/matkailu.samediggi.fi\/smn\/ovdasvastadaslii-ja-eettisavt-kilelis-samimadhasem-sertifikaat\/caladat-palvalusan\/\" \/>\n<meta property=\"og:site_name\" content=\"Saamelaismatkailu\" \/>\n<meta property=\"article:modified_time\" content=\"2026-01-12T08:22:54+00:00\" \/>\n<meta property=\"og:image\" content=\"https:\/\/matkailu.samediggi.fi\/wp-content\/uploads\/2022\/02\/tulevaisuus_hyva.jpg\" \/>\n\t<meta property=\"og:image:width\" content=\"1448\" \/>\n\t<meta property=\"og:image:height\" content=\"1024\" \/>\n\t<meta property=\"og:image:type\" content=\"image\/jpeg\" \/>\n<meta name=\"twitter:card\" content=\"summary_large_image\" \/>\n<meta name=\"twitter:label1\" content=\"Est. reading time\" \/>\n\t<meta name=\"twitter:data1\" content=\"2 minutes\" \/>\n<script type=\"application\/ld+json\" class=\"yoast-schema-graph\">{\"@context\":\"https:\/\/schema.org\",\"@graph\":[{\"@type\":\"WebPage\",\"@id\":\"https:\/\/matkailu.samediggi.fi\/smn\/ovdasvastadaslii-ja-eettisavt-kilelis-samimadhasem-sertifikaat\/caladat-palvalusan\/\",\"url\":\"https:\/\/matkailu.samediggi.fi\/smn\/ovdasvastadaslii-ja-eettisavt-kilelis-samimadhasem-sertifikaat\/caladat-palvalusan\/\",\"name\":\"\u010c\u00e1l\u00e1d\u00e2t t\u00e2i rekister\u00f5\u00f5v s\u00e4\u00e4\u02b9mturiism sertifisistemohjelm\u00a0 - Saamelaismatkailu\",\"isPartOf\":{\"@id\":\"https:\/\/matkailu.samediggi.fi\/smn\/#website\"},\"primaryImageOfPage\":{\"@id\":\"https:\/\/matkailu.samediggi.fi\/smn\/ovdasvastadaslii-ja-eettisavt-kilelis-samimadhasem-sertifikaat\/caladat-palvalusan\/#primaryimage\"},\"image\":{\"@id\":\"https:\/\/matkailu.samediggi.fi\/smn\/ovdasvastadaslii-ja-eettisavt-kilelis-samimadhasem-sertifikaat\/caladat-palvalusan\/#primaryimage\"},\"thumbnailUrl\":\"https:\/\/matkailu.samediggi.fi\/wp-content\/uploads\/2022\/02\/tulevaisuus_hyva.jpg\",\"datePublished\":\"2025-12-05T13:07:06+00:00\",\"dateModified\":\"2026-01-12T08:22:54+00:00\",\"description\":\"Ovd\u00e2sv\u00e1st\u00e1d\u00e2slii j\u00e1 eettis\u00e1vt kilelis s\u00e4mima\u0111h\u00e2\u0161em sertifisistemohjelm\u00a0\",\"breadcrumb\":{\"@id\":\"https:\/\/matkailu.samediggi.fi\/smn\/ovdasvastadaslii-ja-eettisavt-kilelis-samimadhasem-sertifikaat\/caladat-palvalusan\/#breadcrumb\"},\"inLanguage\":\"smn-FI\",\"potentialAction\":[{\"@type\":\"ReadAction\",\"target\":[\"https:\/\/matkailu.samediggi.fi\/smn\/ovdasvastadaslii-ja-eettisavt-kilelis-samimadhasem-sertifikaat\/caladat-palvalusan\/\"]}]},{\"@type\":\"ImageObject\",\"inLanguage\":\"smn-FI\",\"@id\":\"https:\/\/matkailu.samediggi.fi\/smn\/ovdasvastadaslii-ja-eettisavt-kilelis-samimadhasem-sertifikaat\/caladat-palvalusan\/#primaryimage\",\"url\":\"https:\/\/matkailu.samediggi.fi\/wp-content\/uploads\/2022\/02\/tulevaisuus_hyva.jpg\",\"contentUrl\":\"https:\/\/matkailu.samediggi.fi\/wp-content\/uploads\/2022\/02\/tulevaisuus_hyva.jpg\",\"width\":1448,\"height\":1024,\"caption\":\"Kuvvim: Sunna Kitti\"},{\"@type\":\"BreadcrumbList\",\"@id\":\"https:\/\/matkailu.samediggi.fi\/smn\/ovdasvastadaslii-ja-eettisavt-kilelis-samimadhasem-sertifikaat\/caladat-palvalusan\/#breadcrumb\",\"itemListElement\":[{\"@type\":\"ListItem\",\"position\":1,\"name\":\"Home\",\"item\":\"https:\/\/matkailu.samediggi.fi\/smn\/\"},{\"@type\":\"ListItem\",\"position\":2,\"name\":\"Ovd\u00e2sv\u00e1st\u00e1d\u00e2slii j\u00e1 eettis\u00e1vt kilelis s\u00e4mi&shy;ma\u0111h\u00e2\u0161em sertifikaat\",\"item\":\"https:\/\/matkailu.samediggi.fi\/smn\/ovdasvastadaslii-ja-eettisavt-kilelis-samimadhasem-sertifikaat\/\"},{\"@type\":\"ListItem\",\"position\":3,\"name\":\"\u010c\u00e1l\u00e1d\u00e2t palv\u00e2lus\u00e2n\"}]},{\"@type\":\"WebSite\",\"@id\":\"https:\/\/matkailu.samediggi.fi\/smn\/#website\",\"url\":\"https:\/\/matkailu.samediggi.fi\/smn\/\",\"name\":\"Saamelaismatkailu\",\"description\":\"\",\"publisher\":{\"@id\":\"https:\/\/matkailu.samediggi.fi\/smn\/#organization\"},\"potentialAction\":[{\"@type\":\"SearchAction\",\"target\":{\"@type\":\"EntryPoint\",\"urlTemplate\":\"https:\/\/matkailu.samediggi.fi\/smn\/?s={search_term_string}\"},\"query-input\":{\"@type\":\"PropertyValueSpecification\",\"valueRequired\":true,\"valueName\":\"search_term_string\"}}],\"inLanguage\":\"smn-FI\"},{\"@type\":\"Organization\",\"@id\":\"https:\/\/matkailu.samediggi.fi\/smn\/#organization\",\"name\":\"Saamelaisk\u00e4r\u00e4j\u00e4t\",\"url\":\"https:\/\/matkailu.samediggi.fi\/smn\/\",\"logo\":{\"@type\":\"ImageObject\",\"inLanguage\":\"smn-FI\",\"@id\":\"https:\/\/matkailu.samediggi.fi\/smn\/#\/schema\/logo\/image\/\",\"url\":\"https:\/\/matkailu.samediggi.fi\/wp-content\/uploads\/2022\/02\/Samediggilogo_TxtAktiv-1.png\",\"contentUrl\":\"https:\/\/matkailu.samediggi.fi\/wp-content\/uploads\/2022\/02\/Samediggilogo_TxtAktiv-1.png\",\"width\":2490,\"height\":1044,\"caption\":\"Saamelaisk\u00e4r\u00e4j\u00e4t\"},\"image\":{\"@id\":\"https:\/\/matkailu.samediggi.fi\/smn\/#\/schema\/logo\/image\/\"}}]}<\/script>\n<!-- \/ Yoast SEO plugin. -->","yoast_head_json":{"title":"\u010c\u00e1l\u00e1d\u00e2t t\u00e2i rekister\u00f5\u00f5v s\u00e4\u00e4\u02b9mturiism sertifisistemohjelm\u00a0 - Saamelaismatkailu","description":"Ovd\u00e2sv\u00e1st\u00e1d\u00e2slii j\u00e1 eettis\u00e1vt kilelis s\u00e4mima\u0111h\u00e2\u0161em sertifisistemohjelm\u00a0","robots":{"index":"noindex","follow":"nofollow"},"og_locale":"en_US","og_type":"article","og_title":"\u010c\u00e1l\u00e1d\u00e2t t\u00e2i rekister\u00f5\u00f5v s\u00e4\u00e4\u02b9mturiism sertifisistemohjelm\u00a0 - Saamelaismatkailu","og_description":"Ovd\u00e2sv\u00e1st\u00e1d\u00e2slii j\u00e1 eettis\u00e1vt kilelis s\u00e4mima\u0111h\u00e2\u0161em sertifisistemohjelm\u00a0","og_url":"https:\/\/matkailu.samediggi.fi\/smn\/ovdasvastadaslii-ja-eettisavt-kilelis-samimadhasem-sertifikaat\/caladat-palvalusan\/","og_site_name":"Saamelaismatkailu","article_modified_time":"2026-01-12T08:22:54+00:00","og_image":[{"width":1448,"height":1024,"url":"https:\/\/matkailu.samediggi.fi\/wp-content\/uploads\/2022\/02\/tulevaisuus_hyva.jpg","type":"image\/jpeg"}],"twitter_card":"summary_large_image","twitter_misc":{"Est. reading time":"2 minutes"},"schema":{"@context":"https:\/\/schema.org","@graph":[{"@type":"WebPage","@id":"https:\/\/matkailu.samediggi.fi\/smn\/ovdasvastadaslii-ja-eettisavt-kilelis-samimadhasem-sertifikaat\/caladat-palvalusan\/","url":"https:\/\/matkailu.samediggi.fi\/smn\/ovdasvastadaslii-ja-eettisavt-kilelis-samimadhasem-sertifikaat\/caladat-palvalusan\/","name":"\u010c\u00e1l\u00e1d\u00e2t t\u00e2i rekister\u00f5\u00f5v s\u00e4\u00e4\u02b9mturiism sertifisistemohjelm\u00a0 - Saamelaismatkailu","isPartOf":{"@id":"https:\/\/matkailu.samediggi.fi\/smn\/#website"},"primaryImageOfPage":{"@id":"https:\/\/matkailu.samediggi.fi\/smn\/ovdasvastadaslii-ja-eettisavt-kilelis-samimadhasem-sertifikaat\/caladat-palvalusan\/#primaryimage"},"image":{"@id":"https:\/\/matkailu.samediggi.fi\/smn\/ovdasvastadaslii-ja-eettisavt-kilelis-samimadhasem-sertifikaat\/caladat-palvalusan\/#primaryimage"},"thumbnailUrl":"https:\/\/matkailu.samediggi.fi\/wp-content\/uploads\/2022\/02\/tulevaisuus_hyva.jpg","datePublished":"2025-12-05T13:07:06+00:00","dateModified":"2026-01-12T08:22:54+00:00","description":"Ovd\u00e2sv\u00e1st\u00e1d\u00e2slii j\u00e1 eettis\u00e1vt kilelis s\u00e4mima\u0111h\u00e2\u0161em sertifisistemohjelm\u00a0","breadcrumb":{"@id":"https:\/\/matkailu.samediggi.fi\/smn\/ovdasvastadaslii-ja-eettisavt-kilelis-samimadhasem-sertifikaat\/caladat-palvalusan\/#breadcrumb"},"inLanguage":"smn-FI","potentialAction":[{"@type":"ReadAction","target":["https:\/\/matkailu.samediggi.fi\/smn\/ovdasvastadaslii-ja-eettisavt-kilelis-samimadhasem-sertifikaat\/caladat-palvalusan\/"]}]},{"@type":"ImageObject","inLanguage":"smn-FI","@id":"https:\/\/matkailu.samediggi.fi\/smn\/ovdasvastadaslii-ja-eettisavt-kilelis-samimadhasem-sertifikaat\/caladat-palvalusan\/#primaryimage","url":"https:\/\/matkailu.samediggi.fi\/wp-content\/uploads\/2022\/02\/tulevaisuus_hyva.jpg","contentUrl":"https:\/\/matkailu.samediggi.fi\/wp-content\/uploads\/2022\/02\/tulevaisuus_hyva.jpg","width":1448,"height":1024,"caption":"Kuvvim: Sunna Kitti"},{"@type":"BreadcrumbList","@id":"https:\/\/matkailu.samediggi.fi\/smn\/ovdasvastadaslii-ja-eettisavt-kilelis-samimadhasem-sertifikaat\/caladat-palvalusan\/#breadcrumb","itemListElement":[{"@type":"ListItem","position":1,"name":"Home","item":"https:\/\/matkailu.samediggi.fi\/smn\/"},{"@type":"ListItem","position":2,"name":"Ovd\u00e2sv\u00e1st\u00e1d\u00e2slii j\u00e1 eettis\u00e1vt kilelis s\u00e4mi&shy;ma\u0111h\u00e2\u0161em sertifikaat","item":"https:\/\/matkailu.samediggi.fi\/smn\/ovdasvastadaslii-ja-eettisavt-kilelis-samimadhasem-sertifikaat\/"},{"@type":"ListItem","position":3,"name":"\u010c\u00e1l\u00e1d\u00e2t palv\u00e2lus\u00e2n"}]},{"@type":"WebSite","@id":"https:\/\/matkailu.samediggi.fi\/smn\/#website","url":"https:\/\/matkailu.samediggi.fi\/smn\/","name":"Saamelaismatkailu","description":"","publisher":{"@id":"https:\/\/matkailu.samediggi.fi\/smn\/#organization"},"potentialAction":[{"@type":"SearchAction","target":{"@type":"EntryPoint","urlTemplate":"https:\/\/matkailu.samediggi.fi\/smn\/?s={search_term_string}"},"query-input":{"@type":"PropertyValueSpecification","valueRequired":true,"valueName":"search_term_string"}}],"inLanguage":"smn-FI"},{"@type":"Organization","@id":"https:\/\/matkailu.samediggi.fi\/smn\/#organization","name":"Saamelaisk\u00e4r\u00e4j\u00e4t","url":"https:\/\/matkailu.samediggi.fi\/smn\/","logo":{"@type":"ImageObject","inLanguage":"smn-FI","@id":"https:\/\/matkailu.samediggi.fi\/smn\/#\/schema\/logo\/image\/","url":"https:\/\/matkailu.samediggi.fi\/wp-content\/uploads\/2022\/02\/Samediggilogo_TxtAktiv-1.png","contentUrl":"https:\/\/matkailu.samediggi.fi\/wp-content\/uploads\/2022\/02\/Samediggilogo_TxtAktiv-1.png","width":2490,"height":1044,"caption":"Saamelaisk\u00e4r\u00e4j\u00e4t"},"image":{"@id":"https:\/\/matkailu.samediggi.fi\/smn\/#\/schema\/logo\/image\/"}}]}},"_links":{"self":[{"href":"https:\/\/matkailu.samediggi.fi\/smn\/wp-json\/wp\/v2\/pages\/5939","targetHints":{"allow":["GET"]}}],"collection":[{"href":"https:\/\/matkailu.samediggi.fi\/smn\/wp-json\/wp\/v2\/pages"}],"about":[{"href":"https:\/\/matkailu.samediggi.fi\/smn\/wp-json\/wp\/v2\/types\/page"}],"author":[{"embeddable":true,"href":"https:\/\/matkailu.samediggi.fi\/smn\/wp-json\/wp\/v2\/users\/8"}],"replies":[{"embeddable":true,"href":"https:\/\/matkailu.samediggi.fi\/smn\/wp-json\/wp\/v2\/comments?post=5939"}],"version-history":[{"count":45,"href":"https:\/\/matkailu.samediggi.fi\/smn\/wp-json\/wp\/v2\/pages\/5939\/revisions"}],"predecessor-version":[{"id":7617,"href":"https:\/\/matkailu.samediggi.fi\/smn\/wp-json\/wp\/v2\/pages\/5939\/revisions\/7617"}],"up":[{"embeddable":true,"href":"https:\/\/matkailu.samediggi.fi\/smn\/wp-json\/wp\/v2\/pages\/1712"}],"wp:featuredmedia":[{"embeddable":true,"href":"https:\/\/matkailu.samediggi.fi\/smn\/wp-json\/wp\/v2\/media\/1946"}],"wp:attachment":[{"href":"https:\/\/matkailu.samediggi.fi\/smn\/wp-json\/wp\/v2\/media?parent=5939"}],"curies":[{"name":"wp","href":"https:\/\/api.w.org\/{rel}","templated":true}]}}