{"id":6740,"date":"2025-12-12T13:25:34","date_gmt":"2025-12-12T11:25:34","guid":{"rendered":"https:\/\/matkailu.samediggi.fi\/vasttolas-ja-ehtalaccat-suvdilis-samematkeealahusa-sertifikahta\/calit-balvalus\/"},"modified":"2026-01-07T13:30:40","modified_gmt":"2026-01-07T11:30:40","slug":"calit-balvalus","status":"publish","type":"page","link":"https:\/\/matkailu.samediggi.fi\/se\/vasttolas-ja-ehtalaccat-suvdilis-samematkeealahusa-sertifikahta\/calit-balvalus\/","title":{"rendered":"\u010c\u00e1lit b\u00e1lvalus"},"content":{"rendered":"<div class=\"wpb-content-wrapper\"><p>[vc_row][vc_column width=&#8221;1\/1&#8243;][vc_empty_space empty_h=&#8221;2&#8243;][\/vc_column][\/vc_row][vc_row unlock_row_content=&#8221;yes&#8221; row_height_percent=&#8221;0&#8243; override_padding=&#8221;yes&#8221; h_padding=&#8221;0&#8243; top_padding=&#8221;0&#8243; bottom_padding=&#8221;2&#8243; back_color=&#8221;color-420331&#8243; overlay_alpha=&#8221;50&#8243; gutter_size=&#8221;3&#8243; column_width_percent=&#8221;100&#8243; shift_y=&#8221;0&#8243; z_index=&#8221;0&#8243; content_parallax=&#8221;0&#8243; uncode_shortcode_id=&#8221;114990&#8243; back_color_type=&#8221;uncode-palette&#8221;][vc_column width=&#8221;1\/1&#8243;][vc_row_inner row_inner_height_percent=&#8221;0&#8243; back_color=&#8221;color-xsdn&#8221; overlay_alpha=&#8221;50&#8243; gutter_size=&#8221;3&#8243; shift_y=&#8221;0&#8243; z_index=&#8221;0&#8243; uncode_shortcode_id=&#8221;787135&#8243; back_color_type=&#8221;uncode-palette&#8221;][vc_column_inner column_width_percent=&#8221;100&#8243; gutter_size=&#8221;3&#8243; override_padding=&#8221;yes&#8221; column_padding=&#8221;2&#8243; overlay_alpha=&#8221;50&#8243; shift_x=&#8221;0&#8243; shift_y=&#8221;0&#8243; shift_y_down=&#8221;0&#8243; z_index=&#8221;0&#8243; medium_width=&#8221;0&#8243; mobile_width=&#8221;0&#8243; width=&#8221;1\/2&#8243; uncode_shortcode_id=&#8221;162997&#8243;][vc_button size=&#8221;link&#8221; link=&#8221;url:https%3A%2F%2Fmatkailu.samediggi.fi%2Fse%2Fvasttolas-ja-ehtalaccat-suvdilis-samematkeealahusa-sertifikahta%2F|title:Kritearajoavkkuid|&#8221; icon=&#8221;fa fa-long-arrow-left&#8221; uncode_shortcode_id=&#8221;915285&#8243;]Ruovttoluotta ovdasiidui[\/vc_button][\/vc_column_inner][vc_column_inner column_width_percent=&#8221;100&#8243; align_horizontal=&#8221;align_right&#8221; gutter_size=&#8221;3&#8243; override_padding=&#8221;yes&#8221; column_padding=&#8221;2&#8243; overlay_alpha=&#8221;50&#8243; shift_x=&#8221;0&#8243; shift_y=&#8221;0&#8243; shift_y_down=&#8221;0&#8243; z_index=&#8221;0&#8243; medium_width=&#8221;0&#8243; mobile_width=&#8221;0&#8243; width=&#8221;1\/2&#8243; uncode_shortcode_id=&#8221;411744&#8243;][vc_wp_custommenu nav_menu=&#8221;188&#8243; nav_menu_horizontal=&#8221;1&#8243;][\/vc_column_inner][\/vc_row_inner][\/vc_column][\/vc_row][vc_row row_height_percent=&#8221;0&#8243; back_color=&#8221;color-xsdn&#8221; overlay_alpha=&#8221;50&#8243; gutter_size=&#8221;3&#8243; column_width_percent=&#8221;100&#8243; shift_y=&#8221;0&#8243; z_index=&#8221;0&#8243; content_parallax=&#8221;0&#8243; uncode_shortcode_id=&#8221;136304&#8243; back_color_type=&#8221;uncode-palette&#8221;][vc_column width=&#8221;1\/1&#8243;][vc_row_inner row_inner_height_percent=&#8221;0&#8243; overlay_alpha=&#8221;50&#8243; gutter_size=&#8221;3&#8243; shift_y=&#8221;0&#8243; z_index=&#8221;0&#8243; uncode_shortcode_id=&#8221;651686&#8243;][vc_column_inner width=&#8221;1\/1&#8243;][vc_custom_heading uncode_shortcode_id=&#8221;213329&#8243;]\u010c\u00e1lit s\u00e1mem\u00e1tkeeal\u00e1husa sertifisereb\u00e1lvalus[\/vc_custom_heading][vc_empty_space empty_h=&#8221;2&#8243;][vc_raw_html]W2xlYXJuX3ByZXNzX2xvZ2luX2Zvcm1d[\/vc_raw_html][\/vc_column_inner][\/vc_row_inner][vc_row_inner row_inner_height_percent=&#8221;0&#8243; overlay_alpha=&#8221;50&#8243; gutter_size=&#8221;3&#8243; shift_y=&#8221;0&#8243; z_index=&#8221;0&#8243; hcbrwpb_visible_for_roles=&#8221;pending_approval&#8221; uncode_shortcode_id=&#8221;114761&#8243;][vc_column_inner width=&#8221;1\/1&#8243;][vc_custom_heading uncode_shortcode_id=&#8221;490597&#8243;]G\u00e1rvvis![\/vc_custom_heading][vc_column_text uncode_shortcode_id=&#8221;132632&#8243;]<\/p>\n<h2>Kontu vuord\u00e1 d\u00e1rkkisteami<\/h2>\n<p>Du registrerejuvvon kontu d\u00e1rkkistuvvo sertifiserema \u010da\u0111aheami v\u00e1r\u00e1s. Go du fitnodaga die\u0111ut leat d\u00e1rkkistuvvon, mii aktiveret du konttu ja oa\u010d\u010dut almmuhusa e-poasta\u010dujuhussii, man leat almmuhan.[\/vc_column_text][\/vc_column_inner][\/vc_row_inner][vc_row_inner row_inner_height_percent=&#8221;0&#8243; overlay_alpha=&#8221;50&#8243; gutter_size=&#8221;3&#8243; shift_y=&#8221;0&#8243; z_index=&#8221;0&#8243; hcbrwpb_visible_for_roles=&#8221;subscriber&#8221; uncode_shortcode_id=&#8221;604545&#8243;][vc_column_inner width=&#8221;1\/1&#8243;][vc_custom_heading uncode_shortcode_id=&#8221;832288&#8243;]Buresboahtin S\u00e1mem\u00e1tkeeal\u00e1husa sertifisereb\u00e1lvalus[\/vc_custom_heading][vc_column_text uncode_shortcode_id=&#8221;361072&#8243;]S\u00e1ht\u00e1t joatkit baj\u00e1beale f\u00e1lus r\u00e1vvagiidda dahje \u010da\u0111ahit sertifiserema.[\/vc_column_text][\/vc_column_inner][\/vc_row_inner][\/vc_column][\/vc_row][vc_row][vc_column width=&#8221;1\/1&#8243;][uncode_block id=&#8221;4192&#8243;][\/vc_column][\/vc_row]<\/p>\n<\/div>","protected":false},"excerpt":{"rendered":"<p>S\u00e1medikki \u010dih\u010d\u010det s\u00e1mem\u00e1tkeeal\u00e1huspro\u0161eavtta, Vasan matka eli Vastuullisen saamelaismatkailun sertifikaatti: toimintamallin ja digitaalisen hakusivuston kehitt\u00e4minen, lea Eurohpa uniovdna ruhtadan \u2013 NextGenerationEU.<\/p>\n","protected":false},"author":8,"featured_media":194,"parent":1723,"menu_order":0,"comment_status":"closed","ping_status":"closed","template":"","meta":{"footnotes":""},"class_list":["post-6740","page","type-page","status-publish","has-post-thumbnail","hentry","page_category-dev"],"yoast_head":"<!-- This site is optimized with the Yoast SEO plugin v26.6 - https:\/\/yoast.com\/wordpress\/plugins\/seo\/ -->\n<title>\u010c\u00e1lit dahje registrere sertifiserenprogr\u00e1mma\u00a0 - Saamelaismatkailu<\/title>\n<meta name=\"description\" content=\"V\u00e1sttola\u0161 ja ehtala\u010d\u010dat suvdilis s\u00e1mem\u00e1tkeeal\u00e1husa sertifiserenprogr\u00e1mma\u00a0\" \/>\n<meta name=\"robots\" content=\"noindex, nofollow\" \/>\n<meta property=\"og:locale\" content=\"se_NO\" \/>\n<meta property=\"og:type\" content=\"article\" \/>\n<meta property=\"og:title\" content=\"\u010c\u00e1lit dahje registrere sertifiserenprogr\u00e1mma\u00a0 - Saamelaismatkailu\" \/>\n<meta property=\"og:description\" content=\"V\u00e1sttola\u0161 ja ehtala\u010d\u010dat suvdilis s\u00e1mem\u00e1tkeeal\u00e1husa sertifiserenprogr\u00e1mma\u00a0\" \/>\n<meta property=\"og:url\" content=\"https:\/\/matkailu.samediggi.fi\/se\/vasttolas-ja-ehtalaccat-suvdilis-samematkeealahusa-sertifikahta\/calit-balvalus\/\" \/>\n<meta property=\"og:site_name\" content=\"Saamelaismatkailu\" \/>\n<meta property=\"article:modified_time\" content=\"2026-01-07T11:30:40+00:00\" \/>\n<meta property=\"og:image\" content=\"https:\/\/matkailu.samediggi.fi\/wp-content\/uploads\/2022\/02\/tulevaisuus_hyva.jpg\" \/>\n\t<meta property=\"og:image:width\" content=\"1448\" \/>\n\t<meta property=\"og:image:height\" content=\"1024\" \/>\n\t<meta property=\"og:image:type\" content=\"image\/jpeg\" \/>\n<meta name=\"twitter:card\" content=\"summary_large_image\" \/>\n<meta name=\"twitter:label1\" content=\"Est. reading time\" \/>\n\t<meta name=\"twitter:data1\" content=\"2 minutes\" \/>\n<script type=\"application\/ld+json\" class=\"yoast-schema-graph\">{\"@context\":\"https:\/\/schema.org\",\"@graph\":[{\"@type\":\"WebPage\",\"@id\":\"https:\/\/matkailu.samediggi.fi\/se\/vasttolas-ja-ehtalaccat-suvdilis-samematkeealahusa-sertifikahta\/calit-balvalus\/\",\"url\":\"https:\/\/matkailu.samediggi.fi\/se\/vasttolas-ja-ehtalaccat-suvdilis-samematkeealahusa-sertifikahta\/calit-balvalus\/\",\"name\":\"\u010c\u00e1lit dahje registrere sertifiserenprogr\u00e1mma\u00a0 - Saamelaismatkailu\",\"isPartOf\":{\"@id\":\"https:\/\/matkailu.samediggi.fi\/se\/#website\"},\"primaryImageOfPage\":{\"@id\":\"https:\/\/matkailu.samediggi.fi\/se\/vasttolas-ja-ehtalaccat-suvdilis-samematkeealahusa-sertifikahta\/calit-balvalus\/#primaryimage\"},\"image\":{\"@id\":\"https:\/\/matkailu.samediggi.fi\/se\/vasttolas-ja-ehtalaccat-suvdilis-samematkeealahusa-sertifikahta\/calit-balvalus\/#primaryimage\"},\"thumbnailUrl\":\"https:\/\/matkailu.samediggi.fi\/wp-content\/uploads\/2022\/02\/tulevaisuus_hyva.jpg\",\"datePublished\":\"2025-12-12T11:25:34+00:00\",\"dateModified\":\"2026-01-07T11:30:40+00:00\",\"description\":\"V\u00e1sttola\u0161 ja ehtala\u010d\u010dat suvdilis s\u00e1mem\u00e1tkeeal\u00e1husa sertifiserenprogr\u00e1mma\u00a0\",\"breadcrumb\":{\"@id\":\"https:\/\/matkailu.samediggi.fi\/se\/vasttolas-ja-ehtalaccat-suvdilis-samematkeealahusa-sertifikahta\/calit-balvalus\/#breadcrumb\"},\"inLanguage\":\"se-NO\",\"potentialAction\":[{\"@type\":\"ReadAction\",\"target\":[\"https:\/\/matkailu.samediggi.fi\/se\/vasttolas-ja-ehtalaccat-suvdilis-samematkeealahusa-sertifikahta\/calit-balvalus\/\"]}]},{\"@type\":\"ImageObject\",\"inLanguage\":\"se-NO\",\"@id\":\"https:\/\/matkailu.samediggi.fi\/se\/vasttolas-ja-ehtalaccat-suvdilis-samematkeealahusa-sertifikahta\/calit-balvalus\/#primaryimage\",\"url\":\"https:\/\/matkailu.samediggi.fi\/wp-content\/uploads\/2022\/02\/tulevaisuus_hyva.jpg\",\"contentUrl\":\"https:\/\/matkailu.samediggi.fi\/wp-content\/uploads\/2022\/02\/tulevaisuus_hyva.jpg\",\"width\":1448,\"height\":1024,\"caption\":\"Govat: Sunna Kitti\"},{\"@type\":\"BreadcrumbList\",\"@id\":\"https:\/\/matkailu.samediggi.fi\/se\/vasttolas-ja-ehtalaccat-suvdilis-samematkeealahusa-sertifikahta\/calit-balvalus\/#breadcrumb\",\"itemListElement\":[{\"@type\":\"ListItem\",\"position\":1,\"name\":\"Home\",\"item\":\"https:\/\/matkailu.samediggi.fi\/se\/\"},{\"@type\":\"ListItem\",\"position\":2,\"name\":\"V\u00e1sttola\u0161 ja ehtala\u010d\u010dat suvdilis s\u00e1me&shy;m\u00e1tkeeal\u00e1husa sertifik\u00e1hta\",\"item\":\"https:\/\/matkailu.samediggi.fi\/se\/vasttolas-ja-ehtalaccat-suvdilis-samematkeealahusa-sertifikahta\/\"},{\"@type\":\"ListItem\",\"position\":3,\"name\":\"\u010c\u00e1lit b\u00e1lvalus\"}]},{\"@type\":\"WebSite\",\"@id\":\"https:\/\/matkailu.samediggi.fi\/se\/#website\",\"url\":\"https:\/\/matkailu.samediggi.fi\/se\/\",\"name\":\"Saamelaismatkailu\",\"description\":\"\",\"publisher\":{\"@id\":\"https:\/\/matkailu.samediggi.fi\/se\/#organization\"},\"potentialAction\":[{\"@type\":\"SearchAction\",\"target\":{\"@type\":\"EntryPoint\",\"urlTemplate\":\"https:\/\/matkailu.samediggi.fi\/se\/?s={search_term_string}\"},\"query-input\":{\"@type\":\"PropertyValueSpecification\",\"valueRequired\":true,\"valueName\":\"search_term_string\"}}],\"inLanguage\":\"se-NO\"},{\"@type\":\"Organization\",\"@id\":\"https:\/\/matkailu.samediggi.fi\/se\/#organization\",\"name\":\"Saamelaisk\u00e4r\u00e4j\u00e4t\",\"url\":\"https:\/\/matkailu.samediggi.fi\/se\/\",\"logo\":{\"@type\":\"ImageObject\",\"inLanguage\":\"se-NO\",\"@id\":\"https:\/\/matkailu.samediggi.fi\/se\/#\/schema\/logo\/image\/\",\"url\":\"https:\/\/matkailu.samediggi.fi\/wp-content\/uploads\/2022\/02\/Samediggilogo_TxtAktiv-1.png\",\"contentUrl\":\"https:\/\/matkailu.samediggi.fi\/wp-content\/uploads\/2022\/02\/Samediggilogo_TxtAktiv-1.png\",\"width\":2490,\"height\":1044,\"caption\":\"Saamelaisk\u00e4r\u00e4j\u00e4t\"},\"image\":{\"@id\":\"https:\/\/matkailu.samediggi.fi\/se\/#\/schema\/logo\/image\/\"}}]}<\/script>\n<!-- \/ Yoast SEO plugin. -->","yoast_head_json":{"title":"\u010c\u00e1lit dahje registrere sertifiserenprogr\u00e1mma\u00a0 - Saamelaismatkailu","description":"V\u00e1sttola\u0161 ja ehtala\u010d\u010dat suvdilis s\u00e1mem\u00e1tkeeal\u00e1husa sertifiserenprogr\u00e1mma\u00a0","robots":{"index":"noindex","follow":"nofollow"},"og_locale":"se_NO","og_type":"article","og_title":"\u010c\u00e1lit dahje registrere sertifiserenprogr\u00e1mma\u00a0 - Saamelaismatkailu","og_description":"V\u00e1sttola\u0161 ja ehtala\u010d\u010dat suvdilis s\u00e1mem\u00e1tkeeal\u00e1husa sertifiserenprogr\u00e1mma\u00a0","og_url":"https:\/\/matkailu.samediggi.fi\/se\/vasttolas-ja-ehtalaccat-suvdilis-samematkeealahusa-sertifikahta\/calit-balvalus\/","og_site_name":"Saamelaismatkailu","article_modified_time":"2026-01-07T11:30:40+00:00","og_image":[{"width":1448,"height":1024,"url":"https:\/\/matkailu.samediggi.fi\/wp-content\/uploads\/2022\/02\/tulevaisuus_hyva.jpg","type":"image\/jpeg"}],"twitter_card":"summary_large_image","twitter_misc":{"Est. reading time":"2 minutes"},"schema":{"@context":"https:\/\/schema.org","@graph":[{"@type":"WebPage","@id":"https:\/\/matkailu.samediggi.fi\/se\/vasttolas-ja-ehtalaccat-suvdilis-samematkeealahusa-sertifikahta\/calit-balvalus\/","url":"https:\/\/matkailu.samediggi.fi\/se\/vasttolas-ja-ehtalaccat-suvdilis-samematkeealahusa-sertifikahta\/calit-balvalus\/","name":"\u010c\u00e1lit dahje registrere sertifiserenprogr\u00e1mma\u00a0 - Saamelaismatkailu","isPartOf":{"@id":"https:\/\/matkailu.samediggi.fi\/se\/#website"},"primaryImageOfPage":{"@id":"https:\/\/matkailu.samediggi.fi\/se\/vasttolas-ja-ehtalaccat-suvdilis-samematkeealahusa-sertifikahta\/calit-balvalus\/#primaryimage"},"image":{"@id":"https:\/\/matkailu.samediggi.fi\/se\/vasttolas-ja-ehtalaccat-suvdilis-samematkeealahusa-sertifikahta\/calit-balvalus\/#primaryimage"},"thumbnailUrl":"https:\/\/matkailu.samediggi.fi\/wp-content\/uploads\/2022\/02\/tulevaisuus_hyva.jpg","datePublished":"2025-12-12T11:25:34+00:00","dateModified":"2026-01-07T11:30:40+00:00","description":"V\u00e1sttola\u0161 ja ehtala\u010d\u010dat suvdilis s\u00e1mem\u00e1tkeeal\u00e1husa sertifiserenprogr\u00e1mma\u00a0","breadcrumb":{"@id":"https:\/\/matkailu.samediggi.fi\/se\/vasttolas-ja-ehtalaccat-suvdilis-samematkeealahusa-sertifikahta\/calit-balvalus\/#breadcrumb"},"inLanguage":"se-NO","potentialAction":[{"@type":"ReadAction","target":["https:\/\/matkailu.samediggi.fi\/se\/vasttolas-ja-ehtalaccat-suvdilis-samematkeealahusa-sertifikahta\/calit-balvalus\/"]}]},{"@type":"ImageObject","inLanguage":"se-NO","@id":"https:\/\/matkailu.samediggi.fi\/se\/vasttolas-ja-ehtalaccat-suvdilis-samematkeealahusa-sertifikahta\/calit-balvalus\/#primaryimage","url":"https:\/\/matkailu.samediggi.fi\/wp-content\/uploads\/2022\/02\/tulevaisuus_hyva.jpg","contentUrl":"https:\/\/matkailu.samediggi.fi\/wp-content\/uploads\/2022\/02\/tulevaisuus_hyva.jpg","width":1448,"height":1024,"caption":"Govat: Sunna Kitti"},{"@type":"BreadcrumbList","@id":"https:\/\/matkailu.samediggi.fi\/se\/vasttolas-ja-ehtalaccat-suvdilis-samematkeealahusa-sertifikahta\/calit-balvalus\/#breadcrumb","itemListElement":[{"@type":"ListItem","position":1,"name":"Home","item":"https:\/\/matkailu.samediggi.fi\/se\/"},{"@type":"ListItem","position":2,"name":"V\u00e1sttola\u0161 ja ehtala\u010d\u010dat suvdilis s\u00e1me&shy;m\u00e1tkeeal\u00e1husa sertifik\u00e1hta","item":"https:\/\/matkailu.samediggi.fi\/se\/vasttolas-ja-ehtalaccat-suvdilis-samematkeealahusa-sertifikahta\/"},{"@type":"ListItem","position":3,"name":"\u010c\u00e1lit b\u00e1lvalus"}]},{"@type":"WebSite","@id":"https:\/\/matkailu.samediggi.fi\/se\/#website","url":"https:\/\/matkailu.samediggi.fi\/se\/","name":"Saamelaismatkailu","description":"","publisher":{"@id":"https:\/\/matkailu.samediggi.fi\/se\/#organization"},"potentialAction":[{"@type":"SearchAction","target":{"@type":"EntryPoint","urlTemplate":"https:\/\/matkailu.samediggi.fi\/se\/?s={search_term_string}"},"query-input":{"@type":"PropertyValueSpecification","valueRequired":true,"valueName":"search_term_string"}}],"inLanguage":"se-NO"},{"@type":"Organization","@id":"https:\/\/matkailu.samediggi.fi\/se\/#organization","name":"Saamelaisk\u00e4r\u00e4j\u00e4t","url":"https:\/\/matkailu.samediggi.fi\/se\/","logo":{"@type":"ImageObject","inLanguage":"se-NO","@id":"https:\/\/matkailu.samediggi.fi\/se\/#\/schema\/logo\/image\/","url":"https:\/\/matkailu.samediggi.fi\/wp-content\/uploads\/2022\/02\/Samediggilogo_TxtAktiv-1.png","contentUrl":"https:\/\/matkailu.samediggi.fi\/wp-content\/uploads\/2022\/02\/Samediggilogo_TxtAktiv-1.png","width":2490,"height":1044,"caption":"Saamelaisk\u00e4r\u00e4j\u00e4t"},"image":{"@id":"https:\/\/matkailu.samediggi.fi\/se\/#\/schema\/logo\/image\/"}}]}},"_links":{"self":[{"href":"https:\/\/matkailu.samediggi.fi\/se\/wp-json\/wp\/v2\/pages\/6740","targetHints":{"allow":["GET"]}}],"collection":[{"href":"https:\/\/matkailu.samediggi.fi\/se\/wp-json\/wp\/v2\/pages"}],"about":[{"href":"https:\/\/matkailu.samediggi.fi\/se\/wp-json\/wp\/v2\/types\/page"}],"author":[{"embeddable":true,"href":"https:\/\/matkailu.samediggi.fi\/se\/wp-json\/wp\/v2\/users\/8"}],"replies":[{"embeddable":true,"href":"https:\/\/matkailu.samediggi.fi\/se\/wp-json\/wp\/v2\/comments?post=6740"}],"version-history":[{"count":38,"href":"https:\/\/matkailu.samediggi.fi\/se\/wp-json\/wp\/v2\/pages\/6740\/revisions"}],"predecessor-version":[{"id":7511,"href":"https:\/\/matkailu.samediggi.fi\/se\/wp-json\/wp\/v2\/pages\/6740\/revisions\/7511"}],"up":[{"embeddable":true,"href":"https:\/\/matkailu.samediggi.fi\/se\/wp-json\/wp\/v2\/pages\/1723"}],"wp:featuredmedia":[{"embeddable":true,"href":"https:\/\/matkailu.samediggi.fi\/se\/wp-json\/wp\/v2\/media\/194"}],"wp:attachment":[{"href":"https:\/\/matkailu.samediggi.fi\/se\/wp-json\/wp\/v2\/media?parent=6740"}],"curies":[{"name":"wp","href":"https:\/\/api.w.org\/{rel}","templated":true}]}}