{"id":653,"date":"2022-03-04T10:31:43","date_gmt":"2022-03-04T08:31:43","guid":{"rendered":"https:\/\/samediggi.fi\/saamelaismatkailu\/?page_id=653"},"modified":"2022-04-25T16:58:01","modified_gmt":"2022-04-25T13:58:01","slug":"tietovisa","status":"publish","type":"page","link":"https:\/\/matkailu.samediggi.fi\/se\/tietovisa\/","title":{"rendered":"Vastuullisen matkailijan tietovisa saamelaisten kotiseutualueelle"},"content":{"rendered":"<div class=\"wpb-content-wrapper\"><p>[vc_row unlock_row_content=&#8221;yes&#8221; row_height_percent=&#8221;0&#8243; override_padding=&#8221;yes&#8221; h_padding=&#8221;3&#8243; top_padding=&#8221;3&#8243; bottom_padding=&#8221;3&#8243; back_color=&#8221;color-420331&#8243; overlay_alpha=&#8221;50&#8243; equal_height=&#8221;yes&#8221; gutter_size=&#8221;3&#8243; column_width_percent=&#8221;100&#8243; shift_y=&#8221;0&#8243; z_index=&#8221;0&#8243; enable_bottom_divider=&#8221;default&#8221; bottom_divider_inv=&#8221;pyramids&#8221; shape_bottom_invert=&#8221;yes&#8221; shape_bottom_h_use_pixel=&#8221;&#8221; shape_bottom_height=&#8221;50&#8243; shape_bottom_color=&#8221;color-xsdn&#8221; shape_bottom_opacity=&#8221;100&#8243; shape_bottom_safe=&#8221;yes&#8221; shape_bottom_index=&#8221;0&#8243; shape_bottom_responsive=&#8221;yes&#8221; uncode_shortcode_id=&#8221;199475&#8243; back_color_type=&#8221;uncode-palette&#8221; shape_bottom_color_type=&#8221;uncode-palette&#8221; row_name=&#8221;Alkuun&#8221;][vc_column column_width_percent=&#8221;100&#8243; gutter_size=&#8221;3&#8243; overlay_alpha=&#8221;50&#8243; shift_x=&#8221;0&#8243; shift_y=&#8221;0&#8243; shift_y_down=&#8221;0&#8243; z_index=&#8221;0&#8243; medium_width=&#8221;0&#8243; mobile_width=&#8221;0&#8243; width=&#8221;1\/2&#8243; uncode_shortcode_id=&#8221;198986&#8243;][uncode_twentytwenty media_before=&#8221;194&#8243; media_after=&#8221;193&#8243; el_class=&#8221;rightWrong letterbox&#8221;][\/vc_column][vc_column column_width_percent=&#8221;100&#8243; position_horizontal=&#8221;left&#8221; gutter_size=&#8221;3&#8243; overlay_alpha=&#8221;50&#8243; shift_x=&#8221;0&#8243; shift_y=&#8221;0&#8243; shift_y_down=&#8221;0&#8243; z_index=&#8221;0&#8243; medium_width=&#8221;0&#8243; mobile_width=&#8221;0&#8243; width=&#8221;1\/2&#8243; uncode_shortcode_id=&#8221;207770&#8243;][vc_custom_heading auto_text=&#8221;yes&#8221; heading_semantic=&#8221;h1&#8243; uncode_shortcode_id=&#8221;116186&#8243; el_class=&#8221;headingBlock&#8221;]<\/p>\n<h1>Dynamic Header<\/h1>\n<p>[\/vc_custom_heading][vc_column_text uncode_shortcode_id=&#8221;293844&#8243;]Testaa tietosi, miten toimia oikein tai v\u00e4\u00e4rin vieraana saamelaisten kotiseutualueella.<\/p>\n<p><span style=\"font-weight: 400;\">Kuvitus: Sunna Kitti<\/span>[\/vc_column_text][uncode_share layout=&#8221;multiple&#8221; bigger=&#8221;yes&#8221; no_back=&#8221;yes&#8221; title=&#8221;Jaa somessa&#8221;][vc_button button_color=&#8221;color-928458&#8243; hover_fx=&#8221;full-colored&#8221; border_width=&#8221;0&#8243; button_color_type=&#8221;uncode-palette&#8221; el_class=&#8221;roundedBtn&#8221; uncode_shortcode_id=&#8221;906881&#8243; link=&#8221;url:%23tietovisa|title:Siirry%20tietovisaan&#8221;]Siirry tietovisaan[\/vc_button][\/vc_column][\/vc_row][vc_row row_height_percent=&#8221;100&#8243; back_color=&#8221;color-xsdn&#8221; overlay_alpha=&#8221;50&#8243; gutter_size=&#8221;3&#8243; column_width_percent=&#8221;100&#8243; shift_y=&#8221;0&#8243; z_index=&#8221;0&#8243; uncode_shortcode_id=&#8221;174994&#8243; back_color_type=&#8221;uncode-palette&#8221; row_name=&#8221;Tietovisa&#8221;][vc_column width=&#8221;1\/1&#8243;][vc_raw_html]JTVCeHl6LWlwcyUyMHNuaXBwZXQlM0QlMjJ0aWV0b3Zpc2ElMjIlNUQ=[\/vc_raw_html][\/vc_column][\/vc_row]<\/p>\n<\/div>","protected":false},"excerpt":{"rendered":"<p>Testaa tietosi, miten toimia oikein tai v\u00e4\u00e4rin vieraana saamelaisten kotiseutualueella.<\/p>\n","protected":false},"author":8,"featured_media":194,"parent":0,"menu_order":0,"comment_status":"closed","ping_status":"open","template":"","meta":{"footnotes":""},"class_list":["post-653","page","type-page","status-publish","has-post-thumbnail","hentry"],"yoast_head":"<!-- This site is optimized with the Yoast SEO plugin v26.6 - https:\/\/yoast.com\/wordpress\/plugins\/seo\/ -->\n<title>Vastuullisen matkailijan tietovisa saamelaisten kotiseutualueelle - Saamelaismatkailu<\/title>\n<meta name=\"robots\" content=\"index, follow, max-snippet:-1, max-image-preview:large, max-video-preview:-1\" \/>\n<link rel=\"canonical\" href=\"https:\/\/matkailu.samediggi.fi\/se\/tietovisa\/\" \/>\n<meta property=\"og:locale\" content=\"se_NO\" \/>\n<meta property=\"og:type\" content=\"article\" \/>\n<meta property=\"og:title\" content=\"Vastuullisen matkailijan tietovisa saamelaisten kotiseutualueelle - Saamelaismatkailu\" \/>\n<meta property=\"og:description\" content=\"Testaa tietosi, miten toimia oikein tai v\u00e4\u00e4rin vieraana saamelaisten kotiseutualueella.\" \/>\n<meta property=\"og:url\" content=\"https:\/\/matkailu.samediggi.fi\/se\/tietovisa\/\" \/>\n<meta property=\"og:site_name\" content=\"Saamelaismatkailu\" \/>\n<meta property=\"article:modified_time\" content=\"2022-04-25T13:58:01+00:00\" \/>\n<meta property=\"og:image\" content=\"https:\/\/matkailu.samediggi.fi\/wp-content\/uploads\/2022\/02\/tulevaisuus_hyva.jpg\" \/>\n\t<meta property=\"og:image:width\" content=\"1448\" \/>\n\t<meta property=\"og:image:height\" content=\"1024\" \/>\n\t<meta property=\"og:image:type\" content=\"image\/jpeg\" \/>\n<meta name=\"twitter:card\" content=\"summary_large_image\" \/>\n<meta name=\"twitter:label1\" content=\"Est. reading time\" \/>\n\t<meta name=\"twitter:data1\" content=\"1 minute\" \/>\n<script type=\"application\/ld+json\" class=\"yoast-schema-graph\">{\"@context\":\"https:\/\/schema.org\",\"@graph\":[{\"@type\":\"WebPage\",\"@id\":\"https:\/\/matkailu.samediggi.fi\/se\/tietovisa\/\",\"url\":\"https:\/\/matkailu.samediggi.fi\/se\/tietovisa\/\",\"name\":\"Vastuullisen matkailijan tietovisa saamelaisten kotiseutualueelle - Saamelaismatkailu\",\"isPartOf\":{\"@id\":\"https:\/\/matkailu.samediggi.fi\/se\/#website\"},\"primaryImageOfPage\":{\"@id\":\"https:\/\/matkailu.samediggi.fi\/se\/tietovisa\/#primaryimage\"},\"image\":{\"@id\":\"https:\/\/matkailu.samediggi.fi\/se\/tietovisa\/#primaryimage\"},\"thumbnailUrl\":\"https:\/\/matkailu.samediggi.fi\/wp-content\/uploads\/2022\/02\/tulevaisuus_hyva.jpg\",\"datePublished\":\"2022-03-04T08:31:43+00:00\",\"dateModified\":\"2022-04-25T13:58:01+00:00\",\"breadcrumb\":{\"@id\":\"https:\/\/matkailu.samediggi.fi\/se\/tietovisa\/#breadcrumb\"},\"inLanguage\":\"se-NO\",\"potentialAction\":[{\"@type\":\"ReadAction\",\"target\":[\"https:\/\/matkailu.samediggi.fi\/se\/tietovisa\/\"]}]},{\"@type\":\"ImageObject\",\"inLanguage\":\"se-NO\",\"@id\":\"https:\/\/matkailu.samediggi.fi\/se\/tietovisa\/#primaryimage\",\"url\":\"https:\/\/matkailu.samediggi.fi\/wp-content\/uploads\/2022\/02\/tulevaisuus_hyva.jpg\",\"contentUrl\":\"https:\/\/matkailu.samediggi.fi\/wp-content\/uploads\/2022\/02\/tulevaisuus_hyva.jpg\",\"width\":1448,\"height\":1024,\"caption\":\"Govat: Sunna Kitti\"},{\"@type\":\"BreadcrumbList\",\"@id\":\"https:\/\/matkailu.samediggi.fi\/se\/tietovisa\/#breadcrumb\",\"itemListElement\":[{\"@type\":\"ListItem\",\"position\":1,\"name\":\"Home\",\"item\":\"https:\/\/matkailu.samediggi.fi\/se\/\"},{\"@type\":\"ListItem\",\"position\":2,\"name\":\"Vastuullisen matkailijan tietovisa saamelaisten kotiseutualueelle\"}]},{\"@type\":\"WebSite\",\"@id\":\"https:\/\/matkailu.samediggi.fi\/se\/#website\",\"url\":\"https:\/\/matkailu.samediggi.fi\/se\/\",\"name\":\"Saamelaismatkailu\",\"description\":\"\",\"publisher\":{\"@id\":\"https:\/\/matkailu.samediggi.fi\/se\/#organization\"},\"potentialAction\":[{\"@type\":\"SearchAction\",\"target\":{\"@type\":\"EntryPoint\",\"urlTemplate\":\"https:\/\/matkailu.samediggi.fi\/se\/?s={search_term_string}\"},\"query-input\":{\"@type\":\"PropertyValueSpecification\",\"valueRequired\":true,\"valueName\":\"search_term_string\"}}],\"inLanguage\":\"se-NO\"},{\"@type\":\"Organization\",\"@id\":\"https:\/\/matkailu.samediggi.fi\/se\/#organization\",\"name\":\"Saamelaisk\u00e4r\u00e4j\u00e4t\",\"url\":\"https:\/\/matkailu.samediggi.fi\/se\/\",\"logo\":{\"@type\":\"ImageObject\",\"inLanguage\":\"se-NO\",\"@id\":\"https:\/\/matkailu.samediggi.fi\/se\/#\/schema\/logo\/image\/\",\"url\":\"https:\/\/matkailu.samediggi.fi\/wp-content\/uploads\/2022\/02\/Samediggilogo_TxtAktiv-1.png\",\"contentUrl\":\"https:\/\/matkailu.samediggi.fi\/wp-content\/uploads\/2022\/02\/Samediggilogo_TxtAktiv-1.png\",\"width\":2490,\"height\":1044,\"caption\":\"Saamelaisk\u00e4r\u00e4j\u00e4t\"},\"image\":{\"@id\":\"https:\/\/matkailu.samediggi.fi\/se\/#\/schema\/logo\/image\/\"}}]}<\/script>\n<!-- \/ Yoast SEO plugin. -->","yoast_head_json":{"title":"Vastuullisen matkailijan tietovisa saamelaisten kotiseutualueelle - Saamelaismatkailu","robots":{"index":"index","follow":"follow","max-snippet":"max-snippet:-1","max-image-preview":"max-image-preview:large","max-video-preview":"max-video-preview:-1"},"canonical":"https:\/\/matkailu.samediggi.fi\/se\/tietovisa\/","og_locale":"se_NO","og_type":"article","og_title":"Vastuullisen matkailijan tietovisa saamelaisten kotiseutualueelle - Saamelaismatkailu","og_description":"Testaa tietosi, miten toimia oikein tai v\u00e4\u00e4rin vieraana saamelaisten kotiseutualueella.","og_url":"https:\/\/matkailu.samediggi.fi\/se\/tietovisa\/","og_site_name":"Saamelaismatkailu","article_modified_time":"2022-04-25T13:58:01+00:00","og_image":[{"width":1448,"height":1024,"url":"https:\/\/matkailu.samediggi.fi\/wp-content\/uploads\/2022\/02\/tulevaisuus_hyva.jpg","type":"image\/jpeg"}],"twitter_card":"summary_large_image","twitter_misc":{"Est. reading time":"1 minute"},"schema":{"@context":"https:\/\/schema.org","@graph":[{"@type":"WebPage","@id":"https:\/\/matkailu.samediggi.fi\/se\/tietovisa\/","url":"https:\/\/matkailu.samediggi.fi\/se\/tietovisa\/","name":"Vastuullisen matkailijan tietovisa saamelaisten kotiseutualueelle - Saamelaismatkailu","isPartOf":{"@id":"https:\/\/matkailu.samediggi.fi\/se\/#website"},"primaryImageOfPage":{"@id":"https:\/\/matkailu.samediggi.fi\/se\/tietovisa\/#primaryimage"},"image":{"@id":"https:\/\/matkailu.samediggi.fi\/se\/tietovisa\/#primaryimage"},"thumbnailUrl":"https:\/\/matkailu.samediggi.fi\/wp-content\/uploads\/2022\/02\/tulevaisuus_hyva.jpg","datePublished":"2022-03-04T08:31:43+00:00","dateModified":"2022-04-25T13:58:01+00:00","breadcrumb":{"@id":"https:\/\/matkailu.samediggi.fi\/se\/tietovisa\/#breadcrumb"},"inLanguage":"se-NO","potentialAction":[{"@type":"ReadAction","target":["https:\/\/matkailu.samediggi.fi\/se\/tietovisa\/"]}]},{"@type":"ImageObject","inLanguage":"se-NO","@id":"https:\/\/matkailu.samediggi.fi\/se\/tietovisa\/#primaryimage","url":"https:\/\/matkailu.samediggi.fi\/wp-content\/uploads\/2022\/02\/tulevaisuus_hyva.jpg","contentUrl":"https:\/\/matkailu.samediggi.fi\/wp-content\/uploads\/2022\/02\/tulevaisuus_hyva.jpg","width":1448,"height":1024,"caption":"Govat: Sunna Kitti"},{"@type":"BreadcrumbList","@id":"https:\/\/matkailu.samediggi.fi\/se\/tietovisa\/#breadcrumb","itemListElement":[{"@type":"ListItem","position":1,"name":"Home","item":"https:\/\/matkailu.samediggi.fi\/se\/"},{"@type":"ListItem","position":2,"name":"Vastuullisen matkailijan tietovisa saamelaisten kotiseutualueelle"}]},{"@type":"WebSite","@id":"https:\/\/matkailu.samediggi.fi\/se\/#website","url":"https:\/\/matkailu.samediggi.fi\/se\/","name":"Saamelaismatkailu","description":"","publisher":{"@id":"https:\/\/matkailu.samediggi.fi\/se\/#organization"},"potentialAction":[{"@type":"SearchAction","target":{"@type":"EntryPoint","urlTemplate":"https:\/\/matkailu.samediggi.fi\/se\/?s={search_term_string}"},"query-input":{"@type":"PropertyValueSpecification","valueRequired":true,"valueName":"search_term_string"}}],"inLanguage":"se-NO"},{"@type":"Organization","@id":"https:\/\/matkailu.samediggi.fi\/se\/#organization","name":"Saamelaisk\u00e4r\u00e4j\u00e4t","url":"https:\/\/matkailu.samediggi.fi\/se\/","logo":{"@type":"ImageObject","inLanguage":"se-NO","@id":"https:\/\/matkailu.samediggi.fi\/se\/#\/schema\/logo\/image\/","url":"https:\/\/matkailu.samediggi.fi\/wp-content\/uploads\/2022\/02\/Samediggilogo_TxtAktiv-1.png","contentUrl":"https:\/\/matkailu.samediggi.fi\/wp-content\/uploads\/2022\/02\/Samediggilogo_TxtAktiv-1.png","width":2490,"height":1044,"caption":"Saamelaisk\u00e4r\u00e4j\u00e4t"},"image":{"@id":"https:\/\/matkailu.samediggi.fi\/se\/#\/schema\/logo\/image\/"}}]}},"_links":{"self":[{"href":"https:\/\/matkailu.samediggi.fi\/se\/wp-json\/wp\/v2\/pages\/653","targetHints":{"allow":["GET"]}}],"collection":[{"href":"https:\/\/matkailu.samediggi.fi\/se\/wp-json\/wp\/v2\/pages"}],"about":[{"href":"https:\/\/matkailu.samediggi.fi\/se\/wp-json\/wp\/v2\/types\/page"}],"author":[{"embeddable":true,"href":"https:\/\/matkailu.samediggi.fi\/se\/wp-json\/wp\/v2\/users\/8"}],"replies":[{"embeddable":true,"href":"https:\/\/matkailu.samediggi.fi\/se\/wp-json\/wp\/v2\/comments?post=653"}],"version-history":[{"count":17,"href":"https:\/\/matkailu.samediggi.fi\/se\/wp-json\/wp\/v2\/pages\/653\/revisions"}],"predecessor-version":[{"id":656,"href":"https:\/\/matkailu.samediggi.fi\/se\/wp-json\/wp\/v2\/pages\/653\/revisions\/656"}],"wp:featuredmedia":[{"embeddable":true,"href":"https:\/\/matkailu.samediggi.fi\/se\/wp-json\/wp\/v2\/media\/194"}],"wp:attachment":[{"href":"https:\/\/matkailu.samediggi.fi\/se\/wp-json\/wp\/v2\/media?parent=653"}],"curies":[{"name":"wp","href":"https:\/\/api.w.org\/{rel}","templated":true}]}}