{"id":3883,"date":"2025-06-09T13:06:10","date_gmt":"2025-06-09T10:06:10","guid":{"rendered":"https:\/\/matkailu.samediggi.fi\/olahahttivuodacilgehus\/"},"modified":"2026-01-07T12:17:03","modified_gmt":"2026-01-07T10:17:03","slug":"olahahttivuodacilgehus","status":"publish","type":"page","link":"https:\/\/matkailu.samediggi.fi\/se\/olahahttivuodacilgehus\/","title":{"rendered":"Olahahttivuo\u0111a&shy;\u010dilgehus"},"content":{"rendered":"<div class=\"wpb-content-wrapper\"><p>[vc_row row_height_percent=&#8221;0&#8243; override_padding=&#8221;yes&#8221; h_padding=&#8221;2&#8243; top_padding=&#8221;2&#8243; bottom_padding=&#8221;4&#8243; back_color=&#8221;color-xsdn&#8221; overlay_alpha=&#8221;50&#8243; gutter_size=&#8221;3&#8243; column_width_percent=&#8221;100&#8243; shift_y=&#8221;0&#8243; z_index=&#8221;0&#8243; uncode_shortcode_id=&#8221;125961&#8243; back_color_type=&#8221;uncode-palette&#8221;][vc_column][vc_column_text uncode_shortcode_id=&#8221;145145&#8243;]<\/p>\n<div class=\"wrapper module-wrapper module-editor default-paddings padding-top-0 padding-bottom-80 module-width-content-area module-visibility-desktop-visible module-visibility-mobile-visible\">\n<div class=\"grid-wrapper\">\n<div class=\"grid-container\">\n<div class=\"grid-x grid-margin-x align-left\">\n<div class=\"cell xlarge-9\">\n<div class=\"module-width-content-area-wrapper\">\n<div class=\"container module-container module-container-editor\">\n<section class=\"container editor-container editor-content default\">\n<h2 class=\"text-align-left\">B\u00e1lvalusa olahahttivuohta<\/h2>\n<p>Neahttasiidu deavd\u00e1 stuor\u00e1mus oass\u00e1i l\u00e1gas geatnegahtton A- ja AA-d\u00e1si olahahttivuo\u0111akritearaid (WCAG 2.1), eaige siiddus leat kritihkala\u0161 olahahttivuo\u0111av\u00e1ilevuo\u0111at. Neahttab\u00e1lvalusa guovdd\u00e1\u0161 v\u00e1ilevuo\u0111at leat govviduvvon ma\u014b\u014belabbos d\u00e1n \u010dilgehusas. Neahttab\u00e1lvalusa doaimmaheaddji lea iskan olahahttivuo\u0111a olahahttivuo\u0111abargoreaidduiguin. Olahahttivuohta vuhtiiv\u00e1ldojuvvo maidd\u00e1i buot o\u0111\u0111a ie\u0161vuo\u0111aid ovddidanbarggus.<\/p>\n<p>Jos materi\u00e1la, man d\u00e1rbba\u0161at, ii leat olahahtti, v\u00e1ldde midjiide <a href=\"https:\/\/samediggi.fi\/dav\/oktavuodadiedut\/\" target=\"_blank\" rel=\"noopener\">oktavuo\u0111a e-poasttain<\/a>. Mii doaimmahat materi\u00e1la, man d\u00e1rbba\u0161at, olahahtti h\u00e1mis.<\/p>\n<p><strong>Govat ja diagr\u00e1mmat:<\/strong>\u00a0Sisdoallosiidduin leat muhtun govat, maidda eai leat mero\u0161tallon govvideaddji teakstav\u00e1st\u00e1dusat. Siiddus leat maidd\u00e1i muhtun govat, mat sisttisdollet teavsttaid. (WCAG 1.1.1, WCAG 1.4.5)<\/p>\n<p><strong>Li\u014bkkat:<\/strong> Li\u014bkkaid nammadeamis leat v\u00e1ilevuo\u0111at. Neahttasiiddu siidduin soait\u00e1 leat geavahuvvon seamma li\u014bkateaksta li\u014bkkain, mat stivrejit geavaheaddji ear\u00e1 sisdoaluide. Buot li\u014bkateavsttat eai doaimma \u00e1\u0161\u0161eoktavuo\u0111as sierra dego \u201doahp\u00e1smuva d\u00e1s\u201d dahje \u201dgeah\u010da buot\u201d. Siidduin leat govvali\u014bkkat, main v\u00e1ilu li\u014bkka ulbmila \u010d\u00e1jeheaddji teakstav\u00e1st\u00e1dus. (WCAG 2.4.4)<\/p>\n<p><strong>Ohcu:<\/strong> Siiddu almmola\u0161 ohcu ii doaimma ruvttolohkkiin ja b\u00e1lvalusa ohcandoaimmat sisttisdollet v\u00e1ileva\u0161 r\u00e1vateavsttaid. D\u00e1t geah\u010d\u010daluvvo divvut boahtteva\u0161 beaiv\u00e1demiin (WCAG 3.3.2)<\/p>\n<p><strong>Vuojuhuvvon videot:<\/strong> Vuojuhuvvon YouTube-\u010duojanasa boalut eai lohkkojuvvo buot ruvttolohkiiguin riekta. L\u00e1ga g\u00e1ib\u00e1dusat eai guoskka d\u00e1kk\u00e1r goalmm\u00e1t oassebeali sisdoalu. (WCAG 1.1.1)<\/p>\n<\/section>\n<\/div>\n<p><\/div>\n<p><\/div>\n<p><\/div>\n<p><\/div>\n<p><\/div>\n<p><\/div>\n<p>[\/vc_column_text][\/vc_column][\/vc_row]<\/p>\n<\/div>","protected":false},"excerpt":{"rendered":"<p>D\u00e1t \u010dilgehus guosk\u00e1 matkailu.samediggi.fi -neahttasiiddu. Neahttasiiddu guosk\u00e1 l\u00e1hka digit\u00e1la b\u00e1lvalusaid f\u00e1llamis. L\u00e1ga mielde almmola\u0161 neahttab\u00e1lvalusat galget leat olahahttit dahjege buohkain galg\u00e1 leat ovttaveard\u00e1sa\u0161 vejola\u0161vuohta geavahit neahttab\u00e1lvalusaid. \u010cilgehusas muitaluvvo makk\u00e1r v\u00e1ilevuo\u0111at siiddu olahahttivuo\u0111as leat ja mo s\u00e1ht\u00e1t addit m\u00e1hcahaga siiddu olahahttivuo\u0111a birra. \u010cilgehus lea r\u00e1hkaduvvon 31.1.2024.<\/p>\n","protected":false},"author":8,"featured_media":199,"parent":0,"menu_order":0,"comment_status":"closed","ping_status":"open","template":"","meta":{"footnotes":""},"class_list":["post-3883","page","type-page","status-publish","has-post-thumbnail","hentry"],"yoast_head":"<!-- This site is optimized with the Yoast SEO plugin v26.6 - https:\/\/yoast.com\/wordpress\/plugins\/seo\/ -->\n<title>Olahahttivuo\u0111a&shy;\u010dilgehus - Saamelaismatkailu<\/title>\n<meta name=\"robots\" content=\"index, follow, max-snippet:-1, max-image-preview:large, max-video-preview:-1\" \/>\n<link rel=\"canonical\" href=\"https:\/\/matkailu.samediggi.fi\/se\/olahahttivuodacilgehus\/\" \/>\n<meta property=\"og:locale\" content=\"se_NO\" \/>\n<meta property=\"og:type\" content=\"article\" \/>\n<meta property=\"og:title\" content=\"Olahahttivuo\u0111a&shy;\u010dilgehus - Saamelaismatkailu\" \/>\n<meta property=\"og:description\" content=\"D\u00e1t \u010dilgehus guosk\u00e1 matkailu.samediggi.fi -neahttasiiddu. Neahttasiiddu guosk\u00e1 l\u00e1hka digit\u00e1la b\u00e1lvalusaid f\u00e1llamis. L\u00e1ga mielde almmola\u0161 neahttab\u00e1lvalusat galget leat olahahttit dahjege buohkain galg\u00e1 leat ovttaveard\u00e1sa\u0161 vejola\u0161vuohta geavahit neahttab\u00e1lvalusaid. \u010cilgehusas muitaluvvo makk\u00e1r v\u00e1ilevuo\u0111at siiddu olahahttivuo\u0111as leat ja mo s\u00e1ht\u00e1t addit m\u00e1hcahaga siiddu olahahttivuo\u0111a birra. \u010cilgehus lea r\u00e1hkaduvvon 31.1.2024.\" \/>\n<meta property=\"og:url\" content=\"https:\/\/matkailu.samediggi.fi\/se\/olahahttivuodacilgehus\/\" \/>\n<meta property=\"og:site_name\" content=\"Saamelaismatkailu\" \/>\n<meta property=\"article:modified_time\" content=\"2026-01-07T10:17:03+00:00\" \/>\n<meta property=\"og:image\" content=\"https:\/\/matkailu.samediggi.fi\/wp-content\/uploads\/2022\/02\/kartta_kulttuuri-1.jpg\" \/>\n\t<meta property=\"og:image:width\" content=\"728\" \/>\n\t<meta property=\"og:image:height\" content=\"727\" \/>\n\t<meta property=\"og:image:type\" content=\"image\/jpeg\" \/>\n<meta name=\"twitter:card\" content=\"summary_large_image\" \/>\n<meta name=\"twitter:label1\" content=\"Est. reading time\" \/>\n\t<meta name=\"twitter:data1\" content=\"1 minute\" \/>\n<script type=\"application\/ld+json\" class=\"yoast-schema-graph\">{\"@context\":\"https:\/\/schema.org\",\"@graph\":[{\"@type\":\"WebPage\",\"@id\":\"https:\/\/matkailu.samediggi.fi\/se\/olahahttivuodacilgehus\/\",\"url\":\"https:\/\/matkailu.samediggi.fi\/se\/olahahttivuodacilgehus\/\",\"name\":\"Olahahttivuo\u0111a&shy;\u010dilgehus - Saamelaismatkailu\",\"isPartOf\":{\"@id\":\"https:\/\/matkailu.samediggi.fi\/se\/#website\"},\"primaryImageOfPage\":{\"@id\":\"https:\/\/matkailu.samediggi.fi\/se\/olahahttivuodacilgehus\/#primaryimage\"},\"image\":{\"@id\":\"https:\/\/matkailu.samediggi.fi\/se\/olahahttivuodacilgehus\/#primaryimage\"},\"thumbnailUrl\":\"https:\/\/matkailu.samediggi.fi\/wp-content\/uploads\/2022\/02\/kartta_kulttuuri-1.jpg\",\"datePublished\":\"2025-06-09T10:06:10+00:00\",\"dateModified\":\"2026-01-07T10:17:03+00:00\",\"breadcrumb\":{\"@id\":\"https:\/\/matkailu.samediggi.fi\/se\/olahahttivuodacilgehus\/#breadcrumb\"},\"inLanguage\":\"se-NO\",\"potentialAction\":[{\"@type\":\"ReadAction\",\"target\":[\"https:\/\/matkailu.samediggi.fi\/se\/olahahttivuodacilgehus\/\"]}]},{\"@type\":\"ImageObject\",\"inLanguage\":\"se-NO\",\"@id\":\"https:\/\/matkailu.samediggi.fi\/se\/olahahttivuodacilgehus\/#primaryimage\",\"url\":\"https:\/\/matkailu.samediggi.fi\/wp-content\/uploads\/2022\/02\/kartta_kulttuuri-1.jpg\",\"contentUrl\":\"https:\/\/matkailu.samediggi.fi\/wp-content\/uploads\/2022\/02\/kartta_kulttuuri-1.jpg\",\"width\":728,\"height\":727,\"caption\":\"Kuvitus: Sunna Kitti\"},{\"@type\":\"BreadcrumbList\",\"@id\":\"https:\/\/matkailu.samediggi.fi\/se\/olahahttivuodacilgehus\/#breadcrumb\",\"itemListElement\":[{\"@type\":\"ListItem\",\"position\":1,\"name\":\"Home\",\"item\":\"https:\/\/matkailu.samediggi.fi\/se\/\"},{\"@type\":\"ListItem\",\"position\":2,\"name\":\"Olahahttivuo\u0111a&shy;\u010dilgehus\"}]},{\"@type\":\"WebSite\",\"@id\":\"https:\/\/matkailu.samediggi.fi\/se\/#website\",\"url\":\"https:\/\/matkailu.samediggi.fi\/se\/\",\"name\":\"Saamelaismatkailu\",\"description\":\"\",\"publisher\":{\"@id\":\"https:\/\/matkailu.samediggi.fi\/se\/#organization\"},\"potentialAction\":[{\"@type\":\"SearchAction\",\"target\":{\"@type\":\"EntryPoint\",\"urlTemplate\":\"https:\/\/matkailu.samediggi.fi\/se\/?s={search_term_string}\"},\"query-input\":{\"@type\":\"PropertyValueSpecification\",\"valueRequired\":true,\"valueName\":\"search_term_string\"}}],\"inLanguage\":\"se-NO\"},{\"@type\":\"Organization\",\"@id\":\"https:\/\/matkailu.samediggi.fi\/se\/#organization\",\"name\":\"Saamelaisk\u00e4r\u00e4j\u00e4t\",\"url\":\"https:\/\/matkailu.samediggi.fi\/se\/\",\"logo\":{\"@type\":\"ImageObject\",\"inLanguage\":\"se-NO\",\"@id\":\"https:\/\/matkailu.samediggi.fi\/se\/#\/schema\/logo\/image\/\",\"url\":\"https:\/\/matkailu.samediggi.fi\/wp-content\/uploads\/2022\/02\/Samediggilogo_TxtAktiv-1.png\",\"contentUrl\":\"https:\/\/matkailu.samediggi.fi\/wp-content\/uploads\/2022\/02\/Samediggilogo_TxtAktiv-1.png\",\"width\":2490,\"height\":1044,\"caption\":\"Saamelaisk\u00e4r\u00e4j\u00e4t\"},\"image\":{\"@id\":\"https:\/\/matkailu.samediggi.fi\/se\/#\/schema\/logo\/image\/\"}}]}<\/script>\n<!-- \/ Yoast SEO plugin. -->","yoast_head_json":{"title":"Olahahttivuo\u0111a&shy;\u010dilgehus - Saamelaismatkailu","robots":{"index":"index","follow":"follow","max-snippet":"max-snippet:-1","max-image-preview":"max-image-preview:large","max-video-preview":"max-video-preview:-1"},"canonical":"https:\/\/matkailu.samediggi.fi\/se\/olahahttivuodacilgehus\/","og_locale":"se_NO","og_type":"article","og_title":"Olahahttivuo\u0111a&shy;\u010dilgehus - Saamelaismatkailu","og_description":"D\u00e1t \u010dilgehus guosk\u00e1 matkailu.samediggi.fi -neahttasiiddu. Neahttasiiddu guosk\u00e1 l\u00e1hka digit\u00e1la b\u00e1lvalusaid f\u00e1llamis. L\u00e1ga mielde almmola\u0161 neahttab\u00e1lvalusat galget leat olahahttit dahjege buohkain galg\u00e1 leat ovttaveard\u00e1sa\u0161 vejola\u0161vuohta geavahit neahttab\u00e1lvalusaid. \u010cilgehusas muitaluvvo makk\u00e1r v\u00e1ilevuo\u0111at siiddu olahahttivuo\u0111as leat ja mo s\u00e1ht\u00e1t addit m\u00e1hcahaga siiddu olahahttivuo\u0111a birra. \u010cilgehus lea r\u00e1hkaduvvon 31.1.2024.","og_url":"https:\/\/matkailu.samediggi.fi\/se\/olahahttivuodacilgehus\/","og_site_name":"Saamelaismatkailu","article_modified_time":"2026-01-07T10:17:03+00:00","og_image":[{"width":728,"height":727,"url":"https:\/\/matkailu.samediggi.fi\/wp-content\/uploads\/2022\/02\/kartta_kulttuuri-1.jpg","type":"image\/jpeg"}],"twitter_card":"summary_large_image","twitter_misc":{"Est. reading time":"1 minute"},"schema":{"@context":"https:\/\/schema.org","@graph":[{"@type":"WebPage","@id":"https:\/\/matkailu.samediggi.fi\/se\/olahahttivuodacilgehus\/","url":"https:\/\/matkailu.samediggi.fi\/se\/olahahttivuodacilgehus\/","name":"Olahahttivuo\u0111a&shy;\u010dilgehus - Saamelaismatkailu","isPartOf":{"@id":"https:\/\/matkailu.samediggi.fi\/se\/#website"},"primaryImageOfPage":{"@id":"https:\/\/matkailu.samediggi.fi\/se\/olahahttivuodacilgehus\/#primaryimage"},"image":{"@id":"https:\/\/matkailu.samediggi.fi\/se\/olahahttivuodacilgehus\/#primaryimage"},"thumbnailUrl":"https:\/\/matkailu.samediggi.fi\/wp-content\/uploads\/2022\/02\/kartta_kulttuuri-1.jpg","datePublished":"2025-06-09T10:06:10+00:00","dateModified":"2026-01-07T10:17:03+00:00","breadcrumb":{"@id":"https:\/\/matkailu.samediggi.fi\/se\/olahahttivuodacilgehus\/#breadcrumb"},"inLanguage":"se-NO","potentialAction":[{"@type":"ReadAction","target":["https:\/\/matkailu.samediggi.fi\/se\/olahahttivuodacilgehus\/"]}]},{"@type":"ImageObject","inLanguage":"se-NO","@id":"https:\/\/matkailu.samediggi.fi\/se\/olahahttivuodacilgehus\/#primaryimage","url":"https:\/\/matkailu.samediggi.fi\/wp-content\/uploads\/2022\/02\/kartta_kulttuuri-1.jpg","contentUrl":"https:\/\/matkailu.samediggi.fi\/wp-content\/uploads\/2022\/02\/kartta_kulttuuri-1.jpg","width":728,"height":727,"caption":"Kuvitus: Sunna Kitti"},{"@type":"BreadcrumbList","@id":"https:\/\/matkailu.samediggi.fi\/se\/olahahttivuodacilgehus\/#breadcrumb","itemListElement":[{"@type":"ListItem","position":1,"name":"Home","item":"https:\/\/matkailu.samediggi.fi\/se\/"},{"@type":"ListItem","position":2,"name":"Olahahttivuo\u0111a&shy;\u010dilgehus"}]},{"@type":"WebSite","@id":"https:\/\/matkailu.samediggi.fi\/se\/#website","url":"https:\/\/matkailu.samediggi.fi\/se\/","name":"Saamelaismatkailu","description":"","publisher":{"@id":"https:\/\/matkailu.samediggi.fi\/se\/#organization"},"potentialAction":[{"@type":"SearchAction","target":{"@type":"EntryPoint","urlTemplate":"https:\/\/matkailu.samediggi.fi\/se\/?s={search_term_string}"},"query-input":{"@type":"PropertyValueSpecification","valueRequired":true,"valueName":"search_term_string"}}],"inLanguage":"se-NO"},{"@type":"Organization","@id":"https:\/\/matkailu.samediggi.fi\/se\/#organization","name":"Saamelaisk\u00e4r\u00e4j\u00e4t","url":"https:\/\/matkailu.samediggi.fi\/se\/","logo":{"@type":"ImageObject","inLanguage":"se-NO","@id":"https:\/\/matkailu.samediggi.fi\/se\/#\/schema\/logo\/image\/","url":"https:\/\/matkailu.samediggi.fi\/wp-content\/uploads\/2022\/02\/Samediggilogo_TxtAktiv-1.png","contentUrl":"https:\/\/matkailu.samediggi.fi\/wp-content\/uploads\/2022\/02\/Samediggilogo_TxtAktiv-1.png","width":2490,"height":1044,"caption":"Saamelaisk\u00e4r\u00e4j\u00e4t"},"image":{"@id":"https:\/\/matkailu.samediggi.fi\/se\/#\/schema\/logo\/image\/"}}]}},"_links":{"self":[{"href":"https:\/\/matkailu.samediggi.fi\/se\/wp-json\/wp\/v2\/pages\/3883","targetHints":{"allow":["GET"]}}],"collection":[{"href":"https:\/\/matkailu.samediggi.fi\/se\/wp-json\/wp\/v2\/pages"}],"about":[{"href":"https:\/\/matkailu.samediggi.fi\/se\/wp-json\/wp\/v2\/types\/page"}],"author":[{"embeddable":true,"href":"https:\/\/matkailu.samediggi.fi\/se\/wp-json\/wp\/v2\/users\/8"}],"replies":[{"embeddable":true,"href":"https:\/\/matkailu.samediggi.fi\/se\/wp-json\/wp\/v2\/comments?post=3883"}],"version-history":[{"count":22,"href":"https:\/\/matkailu.samediggi.fi\/se\/wp-json\/wp\/v2\/pages\/3883\/revisions"}],"predecessor-version":[{"id":7490,"href":"https:\/\/matkailu.samediggi.fi\/se\/wp-json\/wp\/v2\/pages\/3883\/revisions\/7490"}],"wp:featuredmedia":[{"embeddable":true,"href":"https:\/\/matkailu.samediggi.fi\/se\/wp-json\/wp\/v2\/media\/199"}],"wp:attachment":[{"href":"https:\/\/matkailu.samediggi.fi\/se\/wp-json\/wp\/v2\/media?parent=3883"}],"curies":[{"name":"wp","href":"https:\/\/api.w.org\/{rel}","templated":true}]}}