{"id":772,"date":"2022-03-15T17:25:55","date_gmt":"2022-03-15T15:25:55","guid":{"rendered":"https:\/\/samediggi.fi\/saamelaismatkailu\/?page_id=772"},"modified":"2022-04-25T15:31:27","modified_gmt":"2022-04-25T12:31:27","slug":"holistic-sustainability","status":"publish","type":"page","link":"https:\/\/matkailu.samediggi.fi\/en\/holistic-sustainability\/","title":{"rendered":"Holistic Sustainability"},"content":{"rendered":"<div class=\"wpb-content-wrapper\"><p>[vc_row unlock_row_content=&#8221;yes&#8221; row_height_percent=&#8221;0&#8243; override_padding=&#8221;yes&#8221; h_padding=&#8221;3&#8243; top_padding=&#8221;3&#8243; bottom_padding=&#8221;3&#8243; back_color=&#8221;color-420331&#8243; overlay_alpha=&#8221;50&#8243; equal_height=&#8221;yes&#8221; gutter_size=&#8221;3&#8243; column_width_percent=&#8221;100&#8243; shift_y=&#8221;0&#8243; z_index=&#8221;0&#8243; enable_bottom_divider=&#8221;default&#8221; bottom_divider_inv=&#8221;pyramids&#8221; shape_bottom_invert=&#8221;yes&#8221; shape_bottom_h_use_pixel=&#8221;&#8221; shape_bottom_height=&#8221;50&#8243; shape_bottom_color=&#8221;color-xsdn&#8221; shape_bottom_opacity=&#8221;100&#8243; shape_bottom_safe=&#8221;yes&#8221; shape_bottom_index=&#8221;0&#8243; shape_bottom_responsive=&#8221;yes&#8221; uncode_shortcode_id=&#8221;697563&#8243; back_color_type=&#8221;uncode-palette&#8221; shape_bottom_color_type=&#8221;uncode-palette&#8221; row_name=&#8221;Beginning&#8221; shape_dividers=&#8221;&#8221;][vc_column column_width_percent=&#8221;100&#8243; gutter_size=&#8221;3&#8243; overlay_alpha=&#8221;50&#8243; shift_x=&#8221;0&#8243; shift_y=&#8221;0&#8243; shift_y_down=&#8221;0&#8243; z_index=&#8221;0&#8243; medium_width=&#8221;0&#8243; mobile_width=&#8221;0&#8243; width=&#8221;1\/2&#8243; uncode_shortcode_id=&#8221;132219&#8243;][vc_single_image media=&#8221;956&#8243; caption=&#8221;yes&#8221; media_width_percent=&#8221;100&#8243; uncode_shortcode_id=&#8221;200166&#8243;][\/vc_column][vc_column column_width_percent=&#8221;100&#8243; position_horizontal=&#8221;left&#8221; gutter_size=&#8221;3&#8243; overlay_alpha=&#8221;50&#8243; shift_x=&#8221;0&#8243; shift_y=&#8221;0&#8243; shift_y_down=&#8221;0&#8243; z_index=&#8221;0&#8243; medium_width=&#8221;0&#8243; mobile_width=&#8221;0&#8243; width=&#8221;1\/2&#8243; uncode_shortcode_id=&#8221;845544&#8243;][vc_custom_heading auto_text=&#8221;yes&#8221; heading_semantic=&#8221;h1&#8243; uncode_shortcode_id=&#8221;116186&#8243; el_class=&#8221;headingBlock&#8221;]<\/p>\n<h1>Dynamic Header<\/h1>\n<p>[\/vc_custom_heading][vc_column_text auto_text=&#8221;excerpt&#8221; uncode_shortcode_id=&#8221;531174&#8243;]Dynamic Excerption[\/vc_column_text][uncode_share layout=&#8221;multiple&#8221; bigger=&#8221;yes&#8221; no_back=&#8221;yes&#8221; title=&#8221;Share&#8221;][\/vc_column][\/vc_row][vc_row row_height_percent=&#8221;0&#8243; override_padding=&#8221;yes&#8221; h_padding=&#8221;3&#8243; top_padding=&#8221;3&#8243; bottom_padding=&#8221;3&#8243; back_color=&#8221;color-xsdn&#8221; overlay_alpha=&#8221;50&#8243; gutter_size=&#8221;3&#8243; column_width_percent=&#8221;100&#8243; shift_y=&#8221;0&#8243; z_index=&#8221;0&#8243; uncode_shortcode_id=&#8221;653270&#8243; row_name=&#8221;Sustainable tourism&#8221; back_color_type=&#8221;uncode-palette&#8221;][vc_column column_width_percent=&#8221;100&#8243; gutter_size=&#8221;0&#8243; override_padding=&#8221;yes&#8221; column_padding=&#8221;0&#8243; back_image=&#8221;845&#8243; back_position=&#8221;left center&#8221; overlay_alpha=&#8221;50&#8243; shift_x=&#8221;0&#8243; shift_y=&#8221;0&#8243; shift_y_down=&#8221;0&#8243; z_index=&#8221;0&#8243; medium_width=&#8221;0&#8243; mobile_width=&#8221;0&#8243; css_animation=&#8221;alpha-anim&#8221; width=&#8221;1\/2&#8243; uncode_shortcode_id=&#8221;792764&#8243; back_size=&#8221;contain&#8221; el_class=&#8221;loopA&#8221;][vc_single_image media=&#8221;183&#8243; media_width_percent=&#8221;100&#8243; uncode_shortcode_id=&#8221;168263&#8243; el_class=&#8221;hiddenImg&#8221;][\/vc_column][vc_column width=&#8221;1\/2&#8243;][vc_column_text uncode_shortcode_id=&#8221;121974&#8243;]<\/p>\n<h2>Ethically sustainable S\u00e1mi tourism<\/h2>\n<p>Imagine that each leg of the reindeer calf represents one element of sustainability and carrying capacity.<\/p>\n<p><strong>The left foreleg<\/strong> symbolises the <strong>social dimension<\/strong> of the living cultural landscape where the reindeer calf lives. The social dimension ensures the physical and mental wellbeing of the local community. <strong>The right foreleg<\/strong> embodies <strong>cultural dimension<\/strong>, and its natural intergenerational transmission from yesterday via today to tomorrow. <strong>The left hind leg<\/strong> stands for <strong>ecological dimension<\/strong> in the form of preservation of vitally important biodiversity. <strong>The right hind leg<\/strong> represents economical dimension for <strong>continued viability<\/strong> of local communities.<\/p>\n<p>For the calf to have a safe path in the Arctic cultural landscape from past via today to future, all its legs need to stay unharmed.[\/vc_column_text][\/vc_column][\/vc_row][vc_row row_height_percent=&#8221;0&#8243; override_padding=&#8221;yes&#8221; h_padding=&#8221;3&#8243; top_padding=&#8221;3&#8243; bottom_padding=&#8221;3&#8243; back_color=&#8221;color-lxmt&#8221; overlay_alpha=&#8221;50&#8243; gutter_size=&#8221;3&#8243; column_width_percent=&#8221;100&#8243; shift_y=&#8221;0&#8243; z_index=&#8221;0&#8243; enable_top_divider=&#8221;default&#8221; top_divider=&#8221;pyramids&#8221; shape_top_h_use_pixel=&#8221;&#8221; shape_top_height=&#8221;30&#8243; shape_top_color=&#8221;color-xsdn&#8221; shape_top_opacity=&#8221;100&#8243; shape_top_safe=&#8221;yes&#8221; shape_top_index=&#8221;0&#8243; uncode_shortcode_id=&#8221;702382&#8243; row_name=&#8221;Unsustainable tourism&#8221; back_color_type=&#8221;uncode-palette&#8221; shape_top_color_type=&#8221;uncode-palette&#8221;][vc_column width=&#8221;1\/2&#8243;][vc_column_text uncode_shortcode_id=&#8221;190545&#8243;]<\/p>\n<h2>Ethically unsustainable tourism<\/h2>\n<p>Touristic utilisation of S\u00e1mi culture and tourism taking place in S\u00e1mi Homeland is not sustainable if even one of the elements of sustainable development or carrying capacities is not met.<\/p>\n<p><strong>If even one of the calf\u2019s legs is missing or injured, the future of the calf\u2019s survival in the nature is compromised, both today and tomorrow.<\/strong><\/p>\n<p>You have a chance to make a difference! Choose responsible and ethically sustainable S\u00e1mi tourism services and products. Treat the living cultural landscape and all its inhabitants with respect and consideration. Leave no trace.[\/vc_column_text][\/vc_column][vc_column column_width_percent=&#8221;100&#8243; gutter_size=&#8221;3&#8243; override_padding=&#8221;yes&#8221; column_padding=&#8221;0&#8243; back_image=&#8221;843&#8243; overlay_alpha=&#8221;50&#8243; shift_x=&#8221;0&#8243; shift_y=&#8221;0&#8243; shift_y_down=&#8221;0&#8243; z_index=&#8221;0&#8243; medium_width=&#8221;0&#8243; mobile_width=&#8221;0&#8243; css_animation=&#8221;alpha-anim&#8221; width=&#8221;1\/2&#8243; uncode_shortcode_id=&#8221;154830&#8243; back_size=&#8221;contain&#8221; el_class=&#8221;loopB&#8221;][vc_single_image media=&#8221;182&#8243; media_width_percent=&#8221;100&#8243; uncode_shortcode_id=&#8221;109276&#8243; el_class=&#8221;hiddenImg&#8221;][\/vc_column][\/vc_row]<\/p>\n<\/div>","protected":false},"excerpt":{"rendered":"<p>Imagine that each leg of the reindeer calf represents one element of sustainability and carrying capacity.<\/p>\n<p>For the calf to have a safe path in the Arctic cultural landscape from past via today to future, all its legs need to stay unharmed.<\/p>\n","protected":false},"author":8,"featured_media":194,"parent":0,"menu_order":0,"comment_status":"closed","ping_status":"open","template":"","meta":{"footnotes":""},"class_list":["post-772","page","type-page","status-publish","has-post-thumbnail","hentry"],"yoast_head":"<!-- This site is optimized with the Yoast SEO plugin v26.6 - https:\/\/yoast.com\/wordpress\/plugins\/seo\/ -->\n<title>Holistic Sustainability - Saamelaismatkailu<\/title>\n<meta name=\"robots\" content=\"index, follow, max-snippet:-1, max-image-preview:large, max-video-preview:-1\" \/>\n<link rel=\"canonical\" href=\"https:\/\/matkailu.samediggi.fi\/en\/holistic-sustainability\/\" \/>\n<meta property=\"og:locale\" content=\"en_US\" \/>\n<meta property=\"og:type\" content=\"article\" \/>\n<meta property=\"og:title\" content=\"Holistic Sustainability - Saamelaismatkailu\" \/>\n<meta property=\"og:description\" content=\"Imagine that each leg of the reindeer calf represents one element of sustainability and carrying capacity.  For the calf to have a safe path in the Arctic cultural landscape from past via today to future, all its legs need to stay unharmed.\" \/>\n<meta property=\"og:url\" content=\"https:\/\/matkailu.samediggi.fi\/en\/holistic-sustainability\/\" \/>\n<meta property=\"og:site_name\" content=\"Saamelaismatkailu\" \/>\n<meta property=\"article:modified_time\" content=\"2022-04-25T12:31:27+00:00\" \/>\n<meta property=\"og:image\" content=\"https:\/\/matkailu.samediggi.fi\/wp-content\/uploads\/2022\/02\/tulevaisuus_hyva.jpg\" \/>\n\t<meta property=\"og:image:width\" content=\"1448\" \/>\n\t<meta property=\"og:image:height\" content=\"1024\" \/>\n\t<meta property=\"og:image:type\" content=\"image\/jpeg\" \/>\n<meta name=\"twitter:card\" content=\"summary_large_image\" \/>\n<meta name=\"twitter:label1\" content=\"Est. reading time\" \/>\n\t<meta name=\"twitter:data1\" content=\"3 minutes\" \/>\n<script type=\"application\/ld+json\" class=\"yoast-schema-graph\">{\"@context\":\"https:\/\/schema.org\",\"@graph\":[{\"@type\":\"WebPage\",\"@id\":\"https:\/\/matkailu.samediggi.fi\/en\/holistic-sustainability\/\",\"url\":\"https:\/\/matkailu.samediggi.fi\/en\/holistic-sustainability\/\",\"name\":\"Holistic Sustainability - Saamelaismatkailu\",\"isPartOf\":{\"@id\":\"https:\/\/matkailu.samediggi.fi\/en\/#website\"},\"primaryImageOfPage\":{\"@id\":\"https:\/\/matkailu.samediggi.fi\/en\/holistic-sustainability\/#primaryimage\"},\"image\":{\"@id\":\"https:\/\/matkailu.samediggi.fi\/en\/holistic-sustainability\/#primaryimage\"},\"thumbnailUrl\":\"https:\/\/matkailu.samediggi.fi\/wp-content\/uploads\/2022\/02\/tulevaisuus_hyva.jpg\",\"datePublished\":\"2022-03-15T15:25:55+00:00\",\"dateModified\":\"2022-04-25T12:31:27+00:00\",\"breadcrumb\":{\"@id\":\"https:\/\/matkailu.samediggi.fi\/en\/holistic-sustainability\/#breadcrumb\"},\"inLanguage\":\"en-US\",\"potentialAction\":[{\"@type\":\"ReadAction\",\"target\":[\"https:\/\/matkailu.samediggi.fi\/en\/holistic-sustainability\/\"]}]},{\"@type\":\"ImageObject\",\"inLanguage\":\"en-US\",\"@id\":\"https:\/\/matkailu.samediggi.fi\/en\/holistic-sustainability\/#primaryimage\",\"url\":\"https:\/\/matkailu.samediggi.fi\/wp-content\/uploads\/2022\/02\/tulevaisuus_hyva.jpg\",\"contentUrl\":\"https:\/\/matkailu.samediggi.fi\/wp-content\/uploads\/2022\/02\/tulevaisuus_hyva.jpg\",\"width\":1448,\"height\":1024,\"caption\":\"Illustrations: Sunna Kitti\"},{\"@type\":\"BreadcrumbList\",\"@id\":\"https:\/\/matkailu.samediggi.fi\/en\/holistic-sustainability\/#breadcrumb\",\"itemListElement\":[{\"@type\":\"ListItem\",\"position\":1,\"name\":\"Home\",\"item\":\"https:\/\/matkailu.samediggi.fi\/en\/\"},{\"@type\":\"ListItem\",\"position\":2,\"name\":\"Holistic Sustainability\"}]},{\"@type\":\"WebSite\",\"@id\":\"https:\/\/matkailu.samediggi.fi\/en\/#website\",\"url\":\"https:\/\/matkailu.samediggi.fi\/en\/\",\"name\":\"Saamelaismatkailu\",\"description\":\"\",\"publisher\":{\"@id\":\"https:\/\/matkailu.samediggi.fi\/en\/#organization\"},\"potentialAction\":[{\"@type\":\"SearchAction\",\"target\":{\"@type\":\"EntryPoint\",\"urlTemplate\":\"https:\/\/matkailu.samediggi.fi\/en\/?s={search_term_string}\"},\"query-input\":{\"@type\":\"PropertyValueSpecification\",\"valueRequired\":true,\"valueName\":\"search_term_string\"}}],\"inLanguage\":\"en-US\"},{\"@type\":\"Organization\",\"@id\":\"https:\/\/matkailu.samediggi.fi\/en\/#organization\",\"name\":\"Saamelaisk\u00e4r\u00e4j\u00e4t\",\"url\":\"https:\/\/matkailu.samediggi.fi\/en\/\",\"logo\":{\"@type\":\"ImageObject\",\"inLanguage\":\"en-US\",\"@id\":\"https:\/\/matkailu.samediggi.fi\/en\/#\/schema\/logo\/image\/\",\"url\":\"https:\/\/matkailu.samediggi.fi\/wp-content\/uploads\/2022\/02\/Samediggilogo_TxtAktiv-1.png\",\"contentUrl\":\"https:\/\/matkailu.samediggi.fi\/wp-content\/uploads\/2022\/02\/Samediggilogo_TxtAktiv-1.png\",\"width\":2490,\"height\":1044,\"caption\":\"Saamelaisk\u00e4r\u00e4j\u00e4t\"},\"image\":{\"@id\":\"https:\/\/matkailu.samediggi.fi\/en\/#\/schema\/logo\/image\/\"}}]}<\/script>\n<!-- \/ Yoast SEO plugin. -->","yoast_head_json":{"title":"Holistic Sustainability - Saamelaismatkailu","robots":{"index":"index","follow":"follow","max-snippet":"max-snippet:-1","max-image-preview":"max-image-preview:large","max-video-preview":"max-video-preview:-1"},"canonical":"https:\/\/matkailu.samediggi.fi\/en\/holistic-sustainability\/","og_locale":"en_US","og_type":"article","og_title":"Holistic Sustainability - Saamelaismatkailu","og_description":"Imagine that each leg of the reindeer calf represents one element of sustainability and carrying capacity.  For the calf to have a safe path in the Arctic cultural landscape from past via today to future, all its legs need to stay unharmed.","og_url":"https:\/\/matkailu.samediggi.fi\/en\/holistic-sustainability\/","og_site_name":"Saamelaismatkailu","article_modified_time":"2022-04-25T12:31:27+00:00","og_image":[{"width":1448,"height":1024,"url":"https:\/\/matkailu.samediggi.fi\/wp-content\/uploads\/2022\/02\/tulevaisuus_hyva.jpg","type":"image\/jpeg"}],"twitter_card":"summary_large_image","twitter_misc":{"Est. reading time":"3 minutes"},"schema":{"@context":"https:\/\/schema.org","@graph":[{"@type":"WebPage","@id":"https:\/\/matkailu.samediggi.fi\/en\/holistic-sustainability\/","url":"https:\/\/matkailu.samediggi.fi\/en\/holistic-sustainability\/","name":"Holistic Sustainability - Saamelaismatkailu","isPartOf":{"@id":"https:\/\/matkailu.samediggi.fi\/en\/#website"},"primaryImageOfPage":{"@id":"https:\/\/matkailu.samediggi.fi\/en\/holistic-sustainability\/#primaryimage"},"image":{"@id":"https:\/\/matkailu.samediggi.fi\/en\/holistic-sustainability\/#primaryimage"},"thumbnailUrl":"https:\/\/matkailu.samediggi.fi\/wp-content\/uploads\/2022\/02\/tulevaisuus_hyva.jpg","datePublished":"2022-03-15T15:25:55+00:00","dateModified":"2022-04-25T12:31:27+00:00","breadcrumb":{"@id":"https:\/\/matkailu.samediggi.fi\/en\/holistic-sustainability\/#breadcrumb"},"inLanguage":"en-US","potentialAction":[{"@type":"ReadAction","target":["https:\/\/matkailu.samediggi.fi\/en\/holistic-sustainability\/"]}]},{"@type":"ImageObject","inLanguage":"en-US","@id":"https:\/\/matkailu.samediggi.fi\/en\/holistic-sustainability\/#primaryimage","url":"https:\/\/matkailu.samediggi.fi\/wp-content\/uploads\/2022\/02\/tulevaisuus_hyva.jpg","contentUrl":"https:\/\/matkailu.samediggi.fi\/wp-content\/uploads\/2022\/02\/tulevaisuus_hyva.jpg","width":1448,"height":1024,"caption":"Illustrations: Sunna Kitti"},{"@type":"BreadcrumbList","@id":"https:\/\/matkailu.samediggi.fi\/en\/holistic-sustainability\/#breadcrumb","itemListElement":[{"@type":"ListItem","position":1,"name":"Home","item":"https:\/\/matkailu.samediggi.fi\/en\/"},{"@type":"ListItem","position":2,"name":"Holistic Sustainability"}]},{"@type":"WebSite","@id":"https:\/\/matkailu.samediggi.fi\/en\/#website","url":"https:\/\/matkailu.samediggi.fi\/en\/","name":"Saamelaismatkailu","description":"","publisher":{"@id":"https:\/\/matkailu.samediggi.fi\/en\/#organization"},"potentialAction":[{"@type":"SearchAction","target":{"@type":"EntryPoint","urlTemplate":"https:\/\/matkailu.samediggi.fi\/en\/?s={search_term_string}"},"query-input":{"@type":"PropertyValueSpecification","valueRequired":true,"valueName":"search_term_string"}}],"inLanguage":"en-US"},{"@type":"Organization","@id":"https:\/\/matkailu.samediggi.fi\/en\/#organization","name":"Saamelaisk\u00e4r\u00e4j\u00e4t","url":"https:\/\/matkailu.samediggi.fi\/en\/","logo":{"@type":"ImageObject","inLanguage":"en-US","@id":"https:\/\/matkailu.samediggi.fi\/en\/#\/schema\/logo\/image\/","url":"https:\/\/matkailu.samediggi.fi\/wp-content\/uploads\/2022\/02\/Samediggilogo_TxtAktiv-1.png","contentUrl":"https:\/\/matkailu.samediggi.fi\/wp-content\/uploads\/2022\/02\/Samediggilogo_TxtAktiv-1.png","width":2490,"height":1044,"caption":"Saamelaisk\u00e4r\u00e4j\u00e4t"},"image":{"@id":"https:\/\/matkailu.samediggi.fi\/en\/#\/schema\/logo\/image\/"}}]}},"_links":{"self":[{"href":"https:\/\/matkailu.samediggi.fi\/en\/wp-json\/wp\/v2\/pages\/772","targetHints":{"allow":["GET"]}}],"collection":[{"href":"https:\/\/matkailu.samediggi.fi\/en\/wp-json\/wp\/v2\/pages"}],"about":[{"href":"https:\/\/matkailu.samediggi.fi\/en\/wp-json\/wp\/v2\/types\/page"}],"author":[{"embeddable":true,"href":"https:\/\/matkailu.samediggi.fi\/en\/wp-json\/wp\/v2\/users\/8"}],"replies":[{"embeddable":true,"href":"https:\/\/matkailu.samediggi.fi\/en\/wp-json\/wp\/v2\/comments?post=772"}],"version-history":[{"count":31,"href":"https:\/\/matkailu.samediggi.fi\/en\/wp-json\/wp\/v2\/pages\/772\/revisions"}],"predecessor-version":[{"id":1133,"href":"https:\/\/matkailu.samediggi.fi\/en\/wp-json\/wp\/v2\/pages\/772\/revisions\/1133"}],"wp:featuredmedia":[{"embeddable":true,"href":"https:\/\/matkailu.samediggi.fi\/en\/wp-json\/wp\/v2\/media\/194"}],"wp:attachment":[{"href":"https:\/\/matkailu.samediggi.fi\/en\/wp-json\/wp\/v2\/media?parent=772"}],"curies":[{"name":"wp","href":"https:\/\/api.w.org\/{rel}","templated":true}]}}