{"id":768,"date":"2022-03-07T11:19:39","date_gmt":"2022-03-07T09:19:39","guid":{"rendered":"https:\/\/samediggi.fi\/saamelaismatkailu\/with-our-responsible-choices-we-influence-our-future\/"},"modified":"2022-04-25T15:32:29","modified_gmt":"2022-04-25T12:32:29","slug":"future","status":"publish","type":"page","link":"https:\/\/matkailu.samediggi.fi\/en\/future\/","title":{"rendered":"Responsible Choices Have Impact on Our Future"},"content":{"rendered":"<div class=\"wpb-content-wrapper\"><p>[vc_row unlock_row_content=&#8221;yes&#8221; row_height_percent=&#8221;0&#8243; override_padding=&#8221;yes&#8221; h_padding=&#8221;3&#8243; top_padding=&#8221;3&#8243; bottom_padding=&#8221;3&#8243; back_color=&#8221;color-420331&#8243; overlay_alpha=&#8221;50&#8243; equal_height=&#8221;yes&#8221; gutter_size=&#8221;3&#8243; column_width_percent=&#8221;100&#8243; shift_y=&#8221;0&#8243; z_index=&#8221;0&#8243; enable_bottom_divider=&#8221;default&#8221; bottom_divider_inv=&#8221;pyramids&#8221; shape_bottom_invert=&#8221;yes&#8221; shape_bottom_h_use_pixel=&#8221;&#8221; shape_bottom_height=&#8221;50&#8243; shape_bottom_color=&#8221;color-xsdn&#8221; shape_bottom_opacity=&#8221;100&#8243; shape_bottom_safe=&#8221;yes&#8221; shape_bottom_index=&#8221;0&#8243; shape_bottom_responsive=&#8221;yes&#8221; uncode_shortcode_id=&#8221;810502&#8243; back_color_type=&#8221;uncode-palette&#8221; shape_bottom_color_type=&#8221;uncode-palette&#8221; row_name=&#8221;Beginning&#8221; shape_dividers=&#8221;&#8221;][vc_column column_width_percent=&#8221;100&#8243; gutter_size=&#8221;3&#8243; overlay_alpha=&#8221;50&#8243; shift_x=&#8221;0&#8243; shift_y=&#8221;0&#8243; shift_y_down=&#8221;0&#8243; z_index=&#8221;0&#8243; medium_width=&#8221;0&#8243; mobile_width=&#8221;0&#8243; width=&#8221;1\/2&#8243; uncode_shortcode_id=&#8221;169613&#8243;][uncode_twentytwenty media_before=&#8221;194&#8243; media_after=&#8221;193&#8243; el_class=&#8221;rightWrong letterbox&#8221;][\/vc_column][vc_column column_width_percent=&#8221;100&#8243; position_horizontal=&#8221;left&#8221; gutter_size=&#8221;3&#8243; overlay_alpha=&#8221;50&#8243; shift_x=&#8221;0&#8243; shift_y=&#8221;0&#8243; shift_y_down=&#8221;0&#8243; z_index=&#8221;0&#8243; medium_width=&#8221;0&#8243; mobile_width=&#8221;0&#8243; width=&#8221;1\/2&#8243; uncode_shortcode_id=&#8221;102525&#8243;][vc_custom_heading auto_text=&#8221;yes&#8221; heading_semantic=&#8221;h1&#8243; uncode_shortcode_id=&#8221;116186&#8243; el_class=&#8221;headingBlock&#8221;]<\/p>\n<h1>Dynamic Header<\/h1>\n<p>[\/vc_custom_heading][vc_column_text uncode_shortcode_id=&#8221;246097&#8243;]In all the places, where our deeds and footprints reach and affect, we all share responsibility of our future together. Let us make today more responsible and ethically sustainable, together. Tomorrow\u2019s generations also need all this beauty and richness to live and experience.[\/vc_column_text][uncode_share layout=&#8221;multiple&#8221; bigger=&#8221;yes&#8221; no_back=&#8221;yes&#8221; title=&#8221;Share&#8221;][\/vc_column][\/vc_row][vc_row row_height_percent=&#8221;100&#8243; back_color=&#8221;color-xsdn&#8221; overlay_alpha=&#8221;50&#8243; gutter_size=&#8221;3&#8243; column_width_percent=&#8221;100&#8243; shift_y=&#8221;0&#8243; z_index=&#8221;0&#8243; uncode_shortcode_id=&#8221;104746&#8243; back_color_type=&#8221;uncode-palette&#8221; row_name=&#8221;The future we want&#8221;][vc_column width=&#8221;1\/1&#8243;][vc_custom_heading uncode_shortcode_id=&#8221;171354&#8243;]Future We Want[\/vc_custom_heading][vc_row_inner][vc_column_inner width=&#8221;2\/3&#8243;][vc_gallery el_id=&#8221;gallery-204989-good&#8221; medias=&#8221;194&#8243; gutter_size=&#8221;2&#8243; media_items=&#8221;media|nolink|original,title&#8221; screen_lg=&#8221;600&#8243; screen_md=&#8221;600&#8243; screen_sm=&#8221;480&#8243; single_width=&#8221;12&#8243; single_overlay_opacity=&#8221;50&#8243; single_h_align=&#8221;center&#8221; single_padding=&#8221;2&#8243; single_title_dimension=&#8221;h1&#8243; single_border=&#8221;yes&#8221; single_css_animation=&#8221;alpha-anim&#8221; lbox_title=&#8221;yes&#8221; lbox_caption=&#8221;yes&#8221; lbox_no_tmb=&#8221;yes&#8221; uncode_shortcode_id=&#8221;212403&#8243; items=&#8221;eyIxNzFfaSI6eyJzaW5nbGVfb3ZlcmxheV9jb2xvciI6ImNvbG9yLTY2NzE2MiJ9LCIxODBfaSI6eyJzaW5nbGVfb3ZlcmxheV9jb2xvciI6ImNvbG9yLTkyODQ1OCJ9LCIxOTVfaSI6eyJzaW5nbGVfb3ZlcmxheV9jb2xvciI6ImNvbG9yLTkyODQ1OCJ9LCIxOTlfaSI6eyJzaW5nbGVfd2lkdGgiOiIxMiIsInNpbmdsZV9vdmVybGF5X2NvbG9yIjoiY29sb3ItOTI4NDU4Iiwic2luZ2xlX2hlaWdodCI6IjEyIn0sIjE5NF9pIjp7InNpbmdsZV9vdmVybGF5X2NvbG9yIjoiY29sb3ItNjY3MjgzIiwic2luZ2xlX2hlaWdodCI6IiJ9LCIxOTNfaSI6eyJzaW5nbGVfb3ZlcmxheV9jb2xvciI6ImNvbG9yLTY2NzE2MiJ9fQ==&#8221; el_class=&#8221;letterbox&#8221;][\/vc_column_inner][vc_column_inner width=&#8221;1\/3&#8243;][vc_column_text uncode_shortcode_id=&#8221;193482&#8243;]<strong>The Future We Want<\/strong> illustration is based on the vision in the ethical guidelines. Following the vision, the traditional livelihoods of the S\u00e1mi are viable and profitable. Modern livelihoods such as responsible and ethically sustainable tourism based on S\u00e1mi culture support the profitability of traditional livelihoods and promote employment locally.<\/p>\n<p>In the vision, there is a S\u00e1mi tourism information centre distributing accurate information on the S\u00e1mi and S\u00e1mi culture to visitors and various interest groups in tourism industry. Furthermore, the centre has information about the responsibly and ethically sustainably operating S\u00e1mi tourism entrepreneurs. In the good vision, also the everyday lives and festivities of the S\u00e1mi community as well as land use in S\u00e1mi Homeland have been successfully co-ordinated with tourism while the rights of the S\u00e1mi and S\u00e1mi culture have been taken into consideration and respected.[\/vc_column_text][\/vc_column_inner][\/vc_row_inner][\/vc_column][\/vc_row][vc_row row_height_percent=&#8221;100&#8243; back_color=&#8221;color-lxmt&#8221; overlay_alpha=&#8221;50&#8243; gutter_size=&#8221;3&#8243; column_width_percent=&#8221;100&#8243; shift_y=&#8221;0&#8243; z_index=&#8221;0&#8243; uncode_shortcode_id=&#8221;161750&#8243; back_color_type=&#8221;uncode-palette&#8221; row_name=&#8221;A future we do not want&#8221;][vc_column width=&#8221;1\/1&#8243;][vc_custom_heading uncode_shortcode_id=&#8221;195774&#8243;]Future We Do Not Want[\/vc_custom_heading][vc_row_inner][vc_column_inner width=&#8221;2\/3&#8243;][vc_gallery el_id=&#8221;gallery-204989-good&#8221; medias=&#8221;193&#8243; gutter_size=&#8221;2&#8243; media_items=&#8221;media|nolink|original,title&#8221; screen_lg=&#8221;600&#8243; screen_md=&#8221;600&#8243; screen_sm=&#8221;480&#8243; single_width=&#8221;12&#8243; single_overlay_opacity=&#8221;50&#8243; single_h_align=&#8221;center&#8221; single_padding=&#8221;2&#8243; single_title_dimension=&#8221;h1&#8243; single_border=&#8221;yes&#8221; single_css_animation=&#8221;alpha-anim&#8221; lbox_title=&#8221;yes&#8221; lbox_caption=&#8221;yes&#8221; lbox_no_tmb=&#8221;yes&#8221; uncode_shortcode_id=&#8221;106673&#8243; items=&#8221;eyIxNzFfaSI6eyJzaW5nbGVfb3ZlcmxheV9jb2xvciI6ImNvbG9yLTY2NzE2MiJ9LCIxODBfaSI6eyJzaW5nbGVfb3ZlcmxheV9jb2xvciI6ImNvbG9yLTkyODQ1OCJ9LCIxOTVfaSI6eyJzaW5nbGVfb3ZlcmxheV9jb2xvciI6ImNvbG9yLTkyODQ1OCJ9LCIxOTlfaSI6eyJzaW5nbGVfd2lkdGgiOiIxMiIsInNpbmdsZV9vdmVybGF5X2NvbG9yIjoiY29sb3ItOTI4NDU4Iiwic2luZ2xlX2hlaWdodCI6IjEyIn0sIjE5NF9pIjp7InNpbmdsZV9vdmVybGF5X2NvbG9yIjoiY29sb3ItNjY3MjgzIiwic2luZ2xlX2hlaWdodCI6IiJ9LCIxOTNfaSI6eyJzaW5nbGVfb3ZlcmxheV9jb2xvciI6ImNvbG9yLTY2NzE2MiJ9fQ==&#8221; el_class=&#8221;letterbox&#8221;][\/vc_column_inner][vc_column_inner width=&#8221;1\/3&#8243;][vc_column_text uncode_shortcode_id=&#8221;183733&#8243;]The opposite of the good vision is <strong>The Future We Do Not Want.<\/strong> In this illustration, the vision in the ethical guidelines has not taken place. The uncontrolled and constantly increasing numbers of visitors arriving in S\u00e1mi Homeland have caused increasing amounts of challenges that have not been manageable or solved. Tourism in S\u00e1mi Homeland is uncontrolled and ethically unsustainable. The traditional livelihoods of the S\u00e1mi have been forced to retreat due to tourism. The safeguarding of the cultural practices and traditions of the S\u00e1mi not involved in tourism have failed. Instead, the everyday lives and festivities of local communities have ended up as tourist attractions against the wishes of the local people.[\/vc_column_text][\/vc_column_inner][\/vc_row_inner][\/vc_column][\/vc_row]<\/p>\n<\/div>","protected":false},"excerpt":{"rendered":"<p>In all the places, where our deeds and footprints reach and affect, we all share responsibility of our future together. Let us make today more responsible and ethically sustainable, together. Tomorrow\u2019s generations also need all this beauty and richness to live and experience.<\/p>\n","protected":false},"author":8,"featured_media":538,"parent":0,"menu_order":0,"comment_status":"closed","ping_status":"open","template":"","meta":{"footnotes":""},"class_list":["post-768","page","type-page","status-publish","has-post-thumbnail","hentry"],"yoast_head":"<!-- This site is optimized with the Yoast SEO plugin v26.6 - https:\/\/yoast.com\/wordpress\/plugins\/seo\/ -->\n<title>Responsible Choices Have Impact on Our Future - Saamelaismatkailu<\/title>\n<meta name=\"robots\" content=\"index, follow, max-snippet:-1, max-image-preview:large, max-video-preview:-1\" \/>\n<link rel=\"canonical\" href=\"https:\/\/matkailu.samediggi.fi\/en\/future\/\" \/>\n<meta property=\"og:locale\" content=\"en_US\" \/>\n<meta property=\"og:type\" content=\"article\" \/>\n<meta property=\"og:title\" content=\"Responsible Choices Have Impact on Our Future - Saamelaismatkailu\" \/>\n<meta property=\"og:description\" content=\"In all the places, where our deeds and footprints reach and affect, we all share responsibility of our future together. Let us make today more responsible and ethically sustainable, together. Tomorrow\u2019s generations also need all this beauty and richness to live and experience.\" \/>\n<meta property=\"og:url\" content=\"https:\/\/matkailu.samediggi.fi\/en\/future\/\" \/>\n<meta property=\"og:site_name\" content=\"Saamelaismatkailu\" \/>\n<meta property=\"article:modified_time\" content=\"2022-04-25T12:32:29+00:00\" \/>\n<meta property=\"og:image\" content=\"https:\/\/matkailu.samediggi.fi\/wp-content\/uploads\/2022\/02\/tulevaisuus_hyva.jpg\" \/>\n\t<meta property=\"og:image:width\" content=\"1448\" \/>\n\t<meta property=\"og:image:height\" content=\"1024\" \/>\n\t<meta property=\"og:image:type\" content=\"image\/jpeg\" \/>\n<meta name=\"twitter:card\" content=\"summary_large_image\" \/>\n<meta name=\"twitter:label1\" content=\"Est. reading time\" \/>\n\t<meta name=\"twitter:data1\" content=\"3 minutes\" \/>\n<script type=\"application\/ld+json\" class=\"yoast-schema-graph\">{\"@context\":\"https:\/\/schema.org\",\"@graph\":[{\"@type\":\"WebPage\",\"@id\":\"https:\/\/matkailu.samediggi.fi\/en\/future\/\",\"url\":\"https:\/\/matkailu.samediggi.fi\/en\/future\/\",\"name\":\"Responsible Choices Have Impact on Our Future - Saamelaismatkailu\",\"isPartOf\":{\"@id\":\"https:\/\/matkailu.samediggi.fi\/en\/#website\"},\"primaryImageOfPage\":{\"@id\":\"https:\/\/matkailu.samediggi.fi\/en\/future\/#primaryimage\"},\"image\":{\"@id\":\"https:\/\/matkailu.samediggi.fi\/en\/future\/#primaryimage\"},\"thumbnailUrl\":\"https:\/\/matkailu.samediggi.fi\/wp-content\/uploads\/2022\/02\/tulevaisuus_hyva.jpg\",\"datePublished\":\"2022-03-07T09:19:39+00:00\",\"dateModified\":\"2022-04-25T12:32:29+00:00\",\"breadcrumb\":{\"@id\":\"https:\/\/matkailu.samediggi.fi\/en\/future\/#breadcrumb\"},\"inLanguage\":\"en-US\",\"potentialAction\":[{\"@type\":\"ReadAction\",\"target\":[\"https:\/\/matkailu.samediggi.fi\/en\/future\/\"]}]},{\"@type\":\"ImageObject\",\"inLanguage\":\"en-US\",\"@id\":\"https:\/\/matkailu.samediggi.fi\/en\/future\/#primaryimage\",\"url\":\"https:\/\/matkailu.samediggi.fi\/wp-content\/uploads\/2022\/02\/tulevaisuus_hyva.jpg\",\"contentUrl\":\"https:\/\/matkailu.samediggi.fi\/wp-content\/uploads\/2022\/02\/tulevaisuus_hyva.jpg\",\"width\":1448,\"height\":1024,\"caption\":\"Illustrations: Sunna Kitti\"},{\"@type\":\"BreadcrumbList\",\"@id\":\"https:\/\/matkailu.samediggi.fi\/en\/future\/#breadcrumb\",\"itemListElement\":[{\"@type\":\"ListItem\",\"position\":1,\"name\":\"Home\",\"item\":\"https:\/\/matkailu.samediggi.fi\/en\/\"},{\"@type\":\"ListItem\",\"position\":2,\"name\":\"Responsible Choices Have Impact on Our Future\"}]},{\"@type\":\"WebSite\",\"@id\":\"https:\/\/matkailu.samediggi.fi\/en\/#website\",\"url\":\"https:\/\/matkailu.samediggi.fi\/en\/\",\"name\":\"Saamelaismatkailu\",\"description\":\"\",\"publisher\":{\"@id\":\"https:\/\/matkailu.samediggi.fi\/en\/#organization\"},\"potentialAction\":[{\"@type\":\"SearchAction\",\"target\":{\"@type\":\"EntryPoint\",\"urlTemplate\":\"https:\/\/matkailu.samediggi.fi\/en\/?s={search_term_string}\"},\"query-input\":{\"@type\":\"PropertyValueSpecification\",\"valueRequired\":true,\"valueName\":\"search_term_string\"}}],\"inLanguage\":\"en-US\"},{\"@type\":\"Organization\",\"@id\":\"https:\/\/matkailu.samediggi.fi\/en\/#organization\",\"name\":\"Saamelaisk\u00e4r\u00e4j\u00e4t\",\"url\":\"https:\/\/matkailu.samediggi.fi\/en\/\",\"logo\":{\"@type\":\"ImageObject\",\"inLanguage\":\"en-US\",\"@id\":\"https:\/\/matkailu.samediggi.fi\/en\/#\/schema\/logo\/image\/\",\"url\":\"https:\/\/matkailu.samediggi.fi\/wp-content\/uploads\/2022\/02\/Samediggilogo_TxtAktiv-1.png\",\"contentUrl\":\"https:\/\/matkailu.samediggi.fi\/wp-content\/uploads\/2022\/02\/Samediggilogo_TxtAktiv-1.png\",\"width\":2490,\"height\":1044,\"caption\":\"Saamelaisk\u00e4r\u00e4j\u00e4t\"},\"image\":{\"@id\":\"https:\/\/matkailu.samediggi.fi\/en\/#\/schema\/logo\/image\/\"}}]}<\/script>\n<!-- \/ Yoast SEO plugin. -->","yoast_head_json":{"title":"Responsible Choices Have Impact on Our Future - Saamelaismatkailu","robots":{"index":"index","follow":"follow","max-snippet":"max-snippet:-1","max-image-preview":"max-image-preview:large","max-video-preview":"max-video-preview:-1"},"canonical":"https:\/\/matkailu.samediggi.fi\/en\/future\/","og_locale":"en_US","og_type":"article","og_title":"Responsible Choices Have Impact on Our Future - Saamelaismatkailu","og_description":"In all the places, where our deeds and footprints reach and affect, we all share responsibility of our future together. Let us make today more responsible and ethically sustainable, together. Tomorrow\u2019s generations also need all this beauty and richness to live and experience.","og_url":"https:\/\/matkailu.samediggi.fi\/en\/future\/","og_site_name":"Saamelaismatkailu","article_modified_time":"2022-04-25T12:32:29+00:00","og_image":[{"width":1448,"height":1024,"url":"https:\/\/matkailu.samediggi.fi\/wp-content\/uploads\/2022\/02\/tulevaisuus_hyva.jpg","type":"image\/jpeg"}],"twitter_card":"summary_large_image","twitter_misc":{"Est. reading time":"3 minutes"},"schema":{"@context":"https:\/\/schema.org","@graph":[{"@type":"WebPage","@id":"https:\/\/matkailu.samediggi.fi\/en\/future\/","url":"https:\/\/matkailu.samediggi.fi\/en\/future\/","name":"Responsible Choices Have Impact on Our Future - Saamelaismatkailu","isPartOf":{"@id":"https:\/\/matkailu.samediggi.fi\/en\/#website"},"primaryImageOfPage":{"@id":"https:\/\/matkailu.samediggi.fi\/en\/future\/#primaryimage"},"image":{"@id":"https:\/\/matkailu.samediggi.fi\/en\/future\/#primaryimage"},"thumbnailUrl":"https:\/\/matkailu.samediggi.fi\/wp-content\/uploads\/2022\/02\/tulevaisuus_hyva.jpg","datePublished":"2022-03-07T09:19:39+00:00","dateModified":"2022-04-25T12:32:29+00:00","breadcrumb":{"@id":"https:\/\/matkailu.samediggi.fi\/en\/future\/#breadcrumb"},"inLanguage":"en-US","potentialAction":[{"@type":"ReadAction","target":["https:\/\/matkailu.samediggi.fi\/en\/future\/"]}]},{"@type":"ImageObject","inLanguage":"en-US","@id":"https:\/\/matkailu.samediggi.fi\/en\/future\/#primaryimage","url":"https:\/\/matkailu.samediggi.fi\/wp-content\/uploads\/2022\/02\/tulevaisuus_hyva.jpg","contentUrl":"https:\/\/matkailu.samediggi.fi\/wp-content\/uploads\/2022\/02\/tulevaisuus_hyva.jpg","width":1448,"height":1024,"caption":"Illustrations: Sunna Kitti"},{"@type":"BreadcrumbList","@id":"https:\/\/matkailu.samediggi.fi\/en\/future\/#breadcrumb","itemListElement":[{"@type":"ListItem","position":1,"name":"Home","item":"https:\/\/matkailu.samediggi.fi\/en\/"},{"@type":"ListItem","position":2,"name":"Responsible Choices Have Impact on Our Future"}]},{"@type":"WebSite","@id":"https:\/\/matkailu.samediggi.fi\/en\/#website","url":"https:\/\/matkailu.samediggi.fi\/en\/","name":"Saamelaismatkailu","description":"","publisher":{"@id":"https:\/\/matkailu.samediggi.fi\/en\/#organization"},"potentialAction":[{"@type":"SearchAction","target":{"@type":"EntryPoint","urlTemplate":"https:\/\/matkailu.samediggi.fi\/en\/?s={search_term_string}"},"query-input":{"@type":"PropertyValueSpecification","valueRequired":true,"valueName":"search_term_string"}}],"inLanguage":"en-US"},{"@type":"Organization","@id":"https:\/\/matkailu.samediggi.fi\/en\/#organization","name":"Saamelaisk\u00e4r\u00e4j\u00e4t","url":"https:\/\/matkailu.samediggi.fi\/en\/","logo":{"@type":"ImageObject","inLanguage":"en-US","@id":"https:\/\/matkailu.samediggi.fi\/en\/#\/schema\/logo\/image\/","url":"https:\/\/matkailu.samediggi.fi\/wp-content\/uploads\/2022\/02\/Samediggilogo_TxtAktiv-1.png","contentUrl":"https:\/\/matkailu.samediggi.fi\/wp-content\/uploads\/2022\/02\/Samediggilogo_TxtAktiv-1.png","width":2490,"height":1044,"caption":"Saamelaisk\u00e4r\u00e4j\u00e4t"},"image":{"@id":"https:\/\/matkailu.samediggi.fi\/en\/#\/schema\/logo\/image\/"}}]}},"_links":{"self":[{"href":"https:\/\/matkailu.samediggi.fi\/en\/wp-json\/wp\/v2\/pages\/768","targetHints":{"allow":["GET"]}}],"collection":[{"href":"https:\/\/matkailu.samediggi.fi\/en\/wp-json\/wp\/v2\/pages"}],"about":[{"href":"https:\/\/matkailu.samediggi.fi\/en\/wp-json\/wp\/v2\/types\/page"}],"author":[{"embeddable":true,"href":"https:\/\/matkailu.samediggi.fi\/en\/wp-json\/wp\/v2\/users\/8"}],"replies":[{"embeddable":true,"href":"https:\/\/matkailu.samediggi.fi\/en\/wp-json\/wp\/v2\/comments?post=768"}],"version-history":[{"count":18,"href":"https:\/\/matkailu.samediggi.fi\/en\/wp-json\/wp\/v2\/pages\/768\/revisions"}],"predecessor-version":[{"id":3308,"href":"https:\/\/matkailu.samediggi.fi\/en\/wp-json\/wp\/v2\/pages\/768\/revisions\/3308"}],"wp:featuredmedia":[{"embeddable":true,"href":"https:\/\/matkailu.samediggi.fi\/en\/wp-json\/wp\/v2\/media\/538"}],"wp:attachment":[{"href":"https:\/\/matkailu.samediggi.fi\/en\/wp-json\/wp\/v2\/media?parent=768"}],"curies":[{"name":"wp","href":"https:\/\/api.w.org\/{rel}","templated":true}]}}