{"id":4760,"date":"2025-11-13T16:35:01","date_gmt":"2025-11-13T14:35:01","guid":{"rendered":"https:\/\/matkailu.samediggi.fi\/?page_id=4760"},"modified":"2025-12-10T15:57:40","modified_gmt":"2025-12-10T13:57:40","slug":"kirjaudu-palveluun","status":"publish","type":"page","link":"https:\/\/matkailu.samediggi.fi\/en\/sertifiointiohjelma\/kirjaudu-palveluun\/","title":{"rendered":"Kirjaudu palveluun"},"content":{"rendered":"<div class=\"wpb-content-wrapper\"><p>[vc_row][vc_column width=&#8221;1\/1&#8243;][vc_empty_space empty_h=&#8221;2&#8243;][\/vc_column][\/vc_row][vc_row unlock_row_content=&#8221;yes&#8221; row_height_percent=&#8221;0&#8243; override_padding=&#8221;yes&#8221; h_padding=&#8221;0&#8243; top_padding=&#8221;0&#8243; bottom_padding=&#8221;2&#8243; back_color=&#8221;color-420331&#8243; overlay_alpha=&#8221;50&#8243; gutter_size=&#8221;3&#8243; column_width_percent=&#8221;100&#8243; shift_y=&#8221;0&#8243; z_index=&#8221;0&#8243; content_parallax=&#8221;0&#8243; uncode_shortcode_id=&#8221;114990&#8243; back_color_type=&#8221;uncode-palette&#8221;][vc_column width=&#8221;1\/1&#8243;][vc_row_inner row_inner_height_percent=&#8221;0&#8243; back_color=&#8221;color-xsdn&#8221; overlay_alpha=&#8221;50&#8243; gutter_size=&#8221;3&#8243; shift_y=&#8221;0&#8243; z_index=&#8221;0&#8243; uncode_shortcode_id=&#8221;787135&#8243; back_color_type=&#8221;uncode-palette&#8221;][vc_column_inner column_width_percent=&#8221;100&#8243; gutter_size=&#8221;3&#8243; override_padding=&#8221;yes&#8221; column_padding=&#8221;2&#8243; overlay_alpha=&#8221;50&#8243; shift_x=&#8221;0&#8243; shift_y=&#8221;0&#8243; shift_y_down=&#8221;0&#8243; z_index=&#8221;0&#8243; medium_width=&#8221;0&#8243; mobile_width=&#8221;0&#8243; width=&#8221;1\/2&#8243; uncode_shortcode_id=&#8221;162997&#8243;][vc_button size=&#8221;link&#8221; link=&#8221;url:https%3A%2F%2Fmatkailu.samediggi.fi%2Fsertifiointiohjelma|title:Kriteerist%C3%B6t&#8221; icon=&#8221;fa fa-long-arrow-left&#8221; uncode_shortcode_id=&#8221;915285&#8243;]Takaisin p\u00e4\u00e4sivulle[\/vc_button][\/vc_column_inner][vc_column_inner column_width_percent=&#8221;100&#8243; align_horizontal=&#8221;align_right&#8221; gutter_size=&#8221;3&#8243; override_padding=&#8221;yes&#8221; column_padding=&#8221;2&#8243; overlay_alpha=&#8221;50&#8243; shift_x=&#8221;0&#8243; shift_y=&#8221;0&#8243; shift_y_down=&#8221;0&#8243; z_index=&#8221;0&#8243; medium_width=&#8221;0&#8243; mobile_width=&#8221;0&#8243; width=&#8221;1\/2&#8243; uncode_shortcode_id=&#8221;411744&#8243;][vc_wp_custommenu nav_menu=&#8221;188&#8243; nav_menu_horizontal=&#8221;1&#8243;][\/vc_column_inner][\/vc_row_inner][\/vc_column][\/vc_row][vc_row row_height_percent=&#8221;0&#8243; back_color=&#8221;color-xsdn&#8221; overlay_alpha=&#8221;50&#8243; gutter_size=&#8221;3&#8243; column_width_percent=&#8221;100&#8243; shift_y=&#8221;0&#8243; z_index=&#8221;0&#8243; content_parallax=&#8221;0&#8243; uncode_shortcode_id=&#8221;136304&#8243; back_color_type=&#8221;uncode-palette&#8221;][vc_column width=&#8221;1\/1&#8243;][vc_row_inner row_inner_height_percent=&#8221;0&#8243; overlay_alpha=&#8221;50&#8243; gutter_size=&#8221;3&#8243; shift_y=&#8221;0&#8243; z_index=&#8221;0&#8243; uncode_shortcode_id=&#8221;651686&#8243;][vc_column_inner width=&#8221;1\/1&#8243;][vc_custom_heading uncode_shortcode_id=&#8221;213329&#8243;]Kirjaudu saamelaismatkailun sertifiointipalveluun[\/vc_custom_heading][vc_empty_space empty_h=&#8221;2&#8243;][vc_raw_html]JTVCbGVhcm5fcHJlc3NfbG9naW5fZm9ybSU1RA==[\/vc_raw_html][\/vc_column_inner][\/vc_row_inner][vc_row_inner row_inner_height_percent=&#8221;0&#8243; overlay_alpha=&#8221;50&#8243; gutter_size=&#8221;3&#8243; shift_y=&#8221;0&#8243; z_index=&#8221;0&#8243; hcbrwpb_visible_for_roles=&#8221;pending_approval&#8221; uncode_shortcode_id=&#8221;114761&#8243;][vc_column_inner width=&#8221;1\/1&#8243;][vc_custom_heading uncode_shortcode_id=&#8221;490597&#8243;]Valmista![\/vc_custom_heading][vc_column_text uncode_shortcode_id=&#8221;132632&#8243;]<\/p>\n<h2>Tili odottaa tarkistusta<\/h2>\n<p>Rekister\u00f6ity tilisi sertifioinnin suorittamista varten on tarkastuksessa. Kun yrityksesi tiedot on tarkistettu, aktivoimme tilisi ja saat siit\u00e4 ilmoituksen ilmoittamaasi s\u00e4hk\u00f6postiosoitteeseen.[\/vc_column_text][\/vc_column_inner][\/vc_row_inner][vc_row_inner row_inner_height_percent=&#8221;0&#8243; overlay_alpha=&#8221;50&#8243; gutter_size=&#8221;3&#8243; shift_y=&#8221;0&#8243; z_index=&#8221;0&#8243; hcbrwpb_visible_for_roles=&#8221;subscriber&#8221; uncode_shortcode_id=&#8221;604545&#8243;][vc_column_inner width=&#8221;1\/1&#8243;][vc_custom_heading uncode_shortcode_id=&#8221;832288&#8243;]Tervetuloa Saamelaismatkailun sertifiointipalveluun[\/vc_custom_heading][vc_column_text uncode_shortcode_id=&#8221;361072&#8243;]Voit jatkaa yl\u00e4puolella olevasta valikosta ohjeisiin tai suorittamaan sertifiointia.[\/vc_column_text][\/vc_column_inner][\/vc_row_inner][\/vc_column][\/vc_row][vc_row][vc_column width=&#8221;1\/1&#8243;][uncode_block id=&#8221;4192&#8243;][\/vc_column][\/vc_row]<\/p>\n<\/div>","protected":false},"excerpt":{"rendered":"<p>Saamelaisk\u00e4r\u00e4jien seitsem\u00e4s saamelaismatkailuhanke, Vasan matka eli Vastuullisen saamelaismatkailun sertifikaatti: toimintamallin ja digitaalisen hakusivuston kehitt\u00e4minen, on Euroopan unionin rahoittama \u2013 NextGenerationEU.<\/p>\n","protected":false},"author":8,"featured_media":194,"parent":1655,"menu_order":0,"comment_status":"closed","ping_status":"closed","template":"","meta":{"footnotes":""},"class_list":["post-4760","page","type-page","status-publish","has-post-thumbnail","hentry","page_category-dev"],"yoast_head":"<!-- This site is optimized with the Yoast SEO plugin v26.6 - https:\/\/yoast.com\/wordpress\/plugins\/seo\/ -->\n<title>Kirjaudu tai rekister\u00f6idy sertifiointiohjelmaan - Saamelaismatkailu<\/title>\n<meta name=\"description\" content=\"Vastuullisen ja eettisesti kest\u00e4v\u00e4n saamelaismatkailun sertifiointiohjelma\" \/>\n<meta name=\"robots\" content=\"noindex, nofollow\" \/>\n<meta property=\"og:locale\" content=\"en_US\" \/>\n<meta property=\"og:type\" content=\"article\" \/>\n<meta property=\"og:title\" content=\"Kirjaudu tai rekister\u00f6idy sertifiointiohjelmaan - Saamelaismatkailu\" \/>\n<meta property=\"og:description\" content=\"Vastuullisen ja eettisesti kest\u00e4v\u00e4n saamelaismatkailun sertifiointiohjelma\" \/>\n<meta property=\"og:url\" content=\"https:\/\/matkailu.samediggi.fi\/en\/sertifiointiohjelma\/kirjaudu-palveluun\/\" \/>\n<meta property=\"og:site_name\" content=\"Saamelaismatkailu\" \/>\n<meta property=\"article:modified_time\" content=\"2025-12-10T13:57:40+00:00\" \/>\n<meta property=\"og:image\" content=\"https:\/\/matkailu.samediggi.fi\/wp-content\/uploads\/2022\/02\/tulevaisuus_hyva.jpg\" \/>\n\t<meta property=\"og:image:width\" content=\"1448\" \/>\n\t<meta property=\"og:image:height\" content=\"1024\" \/>\n\t<meta property=\"og:image:type\" content=\"image\/jpeg\" \/>\n<meta name=\"twitter:card\" content=\"summary_large_image\" \/>\n<meta name=\"twitter:label1\" content=\"Est. reading time\" \/>\n\t<meta name=\"twitter:data1\" content=\"2 minutes\" \/>\n<script type=\"application\/ld+json\" class=\"yoast-schema-graph\">{\"@context\":\"https:\/\/schema.org\",\"@graph\":[{\"@type\":\"WebPage\",\"@id\":\"https:\/\/matkailu.samediggi.fi\/en\/sertifiointiohjelma\/kirjaudu-palveluun\/\",\"url\":\"https:\/\/matkailu.samediggi.fi\/en\/sertifiointiohjelma\/kirjaudu-palveluun\/\",\"name\":\"Kirjaudu tai rekister\u00f6idy sertifiointiohjelmaan - Saamelaismatkailu\",\"isPartOf\":{\"@id\":\"https:\/\/matkailu.samediggi.fi\/en\/#website\"},\"primaryImageOfPage\":{\"@id\":\"https:\/\/matkailu.samediggi.fi\/en\/sertifiointiohjelma\/kirjaudu-palveluun\/#primaryimage\"},\"image\":{\"@id\":\"https:\/\/matkailu.samediggi.fi\/en\/sertifiointiohjelma\/kirjaudu-palveluun\/#primaryimage\"},\"thumbnailUrl\":\"https:\/\/matkailu.samediggi.fi\/wp-content\/uploads\/2022\/02\/tulevaisuus_hyva.jpg\",\"datePublished\":\"2025-11-13T14:35:01+00:00\",\"dateModified\":\"2025-12-10T13:57:40+00:00\",\"description\":\"Vastuullisen ja eettisesti kest\u00e4v\u00e4n saamelaismatkailun sertifiointiohjelma\",\"breadcrumb\":{\"@id\":\"https:\/\/matkailu.samediggi.fi\/en\/sertifiointiohjelma\/kirjaudu-palveluun\/#breadcrumb\"},\"inLanguage\":\"en-US\",\"potentialAction\":[{\"@type\":\"ReadAction\",\"target\":[\"https:\/\/matkailu.samediggi.fi\/en\/sertifiointiohjelma\/kirjaudu-palveluun\/\"]}]},{\"@type\":\"ImageObject\",\"inLanguage\":\"en-US\",\"@id\":\"https:\/\/matkailu.samediggi.fi\/en\/sertifiointiohjelma\/kirjaudu-palveluun\/#primaryimage\",\"url\":\"https:\/\/matkailu.samediggi.fi\/wp-content\/uploads\/2022\/02\/tulevaisuus_hyva.jpg\",\"contentUrl\":\"https:\/\/matkailu.samediggi.fi\/wp-content\/uploads\/2022\/02\/tulevaisuus_hyva.jpg\",\"width\":1448,\"height\":1024,\"caption\":\"Illustrations: Sunna Kitti\"},{\"@type\":\"BreadcrumbList\",\"@id\":\"https:\/\/matkailu.samediggi.fi\/en\/sertifiointiohjelma\/kirjaudu-palveluun\/#breadcrumb\",\"itemListElement\":[{\"@type\":\"ListItem\",\"position\":1,\"name\":\"Home\",\"item\":\"https:\/\/matkailu.samediggi.fi\/en\/\"},{\"@type\":\"ListItem\",\"position\":2,\"name\":\"Vastuullisen ja eettisesti kest\u00e4v\u00e4n saamelais&shy;matkailun sertifikaatti\",\"item\":\"https:\/\/matkailu.samediggi.fi\/en\/sertifiointiohjelma\/\"},{\"@type\":\"ListItem\",\"position\":3,\"name\":\"Kirjaudu palveluun\"}]},{\"@type\":\"WebSite\",\"@id\":\"https:\/\/matkailu.samediggi.fi\/en\/#website\",\"url\":\"https:\/\/matkailu.samediggi.fi\/en\/\",\"name\":\"Saamelaismatkailu\",\"description\":\"\",\"publisher\":{\"@id\":\"https:\/\/matkailu.samediggi.fi\/en\/#organization\"},\"potentialAction\":[{\"@type\":\"SearchAction\",\"target\":{\"@type\":\"EntryPoint\",\"urlTemplate\":\"https:\/\/matkailu.samediggi.fi\/en\/?s={search_term_string}\"},\"query-input\":{\"@type\":\"PropertyValueSpecification\",\"valueRequired\":true,\"valueName\":\"search_term_string\"}}],\"inLanguage\":\"en-US\"},{\"@type\":\"Organization\",\"@id\":\"https:\/\/matkailu.samediggi.fi\/en\/#organization\",\"name\":\"Saamelaisk\u00e4r\u00e4j\u00e4t\",\"url\":\"https:\/\/matkailu.samediggi.fi\/en\/\",\"logo\":{\"@type\":\"ImageObject\",\"inLanguage\":\"en-US\",\"@id\":\"https:\/\/matkailu.samediggi.fi\/en\/#\/schema\/logo\/image\/\",\"url\":\"https:\/\/matkailu.samediggi.fi\/wp-content\/uploads\/2022\/02\/Samediggilogo_TxtAktiv-1.png\",\"contentUrl\":\"https:\/\/matkailu.samediggi.fi\/wp-content\/uploads\/2022\/02\/Samediggilogo_TxtAktiv-1.png\",\"width\":2490,\"height\":1044,\"caption\":\"Saamelaisk\u00e4r\u00e4j\u00e4t\"},\"image\":{\"@id\":\"https:\/\/matkailu.samediggi.fi\/en\/#\/schema\/logo\/image\/\"}}]}<\/script>\n<!-- \/ Yoast SEO plugin. -->","yoast_head_json":{"title":"Kirjaudu tai rekister\u00f6idy sertifiointiohjelmaan - Saamelaismatkailu","description":"Vastuullisen ja eettisesti kest\u00e4v\u00e4n saamelaismatkailun sertifiointiohjelma","robots":{"index":"noindex","follow":"nofollow"},"og_locale":"en_US","og_type":"article","og_title":"Kirjaudu tai rekister\u00f6idy sertifiointiohjelmaan - Saamelaismatkailu","og_description":"Vastuullisen ja eettisesti kest\u00e4v\u00e4n saamelaismatkailun sertifiointiohjelma","og_url":"https:\/\/matkailu.samediggi.fi\/en\/sertifiointiohjelma\/kirjaudu-palveluun\/","og_site_name":"Saamelaismatkailu","article_modified_time":"2025-12-10T13:57:40+00:00","og_image":[{"width":1448,"height":1024,"url":"https:\/\/matkailu.samediggi.fi\/wp-content\/uploads\/2022\/02\/tulevaisuus_hyva.jpg","type":"image\/jpeg"}],"twitter_card":"summary_large_image","twitter_misc":{"Est. reading time":"2 minutes"},"schema":{"@context":"https:\/\/schema.org","@graph":[{"@type":"WebPage","@id":"https:\/\/matkailu.samediggi.fi\/en\/sertifiointiohjelma\/kirjaudu-palveluun\/","url":"https:\/\/matkailu.samediggi.fi\/en\/sertifiointiohjelma\/kirjaudu-palveluun\/","name":"Kirjaudu tai rekister\u00f6idy sertifiointiohjelmaan - Saamelaismatkailu","isPartOf":{"@id":"https:\/\/matkailu.samediggi.fi\/en\/#website"},"primaryImageOfPage":{"@id":"https:\/\/matkailu.samediggi.fi\/en\/sertifiointiohjelma\/kirjaudu-palveluun\/#primaryimage"},"image":{"@id":"https:\/\/matkailu.samediggi.fi\/en\/sertifiointiohjelma\/kirjaudu-palveluun\/#primaryimage"},"thumbnailUrl":"https:\/\/matkailu.samediggi.fi\/wp-content\/uploads\/2022\/02\/tulevaisuus_hyva.jpg","datePublished":"2025-11-13T14:35:01+00:00","dateModified":"2025-12-10T13:57:40+00:00","description":"Vastuullisen ja eettisesti kest\u00e4v\u00e4n saamelaismatkailun sertifiointiohjelma","breadcrumb":{"@id":"https:\/\/matkailu.samediggi.fi\/en\/sertifiointiohjelma\/kirjaudu-palveluun\/#breadcrumb"},"inLanguage":"en-US","potentialAction":[{"@type":"ReadAction","target":["https:\/\/matkailu.samediggi.fi\/en\/sertifiointiohjelma\/kirjaudu-palveluun\/"]}]},{"@type":"ImageObject","inLanguage":"en-US","@id":"https:\/\/matkailu.samediggi.fi\/en\/sertifiointiohjelma\/kirjaudu-palveluun\/#primaryimage","url":"https:\/\/matkailu.samediggi.fi\/wp-content\/uploads\/2022\/02\/tulevaisuus_hyva.jpg","contentUrl":"https:\/\/matkailu.samediggi.fi\/wp-content\/uploads\/2022\/02\/tulevaisuus_hyva.jpg","width":1448,"height":1024,"caption":"Illustrations: Sunna Kitti"},{"@type":"BreadcrumbList","@id":"https:\/\/matkailu.samediggi.fi\/en\/sertifiointiohjelma\/kirjaudu-palveluun\/#breadcrumb","itemListElement":[{"@type":"ListItem","position":1,"name":"Home","item":"https:\/\/matkailu.samediggi.fi\/en\/"},{"@type":"ListItem","position":2,"name":"Vastuullisen ja eettisesti kest\u00e4v\u00e4n saamelais&shy;matkailun sertifikaatti","item":"https:\/\/matkailu.samediggi.fi\/en\/sertifiointiohjelma\/"},{"@type":"ListItem","position":3,"name":"Kirjaudu palveluun"}]},{"@type":"WebSite","@id":"https:\/\/matkailu.samediggi.fi\/en\/#website","url":"https:\/\/matkailu.samediggi.fi\/en\/","name":"Saamelaismatkailu","description":"","publisher":{"@id":"https:\/\/matkailu.samediggi.fi\/en\/#organization"},"potentialAction":[{"@type":"SearchAction","target":{"@type":"EntryPoint","urlTemplate":"https:\/\/matkailu.samediggi.fi\/en\/?s={search_term_string}"},"query-input":{"@type":"PropertyValueSpecification","valueRequired":true,"valueName":"search_term_string"}}],"inLanguage":"en-US"},{"@type":"Organization","@id":"https:\/\/matkailu.samediggi.fi\/en\/#organization","name":"Saamelaisk\u00e4r\u00e4j\u00e4t","url":"https:\/\/matkailu.samediggi.fi\/en\/","logo":{"@type":"ImageObject","inLanguage":"en-US","@id":"https:\/\/matkailu.samediggi.fi\/en\/#\/schema\/logo\/image\/","url":"https:\/\/matkailu.samediggi.fi\/wp-content\/uploads\/2022\/02\/Samediggilogo_TxtAktiv-1.png","contentUrl":"https:\/\/matkailu.samediggi.fi\/wp-content\/uploads\/2022\/02\/Samediggilogo_TxtAktiv-1.png","width":2490,"height":1044,"caption":"Saamelaisk\u00e4r\u00e4j\u00e4t"},"image":{"@id":"https:\/\/matkailu.samediggi.fi\/en\/#\/schema\/logo\/image\/"}}]}},"_links":{"self":[{"href":"https:\/\/matkailu.samediggi.fi\/en\/wp-json\/wp\/v2\/pages\/4760","targetHints":{"allow":["GET"]}}],"collection":[{"href":"https:\/\/matkailu.samediggi.fi\/en\/wp-json\/wp\/v2\/pages"}],"about":[{"href":"https:\/\/matkailu.samediggi.fi\/en\/wp-json\/wp\/v2\/types\/page"}],"author":[{"embeddable":true,"href":"https:\/\/matkailu.samediggi.fi\/en\/wp-json\/wp\/v2\/users\/8"}],"replies":[{"embeddable":true,"href":"https:\/\/matkailu.samediggi.fi\/en\/wp-json\/wp\/v2\/comments?post=4760"}],"version-history":[{"count":2,"href":"https:\/\/matkailu.samediggi.fi\/en\/wp-json\/wp\/v2\/pages\/4760\/revisions"}],"predecessor-version":[{"id":6409,"href":"https:\/\/matkailu.samediggi.fi\/en\/wp-json\/wp\/v2\/pages\/4760\/revisions\/6409"}],"up":[{"embeddable":true,"href":"https:\/\/matkailu.samediggi.fi\/en\/wp-json\/wp\/v2\/pages\/1655"}],"wp:featuredmedia":[{"embeddable":true,"href":"https:\/\/matkailu.samediggi.fi\/en\/wp-json\/wp\/v2\/media\/194"}],"wp:attachment":[{"href":"https:\/\/matkailu.samediggi.fi\/en\/wp-json\/wp\/v2\/media?parent=4760"}],"curies":[{"name":"wp","href":"https:\/\/api.w.org\/{rel}","templated":true}]}}