{"id":1825,"date":"2025-01-29T13:49:11","date_gmt":"2025-01-29T11:49:11","guid":{"rendered":"https:\/\/matkailu.samediggi.fi\/?page_id=1825"},"modified":"2025-06-09T15:21:03","modified_gmt":"2025-06-09T12:21:03","slug":"saavutettavuusseloste","status":"publish","type":"page","link":"https:\/\/matkailu.samediggi.fi\/en\/saavutettavuusseloste\/","title":{"rendered":"Saavutettavuus&shy;seloste"},"content":{"rendered":"<div class=\"wpb-content-wrapper\"><p>[vc_row row_height_percent=&#8221;0&#8243; override_padding=&#8221;yes&#8221; h_padding=&#8221;2&#8243; top_padding=&#8221;2&#8243; bottom_padding=&#8221;4&#8243; back_color=&#8221;color-xsdn&#8221; overlay_alpha=&#8221;50&#8243; gutter_size=&#8221;3&#8243; column_width_percent=&#8221;100&#8243; shift_y=&#8221;0&#8243; z_index=&#8221;0&#8243; uncode_shortcode_id=&#8221;125961&#8243; back_color_type=&#8221;uncode-palette&#8221;][vc_column][vc_column_text uncode_shortcode_id=&#8221;145145&#8243;]<\/p>\n<h2>Palvelun saavutettavuus<\/h2>\n<p>Verkkosivusto t\u00e4ytt\u00e4\u00e4 suurelta osin lain vaatimat A- ja AA-tason saavutettavuuskriteerit (WCAG 2.1), eik\u00e4 sivustolla ole kriittisi\u00e4 saavutettavuuspuutteita. Verkkopalvelussa olevat keskeiset puutteet on kuvattu j\u00e4ljemp\u00e4n\u00e4 t\u00e4ss\u00e4 selosteessa. Saavutettavuus on testattu verkkopalvelun toimittajan toimesta saavutettavuusty\u00f6kalujen avulla. Saavutettavuus huomioidaan my\u00f6s kaikkien uusien ominaisuuksien kehitysty\u00f6ss\u00e4.<\/p>\n<p>Jos tarvitsemasi aineisto ei ole saavutettava, ota meihin\u00a0<a href=\"https:\/\/samediggi.fi\/yhteystiedot\/\" target=\"_blank\" rel=\"noopener\">yhteytt\u00e4 s\u00e4hk\u00f6postitse<\/a>. Toimitamme tarvitsemasi aineiston saavutettavassa muodossa.<br \/>\nSis\u00e4ll\u00f6t tai toiminnot, jotka eiv\u00e4t ole viel\u00e4 saavutettavia<\/p>\n<p><strong>Kuvien ja kaaviot.<\/strong>\u00a0Sis\u00e4lt\u00f6sivuilla on joitain kuvia, joille ei ole m\u00e4\u00e4ritetty kuvaavia tekstivastineita. Sivustolla on my\u00f6s joitain teksti\u00e4 sis\u00e4lt\u00e4vi\u00e4 kuvia. (WCAG 1.1.1, WCAG 1.4.5)<\/p>\n<p><strong>Linkit:<\/strong>\u00a0Linkkien nime\u00e4misess\u00e4 on puutteita. Sivuston sivuilla on voitu k\u00e4ytt\u00e4\u00e4 samaa linkkiteksti\u00e4 linkeiss\u00e4, jotka ohjaavat k\u00e4ytt\u00e4j\u00e4n eri kohteisiin. Kaikki linkkitekstit eiv\u00e4t toimi irrallaan asiayhteydest\u00e4 kuten \u201dtutustu t\u00e4st\u00e4\u201d tai \u201dkatso kaikki\u201d. Sivustolla on kuvalinkkej\u00e4, joilta puuttuu linkin tarkoituksen osoittava tekstivastine. (WCAG 2.4.4)<\/p>\n<p><strong>Haku:<\/strong>\u00a0Sivuston yleinen haku ei toimi ruudunlukijalla ja palvelun hakutoiminnot sis\u00e4lt\u00e4v\u00e4t puutteellisia ohjetekstej\u00e4. T\u00e4m\u00e4 pyrit\u00e4\u00e4n korjaamaan tulevissa p\u00e4ivityksiss\u00e4 (WCAG 3.3.2)<\/p>\n<p><strong>Upotetut videot:<\/strong>\u00a0Upotetun YouTube-soittimen painikkeita ei lueta kaikilla ruudunlukijoilla oikein. Lain vaatimukset eiv\u00e4t koske t\u00e4llaista kolmannen osapuolen sis\u00e4lt\u00f6\u00e4. (WCAG 1.1.1)[\/vc_column_text][\/vc_column][\/vc_row]<\/p>\n<\/div>","protected":false},"excerpt":{"rendered":"<p>T\u00e4m\u00e4 seloste koskee\u00a0matkailu.samediggi.fi\u00a0-verkkosivustoa. Verkkosivustoa koskee laki digitaalisten palvelujen tarjoamisesta. Lain mukaan julkisten verkkopalvelujen on oltava saavutettavia eli kaikilla tulee olla tasavertaiset mahdollisuudet k\u00e4ytt\u00e4\u00e4 verkkopalveluja.\u00a0Selosteessa kerrotaan, mit\u00e4 puutteita sivuston saavutettavuudessa on ja miten voit antaa palautetta sivuston saavutettavuudesta. Seloste on laadittu 31.1.2024.<\/p>\n","protected":false},"author":8,"featured_media":199,"parent":0,"menu_order":0,"comment_status":"closed","ping_status":"open","template":"","meta":{"footnotes":""},"class_list":["post-1825","page","type-page","status-publish","has-post-thumbnail","hentry"],"yoast_head":"<!-- This site is optimized with the Yoast SEO plugin v26.6 - https:\/\/yoast.com\/wordpress\/plugins\/seo\/ -->\n<title>Saavutettavuus&shy;seloste - Saamelaismatkailu<\/title>\n<meta name=\"robots\" content=\"index, follow, max-snippet:-1, max-image-preview:large, max-video-preview:-1\" \/>\n<link rel=\"canonical\" href=\"https:\/\/matkailu.samediggi.fi\/en\/saavutettavuusseloste\/\" \/>\n<meta property=\"og:locale\" content=\"en_US\" \/>\n<meta property=\"og:type\" content=\"article\" \/>\n<meta property=\"og:title\" content=\"Saavutettavuus&shy;seloste - Saamelaismatkailu\" \/>\n<meta property=\"og:description\" content=\"T\u00e4m\u00e4 seloste koskee\u00a0matkailu.samediggi.fi\u00a0-verkkosivustoa. Verkkosivustoa koskee laki digitaalisten palvelujen tarjoamisesta. Lain mukaan julkisten verkkopalvelujen on oltava saavutettavia eli kaikilla tulee olla tasavertaiset mahdollisuudet k\u00e4ytt\u00e4\u00e4 verkkopalveluja.\u00a0Selosteessa kerrotaan, mit\u00e4 puutteita sivuston saavutettavuudessa on ja miten voit antaa palautetta sivuston saavutettavuudesta. Seloste on laadittu 31.1.2024.\" \/>\n<meta property=\"og:url\" content=\"https:\/\/matkailu.samediggi.fi\/en\/saavutettavuusseloste\/\" \/>\n<meta property=\"og:site_name\" content=\"Saamelaismatkailu\" \/>\n<meta property=\"article:modified_time\" content=\"2025-06-09T12:21:03+00:00\" \/>\n<meta property=\"og:image\" content=\"https:\/\/matkailu.samediggi.fi\/wp-content\/uploads\/2022\/02\/kartta_kulttuuri-1.jpg\" \/>\n\t<meta property=\"og:image:width\" content=\"728\" \/>\n\t<meta property=\"og:image:height\" content=\"727\" \/>\n\t<meta property=\"og:image:type\" content=\"image\/jpeg\" \/>\n<meta name=\"twitter:card\" content=\"summary_large_image\" \/>\n<meta name=\"twitter:label1\" content=\"Est. reading time\" \/>\n\t<meta name=\"twitter:data1\" content=\"2 minutes\" \/>\n<script type=\"application\/ld+json\" class=\"yoast-schema-graph\">{\"@context\":\"https:\/\/schema.org\",\"@graph\":[{\"@type\":\"WebPage\",\"@id\":\"https:\/\/matkailu.samediggi.fi\/en\/saavutettavuusseloste\/\",\"url\":\"https:\/\/matkailu.samediggi.fi\/en\/saavutettavuusseloste\/\",\"name\":\"Saavutettavuus&shy;seloste - Saamelaismatkailu\",\"isPartOf\":{\"@id\":\"https:\/\/matkailu.samediggi.fi\/en\/#website\"},\"primaryImageOfPage\":{\"@id\":\"https:\/\/matkailu.samediggi.fi\/en\/saavutettavuusseloste\/#primaryimage\"},\"image\":{\"@id\":\"https:\/\/matkailu.samediggi.fi\/en\/saavutettavuusseloste\/#primaryimage\"},\"thumbnailUrl\":\"https:\/\/matkailu.samediggi.fi\/wp-content\/uploads\/2022\/02\/kartta_kulttuuri-1.jpg\",\"datePublished\":\"2025-01-29T11:49:11+00:00\",\"dateModified\":\"2025-06-09T12:21:03+00:00\",\"breadcrumb\":{\"@id\":\"https:\/\/matkailu.samediggi.fi\/en\/saavutettavuusseloste\/#breadcrumb\"},\"inLanguage\":\"en-US\",\"potentialAction\":[{\"@type\":\"ReadAction\",\"target\":[\"https:\/\/matkailu.samediggi.fi\/en\/saavutettavuusseloste\/\"]}]},{\"@type\":\"ImageObject\",\"inLanguage\":\"en-US\",\"@id\":\"https:\/\/matkailu.samediggi.fi\/en\/saavutettavuusseloste\/#primaryimage\",\"url\":\"https:\/\/matkailu.samediggi.fi\/wp-content\/uploads\/2022\/02\/kartta_kulttuuri-1.jpg\",\"contentUrl\":\"https:\/\/matkailu.samediggi.fi\/wp-content\/uploads\/2022\/02\/kartta_kulttuuri-1.jpg\",\"width\":728,\"height\":727,\"caption\":\"Illustrations: Sunna Kitti\"},{\"@type\":\"BreadcrumbList\",\"@id\":\"https:\/\/matkailu.samediggi.fi\/en\/saavutettavuusseloste\/#breadcrumb\",\"itemListElement\":[{\"@type\":\"ListItem\",\"position\":1,\"name\":\"Home\",\"item\":\"https:\/\/matkailu.samediggi.fi\/en\/\"},{\"@type\":\"ListItem\",\"position\":2,\"name\":\"Saavutettavuus&shy;seloste\"}]},{\"@type\":\"WebSite\",\"@id\":\"https:\/\/matkailu.samediggi.fi\/en\/#website\",\"url\":\"https:\/\/matkailu.samediggi.fi\/en\/\",\"name\":\"Saamelaismatkailu\",\"description\":\"\",\"publisher\":{\"@id\":\"https:\/\/matkailu.samediggi.fi\/en\/#organization\"},\"potentialAction\":[{\"@type\":\"SearchAction\",\"target\":{\"@type\":\"EntryPoint\",\"urlTemplate\":\"https:\/\/matkailu.samediggi.fi\/en\/?s={search_term_string}\"},\"query-input\":{\"@type\":\"PropertyValueSpecification\",\"valueRequired\":true,\"valueName\":\"search_term_string\"}}],\"inLanguage\":\"en-US\"},{\"@type\":\"Organization\",\"@id\":\"https:\/\/matkailu.samediggi.fi\/en\/#organization\",\"name\":\"Saamelaisk\u00e4r\u00e4j\u00e4t\",\"url\":\"https:\/\/matkailu.samediggi.fi\/en\/\",\"logo\":{\"@type\":\"ImageObject\",\"inLanguage\":\"en-US\",\"@id\":\"https:\/\/matkailu.samediggi.fi\/en\/#\/schema\/logo\/image\/\",\"url\":\"https:\/\/matkailu.samediggi.fi\/wp-content\/uploads\/2022\/02\/Samediggilogo_TxtAktiv-1.png\",\"contentUrl\":\"https:\/\/matkailu.samediggi.fi\/wp-content\/uploads\/2022\/02\/Samediggilogo_TxtAktiv-1.png\",\"width\":2490,\"height\":1044,\"caption\":\"Saamelaisk\u00e4r\u00e4j\u00e4t\"},\"image\":{\"@id\":\"https:\/\/matkailu.samediggi.fi\/en\/#\/schema\/logo\/image\/\"}}]}<\/script>\n<!-- \/ Yoast SEO plugin. -->","yoast_head_json":{"title":"Saavutettavuus&shy;seloste - Saamelaismatkailu","robots":{"index":"index","follow":"follow","max-snippet":"max-snippet:-1","max-image-preview":"max-image-preview:large","max-video-preview":"max-video-preview:-1"},"canonical":"https:\/\/matkailu.samediggi.fi\/en\/saavutettavuusseloste\/","og_locale":"en_US","og_type":"article","og_title":"Saavutettavuus&shy;seloste - Saamelaismatkailu","og_description":"T\u00e4m\u00e4 seloste koskee\u00a0matkailu.samediggi.fi\u00a0-verkkosivustoa. Verkkosivustoa koskee laki digitaalisten palvelujen tarjoamisesta. Lain mukaan julkisten verkkopalvelujen on oltava saavutettavia eli kaikilla tulee olla tasavertaiset mahdollisuudet k\u00e4ytt\u00e4\u00e4 verkkopalveluja.\u00a0Selosteessa kerrotaan, mit\u00e4 puutteita sivuston saavutettavuudessa on ja miten voit antaa palautetta sivuston saavutettavuudesta. Seloste on laadittu 31.1.2024.","og_url":"https:\/\/matkailu.samediggi.fi\/en\/saavutettavuusseloste\/","og_site_name":"Saamelaismatkailu","article_modified_time":"2025-06-09T12:21:03+00:00","og_image":[{"width":728,"height":727,"url":"https:\/\/matkailu.samediggi.fi\/wp-content\/uploads\/2022\/02\/kartta_kulttuuri-1.jpg","type":"image\/jpeg"}],"twitter_card":"summary_large_image","twitter_misc":{"Est. reading time":"2 minutes"},"schema":{"@context":"https:\/\/schema.org","@graph":[{"@type":"WebPage","@id":"https:\/\/matkailu.samediggi.fi\/en\/saavutettavuusseloste\/","url":"https:\/\/matkailu.samediggi.fi\/en\/saavutettavuusseloste\/","name":"Saavutettavuus&shy;seloste - Saamelaismatkailu","isPartOf":{"@id":"https:\/\/matkailu.samediggi.fi\/en\/#website"},"primaryImageOfPage":{"@id":"https:\/\/matkailu.samediggi.fi\/en\/saavutettavuusseloste\/#primaryimage"},"image":{"@id":"https:\/\/matkailu.samediggi.fi\/en\/saavutettavuusseloste\/#primaryimage"},"thumbnailUrl":"https:\/\/matkailu.samediggi.fi\/wp-content\/uploads\/2022\/02\/kartta_kulttuuri-1.jpg","datePublished":"2025-01-29T11:49:11+00:00","dateModified":"2025-06-09T12:21:03+00:00","breadcrumb":{"@id":"https:\/\/matkailu.samediggi.fi\/en\/saavutettavuusseloste\/#breadcrumb"},"inLanguage":"en-US","potentialAction":[{"@type":"ReadAction","target":["https:\/\/matkailu.samediggi.fi\/en\/saavutettavuusseloste\/"]}]},{"@type":"ImageObject","inLanguage":"en-US","@id":"https:\/\/matkailu.samediggi.fi\/en\/saavutettavuusseloste\/#primaryimage","url":"https:\/\/matkailu.samediggi.fi\/wp-content\/uploads\/2022\/02\/kartta_kulttuuri-1.jpg","contentUrl":"https:\/\/matkailu.samediggi.fi\/wp-content\/uploads\/2022\/02\/kartta_kulttuuri-1.jpg","width":728,"height":727,"caption":"Illustrations: Sunna Kitti"},{"@type":"BreadcrumbList","@id":"https:\/\/matkailu.samediggi.fi\/en\/saavutettavuusseloste\/#breadcrumb","itemListElement":[{"@type":"ListItem","position":1,"name":"Home","item":"https:\/\/matkailu.samediggi.fi\/en\/"},{"@type":"ListItem","position":2,"name":"Saavutettavuus&shy;seloste"}]},{"@type":"WebSite","@id":"https:\/\/matkailu.samediggi.fi\/en\/#website","url":"https:\/\/matkailu.samediggi.fi\/en\/","name":"Saamelaismatkailu","description":"","publisher":{"@id":"https:\/\/matkailu.samediggi.fi\/en\/#organization"},"potentialAction":[{"@type":"SearchAction","target":{"@type":"EntryPoint","urlTemplate":"https:\/\/matkailu.samediggi.fi\/en\/?s={search_term_string}"},"query-input":{"@type":"PropertyValueSpecification","valueRequired":true,"valueName":"search_term_string"}}],"inLanguage":"en-US"},{"@type":"Organization","@id":"https:\/\/matkailu.samediggi.fi\/en\/#organization","name":"Saamelaisk\u00e4r\u00e4j\u00e4t","url":"https:\/\/matkailu.samediggi.fi\/en\/","logo":{"@type":"ImageObject","inLanguage":"en-US","@id":"https:\/\/matkailu.samediggi.fi\/en\/#\/schema\/logo\/image\/","url":"https:\/\/matkailu.samediggi.fi\/wp-content\/uploads\/2022\/02\/Samediggilogo_TxtAktiv-1.png","contentUrl":"https:\/\/matkailu.samediggi.fi\/wp-content\/uploads\/2022\/02\/Samediggilogo_TxtAktiv-1.png","width":2490,"height":1044,"caption":"Saamelaisk\u00e4r\u00e4j\u00e4t"},"image":{"@id":"https:\/\/matkailu.samediggi.fi\/en\/#\/schema\/logo\/image\/"}}]}},"_links":{"self":[{"href":"https:\/\/matkailu.samediggi.fi\/en\/wp-json\/wp\/v2\/pages\/1825","targetHints":{"allow":["GET"]}}],"collection":[{"href":"https:\/\/matkailu.samediggi.fi\/en\/wp-json\/wp\/v2\/pages"}],"about":[{"href":"https:\/\/matkailu.samediggi.fi\/en\/wp-json\/wp\/v2\/types\/page"}],"author":[{"embeddable":true,"href":"https:\/\/matkailu.samediggi.fi\/en\/wp-json\/wp\/v2\/users\/8"}],"replies":[{"embeddable":true,"href":"https:\/\/matkailu.samediggi.fi\/en\/wp-json\/wp\/v2\/comments?post=1825"}],"version-history":[{"count":8,"href":"https:\/\/matkailu.samediggi.fi\/en\/wp-json\/wp\/v2\/pages\/1825\/revisions"}],"predecessor-version":[{"id":3904,"href":"https:\/\/matkailu.samediggi.fi\/en\/wp-json\/wp\/v2\/pages\/1825\/revisions\/3904"}],"wp:featuredmedia":[{"embeddable":true,"href":"https:\/\/matkailu.samediggi.fi\/en\/wp-json\/wp\/v2\/media\/199"}],"wp:attachment":[{"href":"https:\/\/matkailu.samediggi.fi\/en\/wp-json\/wp\/v2\/media?parent=1825"}],"curies":[{"name":"wp","href":"https:\/\/api.w.org\/{rel}","templated":true}]}}